{"id":572,"date":"2025-05-23T22:26:57","date_gmt":"2025-05-23T20:26:57","guid":{"rendered":"https:\/\/myguard.online\/?page_id=572"},"modified":"2025-05-23T22:33:18","modified_gmt":"2025-05-23T20:33:18","slug":"welcom","status":"publish","type":"page","link":"https:\/\/myguard.online\/en\/welcom\/","title":{"rendered":"Welcome"},"content":{"rendered":"<div data-elementor-type=\"wp-page\" data-elementor-id=\"572\" class=\"elementor elementor-572\">\n\t\t\t\t<div class=\"elementor-element elementor-element-6f3ff87 e-flex e-con-boxed e-con e-parent\" data-id=\"6f3ff87\" data-element_type=\"container\" data-e-type=\"container\">\n\t\t\t\t\t<div class=\"e-con-inner\">\n\t\t\t\t<div class=\"elementor-element elementor-element-7557578 elementor-widget elementor-widget-heading\" data-id=\"7557578\" data-element_type=\"widget\" data-e-type=\"widget\" data-widget_type=\"heading.default\">\n\t\t\t\t<div class=\"elementor-widget-container\">\n\t\t\t\t\t<h2 class=\"elementor-heading-title elementor-size-default\">V\u00e4lkommen \/ Welcome<\/h2>\t\t\t\t<\/div>\n\t\t\t\t<\/div>\n\t\t\t\t<div class=\"elementor-element elementor-element-beb0c58 elementor-widget elementor-widget-image\" data-id=\"beb0c58\" data-element_type=\"widget\" data-e-type=\"widget\" data-widget_type=\"image.default\">\n\t\t\t\t<div class=\"elementor-widget-container\">\n\t\t\t\t\t\t\t\t\t\t\t\t\t\t\t<img fetchpriority=\"high\" decoding=\"async\" width=\"1024\" height=\"901\" src=\"https:\/\/myguard.online\/wp-content\/uploads\/2025\/05\/48f85e90df807323a1f5bf9624c491e5-1-1024x901.webp\" class=\"attachment-large size-large wp-image-574\" alt=\"\" srcset=\"https:\/\/myguard.online\/wp-content\/uploads\/2025\/05\/48f85e90df807323a1f5bf9624c491e5-1-1024x901.webp 1024w, https:\/\/myguard.online\/wp-content\/uploads\/2025\/05\/48f85e90df807323a1f5bf9624c491e5-1-300x264.webp 300w, https:\/\/myguard.online\/wp-content\/uploads\/2025\/05\/48f85e90df807323a1f5bf9624c491e5-1-768x676.webp 768w, https:\/\/myguard.online\/wp-content\/uploads\/2025\/05\/48f85e90df807323a1f5bf9624c491e5-1-1536x1352.webp 1536w, https:\/\/myguard.online\/wp-content\/uploads\/2025\/05\/48f85e90df807323a1f5bf9624c491e5-1-14x12.webp 14w, https:\/\/myguard.online\/wp-content\/uploads\/2025\/05\/48f85e90df807323a1f5bf9624c491e5-1.webp 1582w\" sizes=\"(max-width: 1024px) 100vw, 1024px\" \/>\t\t\t\t\t\t\t\t\t\t\t\t\t\t\t<\/div>\n\t\t\t\t<\/div>\n\t\t\t\t\t<\/div>\n\t\t\t\t<\/div>\n\t\t<div class=\"elementor-element elementor-element-48c8dff e-flex e-con-boxed e-con e-parent\" data-id=\"48c8dff\" data-element_type=\"container\" data-e-type=\"container\">\n\t\t\t\t\t<div class=\"e-con-inner\">\n\t\t\t\t<div class=\"elementor-element elementor-element-e8a2967 elementor-widget elementor-widget-text-editor\" data-id=\"e8a2967\" data-element_type=\"widget\" data-e-type=\"widget\" data-widget_type=\"text-editor.default\">\n\t\t\t\t<div class=\"elementor-widget-container\">\n\t\t\t\t\t\t\t\t\t<p>Du har nu installerat MyGuard.online i din webbl\u00e4sare, ovan \u00e4r hur varningen f\u00f6r v\u00e5r test site p\u00e5 <a href=\"https:\/\/corsaire.nu\/\">https:\/\/corsaire.nu\/<\/a><span class=\"myguard-link-icon\"><img decoding=\"async\" style=\"height: 20px; margin-left: 0px;\" title=\"eDeceptive patterns\" src=\"moz-extension:\/\/877255fe-f267-453e-9de0-479635034b84\/assets\/icons\/icon-14.svg\" alt=\"eDeceptive patterns\" \/><img decoding=\"async\" style=\"height: 20px; margin-left: 2px;\" title=\"xClickbait\" src=\"moz-extension:\/\/877255fe-f267-453e-9de0-479635034b84\/assets\/icons\/icon-17.svg\" alt=\"xClickbait\" \/><img decoding=\"async\" style=\"height: 20px; margin-left: 2px;\" title=\"General blacklist\" src=\"moz-extension:\/\/877255fe-f267-453e-9de0-479635034b84\/assets\/icons\/icon-21.svg\" alt=\"General blacklist\" \/><span class=\"myguard-dot\">6<\/span><\/span><\/p><div class=\"myguard-tooltip\"><strong>Categories:<\/strong><br \/><img decoding=\"async\" style=\"height: 18px; vertical-align: middle; margin-right: 4px;\" src=\"moz-extension:\/\/877255fe-f267-453e-9de0-479635034b84\/assets\/icons\/icon-14.svg\" \/><b>eDeceptive patterns<\/b><br \/><small>Deceptive patterns (also known as dark patterns) are intentionally designed user interfaces or design tricks that mislead users into performing actions they wouldn&#8217;t otherwise do, such as unintentionally purchasing items or sharing personal data.<\/small><hr style=\"margin: 5px 0px;\" \/><img decoding=\"async\" style=\"height: 18px; vertical-align: middle; margin-right: 4px;\" src=\"moz-extension:\/\/877255fe-f267-453e-9de0-479635034b84\/assets\/icons\/icon-17.svg\" \/><b>xClickbait<\/b><br \/><small>This site has fraudulent information that is sensationalized or misleading only to get a click. The site might lead to content of dubious value or interest.<\/small><hr style=\"margin: 5px 0px;\" \/><img decoding=\"async\" style=\"height: 18px; vertical-align: middle; margin-right: 4px;\" src=\"moz-extension:\/\/877255fe-f267-453e-9de0-479635034b84\/assets\/icons\/icon-21.svg\" \/><b>General blacklist<\/b><br \/><small>General blacklists contain sites found on smaller or unofficial blacklists.<\/small><hr style=\"margin: 5px 0px;\" \/><img decoding=\"async\" style=\"height: 18px; vertical-align: middle; margin-right: 4px;\" src=\"moz-extension:\/\/877255fe-f267-453e-9de0-479635034b84\/assets\/icons\/icon-25.svg\" \/><b>Government<\/b><br \/><small>This site has been verified as government in a country.<\/small><hr style=\"margin: 5px 0px;\" \/><img decoding=\"async\" style=\"height: 18px; vertical-align: middle; margin-right: 4px;\" src=\"moz-extension:\/\/877255fe-f267-453e-9de0-479635034b84\/assets\/icons\/icon-29.svg\" \/><b>R\u00e5d &amp; R\u00f6n<\/b><br \/><small>Warning, the site or company is blacklisted by R\u00e5d &amp; R\u00f6n, we strongly advise you to not do business with this entity.<\/small><hr style=\"margin: 5px 0px;\" \/><img decoding=\"async\" style=\"height: 18px; vertical-align: middle; margin-right: 4px;\" src=\"moz-extension:\/\/877255fe-f267-453e-9de0-479635034b84\/assets\/icons\/icon-30.svg\" \/><b>HOAX<\/b><br \/><small>A hoax is a falsehood deliberately fabricated to masquerade as the truth. With todays AI technology so have this evolved and made it hard to spot.<\/small><\/div><p><span class=\"myguard-link-icon\"><\/span> ser ut. Som du noterar s\u00e5 syns varningen \u00e4ven vid l\u00e4nken h\u00e4r ovan. <\/p><p>L\u00e4nkar p\u00e5 sidor du bes\u00f6ker f\u00e5r samma tydliga varningar som ovan, MyGuard.online funkar i alla webbmail s\u00e5 som hotmail, gmail, proton, exchange och office365. <\/p><p>Webbl\u00e4sar till\u00e4gget \u00e4r helt underh\u00e5llsfritt och om vi vill byta spr\u00e5k p\u00e5 f\u00f6rklaringstexter och rubriker g\u00f6r du det genom att klicka p\u00e5 den bl\u00e5 ikonen i kontrollraden p\u00e5 din webbl\u00e4sare. Det \u00e4r den enda inst\u00e4llningen som finns.<\/p>\t\t\t\t\t\t\t\t<\/div>\n\t\t\t\t<\/div>\n\t\t\t\t\t<\/div>\n\t\t\t\t<\/div>\n\t\t<div class=\"elementor-element elementor-element-c819d20 e-flex e-con-boxed e-con e-parent\" data-id=\"c819d20\" data-element_type=\"container\" data-e-type=\"container\">\n\t\t\t\t\t<div class=\"e-con-inner\">\n\t\t\t\t<div class=\"elementor-element elementor-element-7e3e334 elementor-widget elementor-widget-video\" data-id=\"7e3e334\" data-element_type=\"widget\" data-e-type=\"widget\" data-settings=\"{&quot;youtube_url&quot;:&quot;https:\\\/\\\/www.youtube.com\\\/watch?v=XHOmBV4js_E&quot;,&quot;video_type&quot;:&quot;youtube&quot;,&quot;controls&quot;:&quot;yes&quot;}\" data-widget_type=\"video.default\">\n\t\t\t\t<div class=\"elementor-widget-container\">\n\t\t\t\t\t\t\t<div class=\"elementor-wrapper elementor-open-inline\">\n\t\t\t<div class=\"elementor-video\"><\/div>\t\t<\/div>\n\t\t\t\t\t\t<\/div>\n\t\t\t\t<\/div>\n\t\t\t\t\t<\/div>\n\t\t\t\t<\/div>\n\t\t\t\t<\/div>","protected":false},"excerpt":{"rendered":"<p>V\u00e4lkommen \/ Welcome Du har nu installerat MyGuard.online i din webbl\u00e4sare, ovan \u00e4r hur varningen f\u00f6r v\u00e5r test site p\u00e5 [&hellip;]<\/p>\n","protected":false},"author":1,"featured_media":0,"parent":0,"menu_order":0,"comment_status":"closed","ping_status":"closed","template":"elementor_header_footer","meta":{"site-sidebar-layout":"no-sidebar","site-content-layout":"","ast-site-content-layout":"full-width-container","site-content-style":"default","site-sidebar-style":"default","ast-global-header-display":"","ast-banner-title-visibility":"","ast-main-header-display":"","ast-hfb-above-header-display":"","ast-hfb-below-header-display":"","ast-hfb-mobile-header-display":"","site-post-title":"disabled","ast-breadcrumbs-content":"","ast-featured-img":"disabled","footer-sml-layout":"","theme-transparent-header-meta":"","adv-header-id-meta":"","stick-header-meta":"","header-above-stick-meta":"","header-main-stick-meta":"","header-below-stick-meta":"","astra-migrate-meta-layouts":"default","ast-page-background-enabled":"default","ast-page-background-meta":{"desktop":{"background-color":"var(--ast-global-color-5)","background-image":"","background-repeat":"repeat","background-position":"center center","background-size":"auto","background-attachment":"scroll","background-type":"","background-media":"","overlay-type":"","overlay-color":"","overlay-opacity":"","overlay-gradient":""},"tablet":{"background-color":"","background-image":"","background-repeat":"repeat","background-position":"center center","background-size":"auto","background-attachment":"scroll","background-type":"","background-media":"","overlay-type":"","overlay-color":"","overlay-opacity":"","overlay-gradient":""},"mobile":{"background-color":"","background-image":"","background-repeat":"repeat","background-position":"center center","background-size":"auto","background-attachment":"scroll","background-type":"","background-media":"","overlay-type":"","overlay-color":"","overlay-opacity":"","overlay-gradient":""}},"ast-content-background-meta":{"desktop":{"background-color":"var(--ast-global-color-4)","background-image":"","background-repeat":"repeat","background-position":"center center","background-size":"auto","background-attachment":"scroll","background-type":"","background-media":"","overlay-type":"","overlay-color":"","overlay-opacity":"","overlay-gradient":""},"tablet":{"background-color":"var(--ast-global-color-4)","background-image":"","background-repeat":"repeat","background-position":"center center","background-size":"auto","background-attachment":"scroll","background-type":"","background-media":"","overlay-type":"","overlay-color":"","overlay-opacity":"","overlay-gradient":""},"mobile":{"background-color":"var(--ast-global-color-4)","background-image":"","background-repeat":"repeat","background-position":"center center","background-size":"auto","background-attachment":"scroll","background-type":"","background-media":"","overlay-type":"","overlay-color":"","overlay-opacity":"","overlay-gradient":""}},"footnotes":""},"class_list":["post-572","page","type-page","status-publish","hentry"],"yoast_head":"<!-- This site is optimized with the Yoast SEO plugin v27.5 - https:\/\/yoast.com\/product\/yoast-seo-wordpress\/ -->\n<title>Welcome - D\u00e4r teknologi m\u00f6ter tillit.<\/title>\n<meta name=\"robots\" content=\"index, follow, max-snippet:-1, max-image-preview:large, max-video-preview:-1\" \/>\n<link rel=\"canonical\" href=\"https:\/\/myguard.online\/en\/welcom\/\" \/>\n<meta property=\"og:locale\" content=\"en_GB\" \/>\n<meta property=\"og:type\" content=\"article\" \/>\n<meta property=\"og:title\" content=\"Welcome - D\u00e4r teknologi m\u00f6ter tillit.\" \/>\n<meta property=\"og:description\" content=\"V\u00e4lkommen \/ Welcome Du har nu installerat MyGuard.online i din webbl\u00e4sare, ovan \u00e4r hur varningen f\u00f6r v\u00e5r test site p\u00e5 [&hellip;]\" \/>\n<meta property=\"og:url\" content=\"https:\/\/myguard.online\/en\/welcom\/\" \/>\n<meta property=\"og:site_name\" content=\"D\u00e4r teknologi m\u00f6ter tillit.\" \/>\n<meta property=\"article:publisher\" content=\"https:\/\/www.facebook.com\/myguard.online\" \/>\n<meta property=\"article:modified_time\" content=\"2025-05-23T20:33:18+00:00\" \/>\n<meta property=\"og:image\" content=\"https:\/\/myguard.online\/wp-content\/uploads\/2025\/05\/48f85e90df807323a1f5bf9624c491e5-1.webp\" \/>\n\t<meta property=\"og:image:width\" content=\"1582\" \/>\n\t<meta property=\"og:image:height\" content=\"1392\" \/>\n\t<meta property=\"og:image:type\" content=\"image\/webp\" \/>\n<meta name=\"twitter:card\" content=\"summary_large_image\" \/>\n<meta name=\"twitter:site\" content=\"@MyGuard_Online\" \/>\n<meta name=\"twitter:label1\" content=\"Estimated reading time\" \/>\n\t<meta name=\"twitter:data1\" content=\"1 minute\" \/>\n<script type=\"application\/ld+json\" class=\"yoast-schema-graph\">{\"@context\":\"https:\\\/\\\/schema.org\",\"@graph\":[{\"@type\":\"WebPage\",\"@id\":\"https:\\\/\\\/myguard.online\\\/welcom\\\/\",\"url\":\"https:\\\/\\\/myguard.online\\\/welcom\\\/\",\"name\":\"Welcome - D\u00e4r teknologi m\u00f6ter tillit.\",\"isPartOf\":{\"@id\":\"https:\\\/\\\/myguard.online\\\/#website\"},\"primaryImageOfPage\":{\"@id\":\"https:\\\/\\\/myguard.online\\\/welcom\\\/#primaryimage\"},\"image\":{\"@id\":\"https:\\\/\\\/myguard.online\\\/welcom\\\/#primaryimage\"},\"thumbnailUrl\":\"https:\\\/\\\/myguard.online\\\/wp-content\\\/uploads\\\/2025\\\/05\\\/48f85e90df807323a1f5bf9624c491e5-1-1024x901.webp\",\"datePublished\":\"2025-05-23T20:26:57+00:00\",\"dateModified\":\"2025-05-23T20:33:18+00:00\",\"breadcrumb\":{\"@id\":\"https:\\\/\\\/myguard.online\\\/welcom\\\/#breadcrumb\"},\"inLanguage\":\"en-GB\",\"potentialAction\":[{\"@type\":\"ReadAction\",\"target\":[\"https:\\\/\\\/myguard.online\\\/welcom\\\/\"]}]},{\"@type\":\"ImageObject\",\"inLanguage\":\"en-GB\",\"@id\":\"https:\\\/\\\/myguard.online\\\/welcom\\\/#primaryimage\",\"url\":\"https:\\\/\\\/myguard.online\\\/wp-content\\\/uploads\\\/2025\\\/05\\\/48f85e90df807323a1f5bf9624c491e5-1-1024x901.webp\",\"contentUrl\":\"https:\\\/\\\/myguard.online\\\/wp-content\\\/uploads\\\/2025\\\/05\\\/48f85e90df807323a1f5bf9624c491e5-1-1024x901.webp\"},{\"@type\":\"BreadcrumbList\",\"@id\":\"https:\\\/\\\/myguard.online\\\/welcom\\\/#breadcrumb\",\"itemListElement\":[{\"@type\":\"ListItem\",\"position\":1,\"name\":\"Hem\",\"item\":\"https:\\\/\\\/myguard.online\\\/\"},{\"@type\":\"ListItem\",\"position\":2,\"name\":\"Welcome\"}]},{\"@type\":\"WebSite\",\"@id\":\"https:\\\/\\\/myguard.online\\\/#website\",\"url\":\"https:\\\/\\\/myguard.online\\\/\",\"name\":\"D\u00e4r teknologi m\u00f6ter tillit.\",\"description\":\"D\u00e4r teknologi m\u00f6ter tillit.\",\"publisher\":{\"@id\":\"https:\\\/\\\/myguard.online\\\/#organization\"},\"potentialAction\":[{\"@type\":\"SearchAction\",\"target\":{\"@type\":\"EntryPoint\",\"urlTemplate\":\"https:\\\/\\\/myguard.online\\\/?s={search_term_string}\"},\"query-input\":{\"@type\":\"PropertyValueSpecification\",\"valueRequired\":true,\"valueName\":\"search_term_string\"}}],\"inLanguage\":\"en-GB\"},{\"@type\":\"Organization\",\"@id\":\"https:\\\/\\\/myguard.online\\\/#organization\",\"name\":\"MyGuard.online\",\"url\":\"https:\\\/\\\/myguard.online\\\/\",\"logo\":{\"@type\":\"ImageObject\",\"inLanguage\":\"en-GB\",\"@id\":\"https:\\\/\\\/myguard.online\\\/#\\\/schema\\\/logo\\\/image\\\/\",\"url\":\"https:\\\/\\\/myguard.online\\\/wp-content\\\/uploads\\\/2025\\\/05\\\/myguard_logo_01-removebg-preview-_5_.svg\",\"contentUrl\":\"https:\\\/\\\/myguard.online\\\/wp-content\\\/uploads\\\/2025\\\/05\\\/myguard_logo_01-removebg-preview-_5_.svg\",\"width\":633,\"height\":195,\"caption\":\"MyGuard.online\"},\"image\":{\"@id\":\"https:\\\/\\\/myguard.online\\\/#\\\/schema\\\/logo\\\/image\\\/\"},\"sameAs\":[\"https:\\\/\\\/www.facebook.com\\\/myguard.online\",\"https:\\\/\\\/x.com\\\/MyGuard_Online\",\"https:\\\/\\\/bsky.app\\\/profile\\\/myguard.online\"]}]}<\/script>\n<!-- \/ Yoast SEO plugin. -->","yoast_head_json":{"title":"Welcome - D\u00e4r teknologi m\u00f6ter tillit.","robots":{"index":"index","follow":"follow","max-snippet":"max-snippet:-1","max-image-preview":"max-image-preview:large","max-video-preview":"max-video-preview:-1"},"canonical":"https:\/\/myguard.online\/en\/welcom\/","og_locale":"en_GB","og_type":"article","og_title":"Welcome - D\u00e4r teknologi m\u00f6ter tillit.","og_description":"V\u00e4lkommen \/ Welcome Du har nu installerat MyGuard.online i din webbl\u00e4sare, ovan \u00e4r hur varningen f\u00f6r v\u00e5r test site p\u00e5 [&hellip;]","og_url":"https:\/\/myguard.online\/en\/welcom\/","og_site_name":"D\u00e4r teknologi m\u00f6ter tillit.","article_publisher":"https:\/\/www.facebook.com\/myguard.online","article_modified_time":"2025-05-23T20:33:18+00:00","og_image":[{"width":1582,"height":1392,"url":"https:\/\/myguard.online\/wp-content\/uploads\/2025\/05\/48f85e90df807323a1f5bf9624c491e5-1.webp","type":"image\/webp"}],"twitter_card":"summary_large_image","twitter_site":"@MyGuard_Online","twitter_misc":{"Estimated reading time":"1 minute"},"schema":{"@context":"https:\/\/schema.org","@graph":[{"@type":"WebPage","@id":"https:\/\/myguard.online\/welcom\/","url":"https:\/\/myguard.online\/welcom\/","name":"Welcome - D\u00e4r teknologi m\u00f6ter tillit.","isPartOf":{"@id":"https:\/\/myguard.online\/#website"},"primaryImageOfPage":{"@id":"https:\/\/myguard.online\/welcom\/#primaryimage"},"image":{"@id":"https:\/\/myguard.online\/welcom\/#primaryimage"},"thumbnailUrl":"https:\/\/myguard.online\/wp-content\/uploads\/2025\/05\/48f85e90df807323a1f5bf9624c491e5-1-1024x901.webp","datePublished":"2025-05-23T20:26:57+00:00","dateModified":"2025-05-23T20:33:18+00:00","breadcrumb":{"@id":"https:\/\/myguard.online\/welcom\/#breadcrumb"},"inLanguage":"en-GB","potentialAction":[{"@type":"ReadAction","target":["https:\/\/myguard.online\/welcom\/"]}]},{"@type":"ImageObject","inLanguage":"en-GB","@id":"https:\/\/myguard.online\/welcom\/#primaryimage","url":"https:\/\/myguard.online\/wp-content\/uploads\/2025\/05\/48f85e90df807323a1f5bf9624c491e5-1-1024x901.webp","contentUrl":"https:\/\/myguard.online\/wp-content\/uploads\/2025\/05\/48f85e90df807323a1f5bf9624c491e5-1-1024x901.webp"},{"@type":"BreadcrumbList","@id":"https:\/\/myguard.online\/welcom\/#breadcrumb","itemListElement":[{"@type":"ListItem","position":1,"name":"Hem","item":"https:\/\/myguard.online\/"},{"@type":"ListItem","position":2,"name":"Welcome"}]},{"@type":"WebSite","@id":"https:\/\/myguard.online\/#website","url":"https:\/\/myguard.online\/","name":"D\u00e4r teknologi m\u00f6ter tillit.","description":"D\u00e4r teknologi m\u00f6ter tillit.","publisher":{"@id":"https:\/\/myguard.online\/#organization"},"potentialAction":[{"@type":"SearchAction","target":{"@type":"EntryPoint","urlTemplate":"https:\/\/myguard.online\/?s={search_term_string}"},"query-input":{"@type":"PropertyValueSpecification","valueRequired":true,"valueName":"search_term_string"}}],"inLanguage":"en-GB"},{"@type":"Organization","@id":"https:\/\/myguard.online\/#organization","name":"MyGuard.online","url":"https:\/\/myguard.online\/","logo":{"@type":"ImageObject","inLanguage":"en-GB","@id":"https:\/\/myguard.online\/#\/schema\/logo\/image\/","url":"https:\/\/myguard.online\/wp-content\/uploads\/2025\/05\/myguard_logo_01-removebg-preview-_5_.svg","contentUrl":"https:\/\/myguard.online\/wp-content\/uploads\/2025\/05\/myguard_logo_01-removebg-preview-_5_.svg","width":633,"height":195,"caption":"MyGuard.online"},"image":{"@id":"https:\/\/myguard.online\/#\/schema\/logo\/image\/"},"sameAs":["https:\/\/www.facebook.com\/myguard.online","https:\/\/x.com\/MyGuard_Online","https:\/\/bsky.app\/profile\/myguard.online"]}]}},"_links":{"self":[{"href":"https:\/\/myguard.online\/en\/wp-json\/wp\/v2\/pages\/572","targetHints":{"allow":["GET"]}}],"collection":[{"href":"https:\/\/myguard.online\/en\/wp-json\/wp\/v2\/pages"}],"about":[{"href":"https:\/\/myguard.online\/en\/wp-json\/wp\/v2\/types\/page"}],"author":[{"embeddable":true,"href":"https:\/\/myguard.online\/en\/wp-json\/wp\/v2\/users\/1"}],"replies":[{"embeddable":true,"href":"https:\/\/myguard.online\/en\/wp-json\/wp\/v2\/comments?post=572"}],"version-history":[{"count":13,"href":"https:\/\/myguard.online\/en\/wp-json\/wp\/v2\/pages\/572\/revisions"}],"predecessor-version":[{"id":587,"href":"https:\/\/myguard.online\/en\/wp-json\/wp\/v2\/pages\/572\/revisions\/587"}],"wp:attachment":[{"href":"https:\/\/myguard.online\/en\/wp-json\/wp\/v2\/media?parent=572"}],"curies":[{"name":"wp","href":"https:\/\/api.w.org\/{rel}","templated":true}]}}