{"id":564,"date":"2025-05-16T10:42:27","date_gmt":"2025-05-16T08:42:27","guid":{"rendered":"https:\/\/myguard.online\/?page_id=564"},"modified":"2025-05-16T10:56:07","modified_gmt":"2025-05-16T08:56:07","slug":"compliance-2","status":"publish","type":"page","link":"https:\/\/myguard.online\/en\/compliance-2\/","title":{"rendered":"Compliance"},"content":{"rendered":"<div data-elementor-type=\"wp-page\" data-elementor-id=\"564\" class=\"elementor elementor-564\">\n\t\t\t\t<div class=\"elementor-element elementor-element-9a5ca78 e-flex e-con-boxed e-con e-parent\" data-id=\"9a5ca78\" data-element_type=\"container\" data-e-type=\"container\">\n\t\t\t\t\t<div class=\"e-con-inner\">\n\t\t\t\t<div class=\"elementor-element elementor-element-6e6a182 elementor-widget elementor-widget-heading\" data-id=\"6e6a182\" data-element_type=\"widget\" data-e-type=\"widget\" data-widget_type=\"heading.default\">\n\t\t\t\t<div class=\"elementor-widget-container\">\n\t\t\t\t\t<h2 class=\"elementor-heading-title elementor-size-default\">Consulting services compliance and sanctions\/debarrment<\/h2>\t\t\t\t<\/div>\n\t\t\t\t<\/div>\n\t\t\t\t<div class=\"elementor-element elementor-element-5d47835 elementor-widget elementor-widget-image\" data-id=\"5d47835\" data-element_type=\"widget\" data-e-type=\"widget\" data-widget_type=\"image.default\">\n\t\t\t\t<div class=\"elementor-widget-container\">\n\t\t\t\t\t\t\t\t\t\t\t\t\t\t\t<img fetchpriority=\"high\" decoding=\"async\" width=\"1024\" height=\"682\" src=\"https:\/\/myguard.online\/wp-content\/uploads\/2025\/05\/ChatGPT-Image-16-maj-2025-10_49_14-1024x682.png\" class=\"attachment-large size-large wp-image-566\" alt=\"\" srcset=\"https:\/\/myguard.online\/wp-content\/uploads\/2025\/05\/ChatGPT-Image-16-maj-2025-10_49_14-1024x682.png 1024w, https:\/\/myguard.online\/wp-content\/uploads\/2025\/05\/ChatGPT-Image-16-maj-2025-10_49_14-300x200.png 300w, https:\/\/myguard.online\/wp-content\/uploads\/2025\/05\/ChatGPT-Image-16-maj-2025-10_49_14-768x512.png 768w, https:\/\/myguard.online\/wp-content\/uploads\/2025\/05\/ChatGPT-Image-16-maj-2025-10_49_14-18x12.png 18w, https:\/\/myguard.online\/wp-content\/uploads\/2025\/05\/ChatGPT-Image-16-maj-2025-10_49_14.png 1105w\" sizes=\"(max-width: 1024px) 100vw, 1024px\" \/>\t\t\t\t\t\t\t\t\t\t\t\t\t\t\t<\/div>\n\t\t\t\t<\/div>\n\t\t\t\t<div class=\"elementor-element elementor-element-2101881 elementor-widget elementor-widget-text-editor\" data-id=\"2101881\" data-element_type=\"widget\" data-e-type=\"widget\" data-widget_type=\"text-editor.default\">\n\t\t\t\t<div class=\"elementor-widget-container\">\n\t\t\t\t\t\t\t\t\t<ul><li><div class=\"css-146c3p1 r-bcqeeo r-1ttztb7 r-qvutc0 r-37j5jr r-a023e6 r-rjixqe r-16dba41\" dir=\"ltr\"><span class=\"css-1jxf684 r-bcqeeo r-1ttztb7 r-qvutc0 r-poiln3 r-b88u0q r-a8ghvy\"><span class=\"css-1jxf684 r-bcqeeo r-1ttztb7 r-qvutc0 r-poiln3\"><span class=\"css-1jxf684 r-bcqeeo r-1ttztb7 r-qvutc0 r-poiln3 r-a8ghvy\">E-Commerce Compliance<\/span><\/span><\/span><span class=\"css-1jxf684 r-bcqeeo r-1ttztb7 r-qvutc0 r-poiln3 r-a8ghvy\"><span class=\"css-1jxf684 r-bcqeeo r-1ttztb7 r-qvutc0 r-poiln3\">:<\/span><\/span><\/div><ul><li><div class=\"css-146c3p1 r-bcqeeo r-1ttztb7 r-qvutc0 r-37j5jr r-a023e6 r-rjixqe r-16dba41\" dir=\"ltr\"><span class=\"css-1jxf684 r-bcqeeo r-1ttztb7 r-qvutc0 r-poiln3 r-a8ghvy\"><span class=\"css-1jxf684 r-bcqeeo r-1ttztb7 r-qvutc0 r-poiln3\">GDPR: Data protection, user consent, data breach reporting (72-hour requirement).<\/span><\/span><div class=\"omit-from-copy\"><div class=\"css-175oi2r r-1awozwy r-xoduu5 r-1777fci r-3t4u6i r-9iso6\"><div class=\"css-175oi2r r-xoduu5\"><div class=\"css-175oi2r r-1mlwlqe r-1udh08x r-417010 r-xoduu5 r-14g73ha r-1b94p3d\"><div class=\"css-175oi2r r-xoduu5 r-1niwhzg r-vvn4in r-u6sd8q r-1p0dtai r-1pi2tsx r-1d2f490 r-u8s1d r-zchlnj r-ipm5af r-13qz1uu r-1wyyakw r-4gszlv\">\u00a0<\/div><\/div><\/div><\/div><\/div><\/div><\/li><li><div class=\"css-146c3p1 r-bcqeeo r-1ttztb7 r-qvutc0 r-37j5jr r-a023e6 r-rjixqe r-16dba41\" dir=\"ltr\"><span class=\"css-1jxf684 r-bcqeeo r-1ttztb7 r-qvutc0 r-poiln3 r-a8ghvy\"><span class=\"css-1jxf684 r-bcqeeo r-1ttztb7 r-qvutc0 r-poiln3\">NIS2: Cybersecurity for digital providers, incident reporting within 24 hours.<\/span><\/span><div class=\"omit-from-copy\"><div class=\"css-175oi2r r-1awozwy r-xoduu5 r-1777fci r-3t4u6i r-9iso6\"><div class=\"css-175oi2r r-xoduu5\"><div class=\"css-175oi2r r-1mlwlqe r-1udh08x r-417010 r-xoduu5 r-14g73ha r-1b94p3d\"><div class=\"css-175oi2r r-xoduu5 r-1niwhzg r-vvn4in r-u6sd8q r-1p0dtai r-1pi2tsx r-1d2f490 r-u8s1d r-zchlnj r-ipm5af r-13qz1uu r-1wyyakw r-4gszlv\">\u00a0<\/div><\/div><\/div><\/div><\/div><\/div><\/li><li><div class=\"css-146c3p1 r-bcqeeo r-1ttztb7 r-qvutc0 r-37j5jr r-a023e6 r-rjixqe r-16dba41\" dir=\"ltr\"><span class=\"css-1jxf684 r-bcqeeo r-1ttztb7 r-qvutc0 r-poiln3 r-a8ghvy\"><span class=\"css-1jxf684 r-bcqeeo r-1ttztb7 r-qvutc0 r-poiln3\">PCI DSS: Secure payment processing for online retailers.<\/span><\/span><div class=\"omit-from-copy\"><div class=\"css-175oi2r r-1awozwy r-xoduu5 r-1777fci r-3t4u6i r-9iso6\"><div class=\"css-175oi2r r-xoduu5\"><div class=\"css-175oi2r r-1mlwlqe r-1udh08x r-417010 r-xoduu5 r-14g73ha r-1b94p3d\"><div class=\"css-175oi2r r-xoduu5 r-1niwhzg r-vvn4in r-u6sd8q r-1p0dtai r-1pi2tsx r-1d2f490 r-u8s1d r-zchlnj r-ipm5af r-13qz1uu r-1wyyakw r-4gszlv\">\u00a0<\/div><\/div><\/div><\/div><\/div><\/div><\/li><li><div class=\"css-146c3p1 r-bcqeeo r-1ttztb7 r-qvutc0 r-37j5jr r-a023e6 r-rjixqe r-16dba41\" dir=\"ltr\"><span class=\"css-1jxf684 r-bcqeeo r-1ttztb7 r-qvutc0 r-poiln3 r-a8ghvy\"><span class=\"css-1jxf684 r-bcqeeo r-1ttztb7 r-qvutc0 r-poiln3\">Consumer Protection: Compliance with EU\/Swedish e-commerce laws (e.g., right of withdrawal, transparent pricing).<\/span><\/span><\/div><\/li><\/ul><\/li><li><div class=\"css-146c3p1 r-bcqeeo r-1ttztb7 r-qvutc0 r-37j5jr r-a023e6 r-rjixqe r-16dba41\" dir=\"ltr\"><span class=\"css-1jxf684 r-bcqeeo r-1ttztb7 r-qvutc0 r-poiln3 r-b88u0q r-a8ghvy\"><span class=\"css-1jxf684 r-bcqeeo r-1ttztb7 r-qvutc0 r-poiln3\"><span class=\"css-1jxf684 r-bcqeeo r-1ttztb7 r-qvutc0 r-poiln3 r-a8ghvy\">ISO Standards<\/span><\/span><\/span><span class=\"css-1jxf684 r-bcqeeo r-1ttztb7 r-qvutc0 r-poiln3 r-a8ghvy\"><span class=\"css-1jxf684 r-bcqeeo r-1ttztb7 r-qvutc0 r-poiln3\">:<\/span><\/span><\/div><ul><li><div class=\"css-146c3p1 r-bcqeeo r-1ttztb7 r-qvutc0 r-37j5jr r-a023e6 r-rjixqe r-16dba41\" dir=\"ltr\"><span class=\"css-1jxf684 r-bcqeeo r-1ttztb7 r-qvutc0 r-poiln3 r-a8ghvy\"><span class=\"css-1jxf684 r-bcqeeo r-1ttztb7 r-qvutc0 r-poiln3\">ISO 27001: Information Security Management System (ISMS) implementation, audits, and certification support.<\/span><\/span><div class=\"omit-from-copy\"><div class=\"css-175oi2r r-1awozwy r-xoduu5 r-1777fci r-3t4u6i r-9iso6\"><div class=\"css-175oi2r r-xoduu5\">\u00a0<\/div><\/div><\/div><\/div><\/li><li><div class=\"css-146c3p1 r-bcqeeo r-1ttztb7 r-qvutc0 r-37j5jr r-a023e6 r-rjixqe r-16dba41\" dir=\"ltr\"><span class=\"css-1jxf684 r-bcqeeo r-1ttztb7 r-qvutc0 r-poiln3 r-a8ghvy\"><span class=\"css-1jxf684 r-bcqeeo r-1ttztb7 r-qvutc0 r-poiln3\">ISO 62443: Cybersecurity for industrial automation and control systems (OT-specific). Ideal for manufacturing\/energy clients.<\/span><\/span><\/div><\/li><li><div class=\"css-146c3p1 r-bcqeeo r-1ttztb7 r-qvutc0 r-37j5jr r-a023e6 r-rjixqe r-16dba41\" dir=\"ltr\"><span class=\"css-1jxf684 r-bcqeeo r-1ttztb7 r-qvutc0 r-poiln3 r-a8ghvy\"><span class=\"css-1jxf684 r-bcqeeo r-1ttztb7 r-qvutc0 r-poiln3\">Other ISO standards (e.g., ISO 22301 for business continuity, ISO 9001 for quality management if applicable).<\/span><\/span><div class=\"omit-from-copy\"><div class=\"css-175oi2r r-1awozwy r-xoduu5 r-1777fci r-3t4u6i r-9iso6\"><div class=\"css-175oi2r r-xoduu5\">\u00a0<\/div><\/div><\/div><\/div><\/li><\/ul><\/li><li><div class=\"css-146c3p1 r-bcqeeo r-1ttztb7 r-qvutc0 r-37j5jr r-a023e6 r-rjixqe r-16dba41\" dir=\"ltr\"><span class=\"css-1jxf684 r-bcqeeo r-1ttztb7 r-qvutc0 r-poiln3 r-b88u0q r-a8ghvy\"><span class=\"css-1jxf684 r-bcqeeo r-1ttztb7 r-qvutc0 r-poiln3\"><span class=\"css-1jxf684 r-bcqeeo r-1ttztb7 r-qvutc0 r-poiln3 r-a8ghvy\">NIS\/NIS2 Compliance<\/span><\/span><\/span><span class=\"css-1jxf684 r-bcqeeo r-1ttztb7 r-qvutc0 r-poiln3 r-a8ghvy\"><span class=\"css-1jxf684 r-bcqeeo r-1ttztb7 r-qvutc0 r-poiln3\">:<\/span><\/span><\/div><ul><li><div class=\"css-146c3p1 r-bcqeeo r-1ttztb7 r-qvutc0 r-37j5jr r-a023e6 r-rjixqe r-16dba41\" dir=\"ltr\"><span class=\"css-1jxf684 r-bcqeeo r-1ttztb7 r-qvutc0 r-poiln3 r-a8ghvy\"><span class=\"css-1jxf684 r-bcqeeo r-1ttztb7 r-qvutc0 r-poiln3\">Risk assessments, supply chain security, and incident reporting for essential\/important entities.<\/span><\/span><div class=\"omit-from-copy\"><div class=\"css-175oi2r r-1awozwy r-xoduu5 r-1777fci r-3t4u6i r-9iso6\"><div class=\"css-175oi2r r-xoduu5\">\u00a0<\/div><\/div><\/div><\/div><\/li><li><div class=\"css-146c3p1 r-bcqeeo r-1ttztb7 r-qvutc0 r-37j5jr r-a023e6 r-rjixqe r-16dba41\" dir=\"ltr\"><span class=\"css-1jxf684 r-bcqeeo r-1ttztb7 r-qvutc0 r-poiln3 r-a8ghvy\"><span class=\"css-1jxf684 r-bcqeeo r-1ttztb7 r-qvutc0 r-poiln3\">Support for Sweden\u2019s NIS2 transposition (e.g., Lag 2018:1174).<\/span><\/span><div class=\"omit-from-copy\"><div class=\"css-175oi2r r-1awozwy r-xoduu5 r-1777fci r-3t4u6i r-9iso6\"><div class=\"css-175oi2r r-xoduu5\">\u00a0<\/div><\/div><\/div><\/div><\/li><\/ul><\/li><li><div class=\"css-146c3p1 r-bcqeeo r-1ttztb7 r-qvutc0 r-37j5jr r-a023e6 r-rjixqe r-16dba41\" dir=\"ltr\"><span class=\"css-1jxf684 r-bcqeeo r-1ttztb7 r-qvutc0 r-poiln3 r-b88u0q r-a8ghvy\"><span class=\"css-1jxf684 r-bcqeeo r-1ttztb7 r-qvutc0 r-poiln3\"><span class=\"css-1jxf684 r-bcqeeo r-1ttztb7 r-qvutc0 r-poiln3 r-a8ghvy\">NIST<\/span><\/span><\/span><span class=\"css-1jxf684 r-bcqeeo r-1ttztb7 r-qvutc0 r-poiln3 r-a8ghvy\"><span class=\"css-1jxf684 r-bcqeeo r-1ttztb7 r-qvutc0 r-poiln3\">:<\/span><\/span><\/div><ul><li><div class=\"css-146c3p1 r-bcqeeo r-1ttztb7 r-qvutc0 r-37j5jr r-a023e6 r-rjixqe r-16dba41\" dir=\"ltr\"><span class=\"css-1jxf684 r-bcqeeo r-1ttztb7 r-qvutc0 r-poiln3 r-a8ghvy\"><span class=\"css-1jxf684 r-bcqeeo r-1ttztb7 r-qvutc0 r-poiln3\">NIST Cybersecurity Framework (CSF) implementation for clients aligning with US standards or global best practices.<\/span><\/span><div class=\"omit-from-copy\"><div class=\"css-175oi2r r-1awozwy r-xoduu5 r-1777fci r-3t4u6i r-9iso6\"><div class=\"css-175oi2r r-xoduu5\"><div class=\"css-175oi2r r-1mlwlqe r-1udh08x r-417010 r-xoduu5 r-14g73ha r-1b94p3d\"><div class=\"css-175oi2r r-xoduu5 r-1niwhzg r-vvn4in r-u6sd8q r-1p0dtai r-1pi2tsx r-1d2f490 r-u8s1d r-zchlnj r-ipm5af r-13qz1uu r-1wyyakw r-4gszlv\">\u00a0<\/div><\/div><\/div><\/div><\/div><\/div><\/li><\/ul><\/li><li><div class=\"css-146c3p1 r-bcqeeo r-1ttztb7 r-qvutc0 r-37j5jr r-a023e6 r-rjixqe r-16dba41\" dir=\"ltr\"><span class=\"css-1jxf684 r-bcqeeo r-1ttztb7 r-qvutc0 r-poiln3 r-b88u0q r-a8ghvy\"><span class=\"css-1jxf684 r-bcqeeo r-1ttztb7 r-qvutc0 r-poiln3\"><span class=\"css-1jxf684 r-bcqeeo r-1ttztb7 r-qvutc0 r-poiln3 r-a8ghvy\">OT Compliance<\/span><\/span><\/span><span class=\"css-1jxf684 r-bcqeeo r-1ttztb7 r-qvutc0 r-poiln3 r-a8ghvy\"><span class=\"css-1jxf684 r-bcqeeo r-1ttztb7 r-qvutc0 r-poiln3\">:<\/span><\/span><\/div><ul><li><div class=\"css-146c3p1 r-bcqeeo r-1ttztb7 r-qvutc0 r-37j5jr r-a023e6 r-rjixqe r-16dba41\" dir=\"ltr\"><span class=\"css-1jxf684 r-bcqeeo r-1ttztb7 r-qvutc0 r-poiln3 r-a8ghvy\"><span class=\"css-1jxf684 r-bcqeeo r-1ttztb7 r-qvutc0 r-poiln3\">Tailored solutions for industrial clients, covering ISO 62443, NIS2, and NIST controls for operational technology.<\/span><\/span><\/div><\/li><li><div class=\"css-146c3p1 r-bcqeeo r-1ttztb7 r-qvutc0 r-37j5jr r-a023e6 r-rjixqe r-16dba41\" dir=\"ltr\"><span class=\"css-1jxf684 r-bcqeeo r-1ttztb7 r-qvutc0 r-poiln3 r-a8ghvy\"><span class=\"css-1jxf684 r-bcqeeo r-1ttztb7 r-qvutc0 r-poiln3\">Focus on business continuity and supply chain resilience.<\/span><\/span><div class=\"omit-from-copy\"><div class=\"css-175oi2r r-1awozwy r-xoduu5 r-1777fci r-3t4u6i r-9iso6\"><div class=\"css-175oi2r r-xoduu5\"><div class=\"css-175oi2r r-1mlwlqe r-1udh08x r-417010 r-xoduu5 r-14g73ha r-1b94p3d\"><div class=\"css-175oi2r r-xoduu5 r-1niwhzg r-vvn4in r-u6sd8q r-1p0dtai r-1pi2tsx r-1d2f490 r-u8s1d r-zchlnj r-ipm5af r-13qz1uu r-1wyyakw r-4gszlv\">\u00a0<\/div><\/div><\/div><\/div><\/div><\/div><\/li><\/ul><\/li><li><div class=\"css-146c3p1 r-bcqeeo r-1ttztb7 r-qvutc0 r-37j5jr r-a023e6 r-rjixqe r-16dba41\" dir=\"ltr\"><span class=\"css-1jxf684 r-bcqeeo r-1ttztb7 r-qvutc0 r-poiln3 r-b88u0q r-a8ghvy\"><span class=\"css-1jxf684 r-bcqeeo r-1ttztb7 r-qvutc0 r-poiln3\"><span class=\"css-1jxf684 r-bcqeeo r-1ttztb7 r-qvutc0 r-poiln3 r-a8ghvy\">Other Services<\/span><\/span><\/span><span class=\"css-1jxf684 r-bcqeeo r-1ttztb7 r-qvutc0 r-poiln3 r-a8ghvy\"><span class=\"css-1jxf684 r-bcqeeo r-1ttztb7 r-qvutc0 r-poiln3\">:<\/span><\/span><\/div><ul><li><div class=\"css-146c3p1 r-bcqeeo r-1ttztb7 r-qvutc0 r-37j5jr r-a023e6 r-rjixqe r-16dba41\" dir=\"ltr\"><span class=\"css-1jxf684 r-bcqeeo r-1ttztb7 r-qvutc0 r-poiln3 r-a8ghvy\"><span class=\"css-1jxf684 r-bcqeeo r-1ttztb7 r-qvutc0 r-poiln3\">Sanction check with relation mapping.<\/span><\/span><div class=\"omit-from-copy\"><div class=\"css-175oi2r r-1awozwy r-xoduu5 r-1777fci r-3t4u6i r-9iso6\"><div class=\"css-175oi2r r-xoduu5\"><div class=\"css-175oi2r r-1mlwlqe r-1udh08x r-417010 r-xoduu5 r-14g73ha r-1b94p3d\"><div class=\"css-175oi2r r-xoduu5 r-1niwhzg r-vvn4in r-u6sd8q r-1p0dtai r-1pi2tsx r-1d2f490 r-u8s1d r-zchlnj r-ipm5af r-13qz1uu r-1wyyakw r-4gszlv\">\u00a0<\/div><\/div><\/div><\/div><\/div><\/div><\/li><li><div class=\"css-146c3p1 r-bcqeeo r-1ttztb7 r-qvutc0 r-37j5jr r-a023e6 r-rjixqe r-16dba41\" dir=\"ltr\"><span class=\"css-1jxf684 r-bcqeeo r-1ttztb7 r-qvutc0 r-poiln3 r-a8ghvy\"><span class=\"css-1jxf684 r-bcqeeo r-1ttztb7 r-qvutc0 r-poiln3\">Cybersecurity training and awareness programs.<\/span><\/span><div class=\"omit-from-copy\"><div class=\"css-175oi2r r-1awozwy r-xoduu5 r-1777fci r-3t4u6i r-9iso6\"><div class=\"css-175oi2r r-xoduu5\"><div class=\"css-175oi2r r-1mlwlqe r-1udh08x r-417010 r-xoduu5 r-14g73ha r-1b94p3d\"><div class=\"css-175oi2r r-xoduu5 r-1niwhzg r-vvn4in r-u6sd8q r-1p0dtai r-1pi2tsx r-1d2f490 r-u8s1d r-zchlnj r-ipm5af r-13qz1uu r-1wyyakw r-4gszlv\">\u00a0<\/div><\/div><\/div><\/div><\/div><\/div><\/li><li>Red team penetration testing<\/li><\/ul><\/li><\/ul>\t\t\t\t\t\t\t\t<\/div>\n\t\t\t\t<\/div>\n\t\t\t\t\t<\/div>\n\t\t\t\t<\/div>\n\t\t\t\t<\/div>","protected":false},"excerpt":{"rendered":"<p>Consulting services compliance and sanctions\/debarrment E-Commerce Compliance: GDPR: Data protection, user consent, data breach reporting (72-hour requirement).\u00a0 NIS2: Cybersecurity for [&hellip;]<\/p>\n","protected":false},"author":1,"featured_media":0,"parent":0,"menu_order":0,"comment_status":"closed","ping_status":"closed","template":"","meta":{"site-sidebar-layout":"no-sidebar","site-content-layout":"","ast-site-content-layout":"full-width-container","site-content-style":"default","site-sidebar-style":"default","ast-global-header-display":"","ast-banner-title-visibility":"","ast-main-header-display":"","ast-hfb-above-header-display":"","ast-hfb-below-header-display":"","ast-hfb-mobile-header-display":"","site-post-title":"disabled","ast-breadcrumbs-content":"","ast-featured-img":"disabled","footer-sml-layout":"","theme-transparent-header-meta":"","adv-header-id-meta":"","stick-header-meta":"","header-above-stick-meta":"","header-main-stick-meta":"","header-below-stick-meta":"","astra-migrate-meta-layouts":"default","ast-page-background-enabled":"default","ast-page-background-meta":{"desktop":{"background-color":"var(--ast-global-color-5)","background-image":"","background-repeat":"repeat","background-position":"center center","background-size":"auto","background-attachment":"scroll","background-type":"","background-media":"","overlay-type":"","overlay-color":"","overlay-opacity":"","overlay-gradient":""},"tablet":{"background-color":"","background-image":"","background-repeat":"repeat","background-position":"center center","background-size":"auto","background-attachment":"scroll","background-type":"","background-media":"","overlay-type":"","overlay-color":"","overlay-opacity":"","overlay-gradient":""},"mobile":{"background-color":"","background-image":"","background-repeat":"repeat","background-position":"center center","background-size":"auto","background-attachment":"scroll","background-type":"","background-media":"","overlay-type":"","overlay-color":"","overlay-opacity":"","overlay-gradient":""}},"ast-content-background-meta":{"desktop":{"background-color":"var(--ast-global-color-4)","background-image":"","background-repeat":"repeat","background-position":"center center","background-size":"auto","background-attachment":"scroll","background-type":"","background-media":"","overlay-type":"","overlay-color":"","overlay-opacity":"","overlay-gradient":""},"tablet":{"background-color":"var(--ast-global-color-4)","background-image":"","background-repeat":"repeat","background-position":"center center","background-size":"auto","background-attachment":"scroll","background-type":"","background-media":"","overlay-type":"","overlay-color":"","overlay-opacity":"","overlay-gradient":""},"mobile":{"background-color":"var(--ast-global-color-4)","background-image":"","background-repeat":"repeat","background-position":"center center","background-size":"auto","background-attachment":"scroll","background-type":"","background-media":"","overlay-type":"","overlay-color":"","overlay-opacity":"","overlay-gradient":""}},"footnotes":""},"class_list":["post-564","page","type-page","status-publish","hentry"],"yoast_head":"<!-- This site is optimized with the Yoast SEO plugin v27.5 - https:\/\/yoast.com\/product\/yoast-seo-wordpress\/ -->\n<title>Compliance - D\u00e4r teknologi m\u00f6ter tillit.<\/title>\n<meta name=\"robots\" content=\"index, follow, max-snippet:-1, max-image-preview:large, max-video-preview:-1\" \/>\n<link rel=\"canonical\" href=\"https:\/\/myguard.online\/en\/compliance-2\/\" \/>\n<meta property=\"og:locale\" content=\"en_GB\" \/>\n<meta property=\"og:type\" content=\"article\" \/>\n<meta property=\"og:title\" content=\"Compliance - D\u00e4r teknologi m\u00f6ter tillit.\" \/>\n<meta property=\"og:description\" content=\"Consulting services compliance and sanctions\/debarrment E-Commerce Compliance: GDPR: Data protection, user consent, data breach reporting (72-hour requirement).\u00a0 NIS2: Cybersecurity for [&hellip;]\" \/>\n<meta property=\"og:url\" content=\"https:\/\/myguard.online\/en\/compliance-2\/\" \/>\n<meta property=\"og:site_name\" content=\"D\u00e4r teknologi m\u00f6ter tillit.\" \/>\n<meta property=\"article:publisher\" content=\"https:\/\/www.facebook.com\/myguard.online\" \/>\n<meta property=\"article:modified_time\" content=\"2025-05-16T08:56:07+00:00\" \/>\n<meta property=\"og:image\" content=\"https:\/\/myguard.online\/wp-content\/uploads\/2025\/05\/ChatGPT-Image-16-maj-2025-10_49_14.png\" \/>\n\t<meta property=\"og:image:width\" content=\"1105\" \/>\n\t<meta property=\"og:image:height\" content=\"736\" \/>\n\t<meta property=\"og:image:type\" content=\"image\/png\" \/>\n<meta name=\"twitter:card\" content=\"summary_large_image\" \/>\n<meta name=\"twitter:site\" content=\"@MyGuard_Online\" \/>\n<meta name=\"twitter:label1\" content=\"Estimated reading time\" \/>\n\t<meta name=\"twitter:data1\" content=\"1 minute\" \/>\n<script type=\"application\/ld+json\" class=\"yoast-schema-graph\">{\"@context\":\"https:\\\/\\\/schema.org\",\"@graph\":[{\"@type\":\"WebPage\",\"@id\":\"https:\\\/\\\/myguard.online\\\/compliance-2\\\/\",\"url\":\"https:\\\/\\\/myguard.online\\\/compliance-2\\\/\",\"name\":\"Compliance - D\u00e4r teknologi m\u00f6ter tillit.\",\"isPartOf\":{\"@id\":\"https:\\\/\\\/myguard.online\\\/#website\"},\"primaryImageOfPage\":{\"@id\":\"https:\\\/\\\/myguard.online\\\/compliance-2\\\/#primaryimage\"},\"image\":{\"@id\":\"https:\\\/\\\/myguard.online\\\/compliance-2\\\/#primaryimage\"},\"thumbnailUrl\":\"https:\\\/\\\/myguard.online\\\/wp-content\\\/uploads\\\/2025\\\/05\\\/ChatGPT-Image-16-maj-2025-10_49_14-1024x682.png\",\"datePublished\":\"2025-05-16T08:42:27+00:00\",\"dateModified\":\"2025-05-16T08:56:07+00:00\",\"breadcrumb\":{\"@id\":\"https:\\\/\\\/myguard.online\\\/compliance-2\\\/#breadcrumb\"},\"inLanguage\":\"en-GB\",\"potentialAction\":[{\"@type\":\"ReadAction\",\"target\":[\"https:\\\/\\\/myguard.online\\\/compliance-2\\\/\"]}]},{\"@type\":\"ImageObject\",\"inLanguage\":\"en-GB\",\"@id\":\"https:\\\/\\\/myguard.online\\\/compliance-2\\\/#primaryimage\",\"url\":\"https:\\\/\\\/myguard.online\\\/wp-content\\\/uploads\\\/2025\\\/05\\\/ChatGPT-Image-16-maj-2025-10_49_14-1024x682.png\",\"contentUrl\":\"https:\\\/\\\/myguard.online\\\/wp-content\\\/uploads\\\/2025\\\/05\\\/ChatGPT-Image-16-maj-2025-10_49_14-1024x682.png\"},{\"@type\":\"BreadcrumbList\",\"@id\":\"https:\\\/\\\/myguard.online\\\/compliance-2\\\/#breadcrumb\",\"itemListElement\":[{\"@type\":\"ListItem\",\"position\":1,\"name\":\"Hem\",\"item\":\"https:\\\/\\\/myguard.online\\\/\"},{\"@type\":\"ListItem\",\"position\":2,\"name\":\"Compliance\"}]},{\"@type\":\"WebSite\",\"@id\":\"https:\\\/\\\/myguard.online\\\/#website\",\"url\":\"https:\\\/\\\/myguard.online\\\/\",\"name\":\"D\u00e4r teknologi m\u00f6ter tillit.\",\"description\":\"D\u00e4r teknologi m\u00f6ter tillit.\",\"publisher\":{\"@id\":\"https:\\\/\\\/myguard.online\\\/#organization\"},\"potentialAction\":[{\"@type\":\"SearchAction\",\"target\":{\"@type\":\"EntryPoint\",\"urlTemplate\":\"https:\\\/\\\/myguard.online\\\/?s={search_term_string}\"},\"query-input\":{\"@type\":\"PropertyValueSpecification\",\"valueRequired\":true,\"valueName\":\"search_term_string\"}}],\"inLanguage\":\"en-GB\"},{\"@type\":\"Organization\",\"@id\":\"https:\\\/\\\/myguard.online\\\/#organization\",\"name\":\"MyGuard.online\",\"url\":\"https:\\\/\\\/myguard.online\\\/\",\"logo\":{\"@type\":\"ImageObject\",\"inLanguage\":\"en-GB\",\"@id\":\"https:\\\/\\\/myguard.online\\\/#\\\/schema\\\/logo\\\/image\\\/\",\"url\":\"https:\\\/\\\/myguard.online\\\/wp-content\\\/uploads\\\/2025\\\/05\\\/myguard_logo_01-removebg-preview-_5_.svg\",\"contentUrl\":\"https:\\\/\\\/myguard.online\\\/wp-content\\\/uploads\\\/2025\\\/05\\\/myguard_logo_01-removebg-preview-_5_.svg\",\"width\":633,\"height\":195,\"caption\":\"MyGuard.online\"},\"image\":{\"@id\":\"https:\\\/\\\/myguard.online\\\/#\\\/schema\\\/logo\\\/image\\\/\"},\"sameAs\":[\"https:\\\/\\\/www.facebook.com\\\/myguard.online\",\"https:\\\/\\\/x.com\\\/MyGuard_Online\",\"https:\\\/\\\/bsky.app\\\/profile\\\/myguard.online\"]}]}<\/script>\n<!-- \/ Yoast SEO plugin. -->","yoast_head_json":{"title":"Compliance - D\u00e4r teknologi m\u00f6ter tillit.","robots":{"index":"index","follow":"follow","max-snippet":"max-snippet:-1","max-image-preview":"max-image-preview:large","max-video-preview":"max-video-preview:-1"},"canonical":"https:\/\/myguard.online\/en\/compliance-2\/","og_locale":"en_GB","og_type":"article","og_title":"Compliance - D\u00e4r teknologi m\u00f6ter tillit.","og_description":"Consulting services compliance and sanctions\/debarrment E-Commerce Compliance: GDPR: Data protection, user consent, data breach reporting (72-hour requirement).\u00a0 NIS2: Cybersecurity for [&hellip;]","og_url":"https:\/\/myguard.online\/en\/compliance-2\/","og_site_name":"D\u00e4r teknologi m\u00f6ter tillit.","article_publisher":"https:\/\/www.facebook.com\/myguard.online","article_modified_time":"2025-05-16T08:56:07+00:00","og_image":[{"width":1105,"height":736,"url":"https:\/\/myguard.online\/wp-content\/uploads\/2025\/05\/ChatGPT-Image-16-maj-2025-10_49_14.png","type":"image\/png"}],"twitter_card":"summary_large_image","twitter_site":"@MyGuard_Online","twitter_misc":{"Estimated reading time":"1 minute"},"schema":{"@context":"https:\/\/schema.org","@graph":[{"@type":"WebPage","@id":"https:\/\/myguard.online\/compliance-2\/","url":"https:\/\/myguard.online\/compliance-2\/","name":"Compliance - D\u00e4r teknologi m\u00f6ter tillit.","isPartOf":{"@id":"https:\/\/myguard.online\/#website"},"primaryImageOfPage":{"@id":"https:\/\/myguard.online\/compliance-2\/#primaryimage"},"image":{"@id":"https:\/\/myguard.online\/compliance-2\/#primaryimage"},"thumbnailUrl":"https:\/\/myguard.online\/wp-content\/uploads\/2025\/05\/ChatGPT-Image-16-maj-2025-10_49_14-1024x682.png","datePublished":"2025-05-16T08:42:27+00:00","dateModified":"2025-05-16T08:56:07+00:00","breadcrumb":{"@id":"https:\/\/myguard.online\/compliance-2\/#breadcrumb"},"inLanguage":"en-GB","potentialAction":[{"@type":"ReadAction","target":["https:\/\/myguard.online\/compliance-2\/"]}]},{"@type":"ImageObject","inLanguage":"en-GB","@id":"https:\/\/myguard.online\/compliance-2\/#primaryimage","url":"https:\/\/myguard.online\/wp-content\/uploads\/2025\/05\/ChatGPT-Image-16-maj-2025-10_49_14-1024x682.png","contentUrl":"https:\/\/myguard.online\/wp-content\/uploads\/2025\/05\/ChatGPT-Image-16-maj-2025-10_49_14-1024x682.png"},{"@type":"BreadcrumbList","@id":"https:\/\/myguard.online\/compliance-2\/#breadcrumb","itemListElement":[{"@type":"ListItem","position":1,"name":"Hem","item":"https:\/\/myguard.online\/"},{"@type":"ListItem","position":2,"name":"Compliance"}]},{"@type":"WebSite","@id":"https:\/\/myguard.online\/#website","url":"https:\/\/myguard.online\/","name":"D\u00e4r teknologi m\u00f6ter tillit.","description":"D\u00e4r teknologi m\u00f6ter tillit.","publisher":{"@id":"https:\/\/myguard.online\/#organization"},"potentialAction":[{"@type":"SearchAction","target":{"@type":"EntryPoint","urlTemplate":"https:\/\/myguard.online\/?s={search_term_string}"},"query-input":{"@type":"PropertyValueSpecification","valueRequired":true,"valueName":"search_term_string"}}],"inLanguage":"en-GB"},{"@type":"Organization","@id":"https:\/\/myguard.online\/#organization","name":"MyGuard.online","url":"https:\/\/myguard.online\/","logo":{"@type":"ImageObject","inLanguage":"en-GB","@id":"https:\/\/myguard.online\/#\/schema\/logo\/image\/","url":"https:\/\/myguard.online\/wp-content\/uploads\/2025\/05\/myguard_logo_01-removebg-preview-_5_.svg","contentUrl":"https:\/\/myguard.online\/wp-content\/uploads\/2025\/05\/myguard_logo_01-removebg-preview-_5_.svg","width":633,"height":195,"caption":"MyGuard.online"},"image":{"@id":"https:\/\/myguard.online\/#\/schema\/logo\/image\/"},"sameAs":["https:\/\/www.facebook.com\/myguard.online","https:\/\/x.com\/MyGuard_Online","https:\/\/bsky.app\/profile\/myguard.online"]}]}},"_links":{"self":[{"href":"https:\/\/myguard.online\/en\/wp-json\/wp\/v2\/pages\/564","targetHints":{"allow":["GET"]}}],"collection":[{"href":"https:\/\/myguard.online\/en\/wp-json\/wp\/v2\/pages"}],"about":[{"href":"https:\/\/myguard.online\/en\/wp-json\/wp\/v2\/types\/page"}],"author":[{"embeddable":true,"href":"https:\/\/myguard.online\/en\/wp-json\/wp\/v2\/users\/1"}],"replies":[{"embeddable":true,"href":"https:\/\/myguard.online\/en\/wp-json\/wp\/v2\/comments?post=564"}],"version-history":[{"count":4,"href":"https:\/\/myguard.online\/en\/wp-json\/wp\/v2\/pages\/564\/revisions"}],"predecessor-version":[{"id":570,"href":"https:\/\/myguard.online\/en\/wp-json\/wp\/v2\/pages\/564\/revisions\/570"}],"wp:attachment":[{"href":"https:\/\/myguard.online\/en\/wp-json\/wp\/v2\/media?parent=564"}],"curies":[{"name":"wp","href":"https:\/\/api.w.org\/{rel}","templated":true}]}}