{"id":546,"date":"2025-05-13T12:41:08","date_gmt":"2025-05-13T10:41:08","guid":{"rendered":"https:\/\/myguard.online\/?page_id=546"},"modified":"2025-05-16T10:15:32","modified_gmt":"2025-05-16T08:15:32","slug":"community","status":"publish","type":"page","link":"https:\/\/myguard.online\/en\/community\/","title":{"rendered":"community"},"content":{"rendered":"<div data-elementor-type=\"wp-page\" data-elementor-id=\"546\" class=\"elementor elementor-546\">\n\t\t\t\t<div class=\"elementor-element elementor-element-4952626 e-flex e-con-boxed e-con e-parent\" data-id=\"4952626\" data-element_type=\"container\" data-e-type=\"container\">\n\t\t\t\t\t<div class=\"e-con-inner\">\n\t\t\t\t<div class=\"elementor-element elementor-element-6f5a993 elementor-widget elementor-widget-heading\" data-id=\"6f5a993\" data-element_type=\"widget\" data-e-type=\"widget\" data-widget_type=\"heading.default\">\n\t\t\t\t<div class=\"elementor-widget-container\">\n\t\t\t\t\t<h2 class=\"elementor-heading-title elementor-size-default\">Hj\u00e4lp oss stoppa bedr\u00e4gerier \u2013 tillsammans skyddar vi fler!<\/h2>\t\t\t\t<\/div>\n\t\t\t\t<\/div>\n\t\t\t\t\t<\/div>\n\t\t\t\t<\/div>\n\t\t<div class=\"elementor-element elementor-element-ace39f2 e-flex e-con-boxed e-con e-parent\" data-id=\"ace39f2\" data-element_type=\"container\" data-e-type=\"container\">\n\t\t\t\t\t<div class=\"e-con-inner\">\n\t\t\t\t<div class=\"elementor-element elementor-element-ad584ab elementor-position-top elementor-widget elementor-widget-image-box\" data-id=\"ad584ab\" data-element_type=\"widget\" data-e-type=\"widget\" data-widget_type=\"image-box.default\">\n\t\t\t\t<div class=\"elementor-widget-container\">\n\t\t\t\t\t<div class=\"elementor-image-box-wrapper\"><figure class=\"elementor-image-box-img\"><img fetchpriority=\"high\" decoding=\"async\" width=\"1024\" height=\"768\" src=\"https:\/\/myguard.online\/wp-content\/uploads\/2025\/05\/image-27.jpg\" class=\"attachment-full size-full wp-image-548\" alt=\"\" srcset=\"https:\/\/myguard.online\/wp-content\/uploads\/2025\/05\/image-27.jpg 1024w, https:\/\/myguard.online\/wp-content\/uploads\/2025\/05\/image-27-300x225.jpg 300w, https:\/\/myguard.online\/wp-content\/uploads\/2025\/05\/image-27-768x576.jpg 768w, https:\/\/myguard.online\/wp-content\/uploads\/2025\/05\/image-27-16x12.jpg 16w\" sizes=\"(max-width: 1024px) 100vw, 1024px\" \/><\/figure><div class=\"elementor-image-box-content\"><h3 class=\"elementor-image-box-title\">Distribuerad konsuments\u00e4kerhet<\/h3><\/div><\/div>\t\t\t\t<\/div>\n\t\t\t\t<\/div>\n\t\t\t\t\t<\/div>\n\t\t\t\t<\/div>\n\t\t<div class=\"elementor-element elementor-element-002d9e9 e-flex e-con-boxed e-con e-parent\" data-id=\"002d9e9\" data-element_type=\"container\" data-e-type=\"container\">\n\t\t\t\t\t<div class=\"e-con-inner\">\n\t\t\t\t<div class=\"elementor-element elementor-element-23ccb35 elementor-widget elementor-widget-text-editor\" data-id=\"23ccb35\" data-element_type=\"widget\" data-e-type=\"widget\" data-widget_type=\"text-editor.default\">\n\t\t\t\t<div class=\"elementor-widget-container\">\n\t\t\t\t\t\t\t\t\t<p class=\"\" data-start=\"377\" data-end=\"567\">Varje dag dyker nya falska webbplatser och vilseledande tj\u00e4nster upp, ofta riktade mot svenska konsumenter.<\/p><p class=\"\" data-start=\"377\" data-end=\"567\">De \u00e4r ofta smart maskerade, sv\u00e5ra att uppt\u00e4cka \u2013 och \u00e4nnu sv\u00e5rare att sp\u00e5ra i tid.<\/p><h4 data-start=\"569\" data-end=\"597\"><strong data-start=\"569\" data-end=\"597\">Det \u00e4r h\u00e4r du kommer in.<\/strong><\/h4><p class=\"\" data-start=\"599\" data-end=\"798\">Med v\u00e5rt verktyg <a href=\"https:\/\/addons.mozilla.org\/sv-SE\/firefox\/addon\/myguard-online-reporter-3-1\/\"><strong data-start=\"616\" data-end=\"636\">MyGuard.online Reporter<\/strong><\/a> kan du med ett klick rapportera misst\u00e4nkta webbplatser direkt fr\u00e5n din webbl\u00e4sare.<\/p><p class=\"\" data-start=\"599\" data-end=\"798\">Det hj\u00e4lper oss att snabbt granska och varna andra \u2013 innan n\u00e5gon blir drabbad.<\/p><blockquote data-start=\"800\" data-end=\"901\"><p class=\"\" data-start=\"802\" data-end=\"901\">\ud83d\udca1 Tillsammans bygger vi ett skyddsn\u00e4t av uppm\u00e4rksamma anv\u00e4ndare \u2013 en gemenskap mot n\u00e4tbedr\u00e4gerier.<\/p><\/blockquote>\t\t\t\t\t\t\t\t<\/div>\n\t\t\t\t<\/div>\n\t\t\t\t\t<\/div>\n\t\t\t\t<\/div>\n\t\t<div class=\"elementor-element elementor-element-070a83b e-flex e-con-boxed e-con e-parent\" data-id=\"070a83b\" data-element_type=\"container\" data-e-type=\"container\">\n\t\t\t\t\t<div class=\"e-con-inner\">\n\t\t\t\t<div class=\"elementor-element elementor-element-dd72d11 elementor-widget elementor-widget-heading\" data-id=\"dd72d11\" data-element_type=\"widget\" data-e-type=\"widget\" data-widget_type=\"heading.default\">\n\t\t\t\t<div class=\"elementor-widget-container\">\n\t\t\t\t\t<h2 class=\"elementor-heading-title elementor-size-default\">S\u00e5 fungerar det<\/h2>\t\t\t\t<\/div>\n\t\t\t\t<\/div>\n\t\t\t\t<div class=\"elementor-element elementor-element-d8ae640 elementor-widget elementor-widget-video\" data-id=\"d8ae640\" data-element_type=\"widget\" data-e-type=\"widget\" data-settings=\"{&quot;youtube_url&quot;:&quot;https:\\\/\\\/www.youtube.com\\\/watch?v=XHOmBV4js_E&quot;,&quot;video_type&quot;:&quot;youtube&quot;,&quot;controls&quot;:&quot;yes&quot;}\" data-widget_type=\"video.default\">\n\t\t\t\t<div class=\"elementor-widget-container\">\n\t\t\t\t\t\t\t<div class=\"elementor-wrapper elementor-open-inline\">\n\t\t\t<div class=\"elementor-video\"><\/div>\t\t<\/div>\n\t\t\t\t\t\t<\/div>\n\t\t\t\t<\/div>\n\t\t\t\t\t<\/div>\n\t\t\t\t<\/div>\n\t\t<div class=\"elementor-element elementor-element-47e9f95 e-flex e-con-boxed e-con e-parent\" data-id=\"47e9f95\" data-element_type=\"container\" data-e-type=\"container\">\n\t\t\t\t\t<div class=\"e-con-inner\">\n\t\t\t\t<div class=\"elementor-element elementor-element-9cd9fbd elementor-widget elementor-widget-text-editor\" data-id=\"9cd9fbd\" data-element_type=\"widget\" data-e-type=\"widget\" data-widget_type=\"text-editor.default\">\n\t\t\t\t<div class=\"elementor-widget-container\">\n\t\t\t\t\t\t\t\t\t<p>I filmen visar vi hur vi hittar en suspekt webbplats, installerar MyGuard.online reporter, rapporterar webbplatsen, efter ett tag (1-24 timmar) har AI analyserat den och gett den ett antal kategorier\/varningar, vi laddar om sidan och kollar p\u00e5 ett par av varningarna.<\/p><ol data-start=\"1007\" data-end=\"1232\"><li class=\"\" data-start=\"1007\" data-end=\"1061\"><p class=\"\" data-start=\"1010\" data-end=\"1061\"><strong data-start=\"1010\" data-end=\"1041\">Installera MyGuard Reporter<\/strong> (l\u00e4nkar l\u00e4ngre ner)<\/p><\/li><li class=\"\" data-start=\"1062\" data-end=\"1114\"><p class=\"\" data-start=\"1065\" data-end=\"1114\">Klicka p\u00e5 ikonen n\u00e4r du bes\u00f6ker en misst\u00e4nkt sida, hellre rapportera en f\u00f6r mycket \u00e4n en f\u00f6r lite.<\/p><\/li><li class=\"\" data-start=\"1115\" data-end=\"1163\"><p class=\"\" data-start=\"1118\" data-end=\"1163\">Vi f\u00e5r in din rapport och b\u00f6rjar granskningen<\/p><\/li><li class=\"\" data-start=\"1164\" data-end=\"1232\"><p class=\"\" data-start=\"1167\" data-end=\"1232\">Bekr\u00e4ftade hot flaggas automatiskt till alla som anv\u00e4nder n\u00e5gon av MyGuard.onlines klienter eller appar.<\/p><\/li><\/ol><p class=\"\" data-start=\"1234\" data-end=\"1267\">Snabbt, anonymt och utan kr\u00e5ngel.<\/p>\t\t\t\t\t\t\t\t<\/div>\n\t\t\t\t<\/div>\n\t\t\t\t\t<\/div>\n\t\t\t\t<\/div>\n\t\t<div class=\"elementor-element elementor-element-e590a58 e-flex e-con-boxed e-con e-parent\" data-id=\"e590a58\" data-element_type=\"container\" data-e-type=\"container\">\n\t\t\t\t\t<div class=\"e-con-inner\">\n\t\t\t\t<div class=\"elementor-element elementor-element-3a4e9ca elementor-widget elementor-widget-heading\" data-id=\"3a4e9ca\" data-element_type=\"widget\" data-e-type=\"widget\" data-widget_type=\"heading.default\">\n\t\t\t\t<div class=\"elementor-widget-container\">\n\t\t\t\t\t<h2 class=\"elementor-heading-title elementor-size-default\">Varf\u00f6r \u00e4r det viktigt?<\/h2>\t\t\t\t<\/div>\n\t\t\t\t<\/div>\n\t\t\t\t\t<\/div>\n\t\t\t\t<\/div>\n\t\t<div class=\"elementor-element elementor-element-04cb904 e-flex e-con-boxed e-con e-parent\" data-id=\"04cb904\" data-element_type=\"container\" data-e-type=\"container\">\n\t\t\t\t\t<div class=\"e-con-inner\">\n\t\t\t\t<div class=\"elementor-element elementor-element-808a129 elementor-widget elementor-widget-text-editor\" data-id=\"808a129\" data-element_type=\"widget\" data-e-type=\"widget\" data-widget_type=\"text-editor.default\">\n\t\t\t\t<div class=\"elementor-widget-container\">\n\t\t\t\t\t\t\t\t\t<p class=\"\" data-start=\"1301\" data-end=\"1472\">Det finns inga svenska myndigheter som hinner med att uppt\u00e4cka och stoppa varje bluff. Men genom att samla in och granska tips fr\u00e5n anv\u00e4ndare som du, kan vi agera mycket snabbare.<\/p><h3 data-start=\"1474\" data-end=\"1524\"><strong data-start=\"1474\" data-end=\"1524\">Ju fler vi \u00e4r \u2013 desto starkare skydd f\u00e5r alla.<\/strong><\/h3>\t\t\t\t\t\t\t\t<\/div>\n\t\t\t\t<\/div>\n\t\t\t\t<div class=\"elementor-element elementor-element-9cdf428 elementor-align-center elementor-widget elementor-widget-button\" data-id=\"9cdf428\" data-element_type=\"widget\" data-e-type=\"widget\" data-widget_type=\"button.default\">\n\t\t\t\t<div class=\"elementor-widget-container\">\n\t\t\t\t\t\t\t\t\t<div class=\"elementor-button-wrapper\">\n\t\t\t\t\t<a class=\"elementor-button elementor-button-link elementor-size-sm\" href=\"https:\/\/addons.mozilla.org\/sv-SE\/firefox\/addon\/myguard-online-reporter-3-1\/\" id=\"mgoreporter\">\n\t\t\t\t\t\t<span class=\"elementor-button-content-wrapper\">\n\t\t\t\t\t\t\t\t\t<span class=\"elementor-button-text\">Installera MyGuard.online reporter f\u00f6r Firefox<\/span>\n\t\t\t\t\t<\/span>\n\t\t\t\t\t<\/a>\n\t\t\t\t<\/div>\n\t\t\t\t\t\t\t\t<\/div>\n\t\t\t\t<\/div>\n\t\t\t\t\t<\/div>\n\t\t\t\t<\/div>\n\t\t<div class=\"elementor-element elementor-element-3cb4053 e-flex e-con-boxed e-con e-parent\" data-id=\"3cb4053\" data-element_type=\"container\" data-e-type=\"container\">\n\t\t\t\t\t<div class=\"e-con-inner\">\n\t\t\t\t<div class=\"elementor-element elementor-element-ef316b5 elementor-widget elementor-widget-text-editor\" data-id=\"ef316b5\" data-element_type=\"widget\" data-e-type=\"widget\" data-widget_type=\"text-editor.default\">\n\t\t\t\t<div class=\"elementor-widget-container\">\n\t\t\t\t\t\t\t\t\t<p>\u2705 Chrome-versionen \u00e4r p\u00e5 v\u00e4g \u2013 vi sl\u00e4pper den inom kort!<\/p>\t\t\t\t\t\t\t\t<\/div>\n\t\t\t\t<\/div>\n\t\t\t\t\t<\/div>\n\t\t\t\t<\/div>\n\t\t\t\t<\/div>","protected":false},"excerpt":{"rendered":"<p>Hj\u00e4lp oss stoppa bedr\u00e4gerier \u2013 tillsammans skyddar vi fler! Distribuerad konsuments\u00e4kerhet Varje dag dyker nya falska webbplatser och vilseledande tj\u00e4nster [&hellip;]<\/p>\n","protected":false},"author":1,"featured_media":548,"parent":0,"menu_order":0,"comment_status":"closed","ping_status":"closed","template":"","meta":{"site-sidebar-layout":"no-sidebar","site-content-layout":"","ast-site-content-layout":"full-width-container","site-content-style":"default","site-sidebar-style":"default","ast-global-header-display":"","ast-banner-title-visibility":"","ast-main-header-display":"","ast-hfb-above-header-display":"","ast-hfb-below-header-display":"","ast-hfb-mobile-header-display":"","site-post-title":"disabled","ast-breadcrumbs-content":"","ast-featured-img":"disabled","footer-sml-layout":"","theme-transparent-header-meta":"","adv-header-id-meta":"","stick-header-meta":"","header-above-stick-meta":"","header-main-stick-meta":"","header-below-stick-meta":"","astra-migrate-meta-layouts":"default","ast-page-background-enabled":"default","ast-page-background-meta":{"desktop":{"background-color":"var(--ast-global-color-5)","background-image":"","background-repeat":"repeat","background-position":"center center","background-size":"auto","background-attachment":"scroll","background-type":"","background-media":"","overlay-type":"","overlay-color":"","overlay-opacity":"","overlay-gradient":""},"tablet":{"background-color":"","background-image":"","background-repeat":"repeat","background-position":"center center","background-size":"auto","background-attachment":"scroll","background-type":"","background-media":"","overlay-type":"","overlay-color":"","overlay-opacity":"","overlay-gradient":""},"mobile":{"background-color":"","background-image":"","background-repeat":"repeat","background-position":"center center","background-size":"auto","background-attachment":"scroll","background-type":"","background-media":"","overlay-type":"","overlay-color":"","overlay-opacity":"","overlay-gradient":""}},"ast-content-background-meta":{"desktop":{"background-color":"var(--ast-global-color-4)","background-image":"","background-repeat":"repeat","background-position":"center center","background-size":"auto","background-attachment":"scroll","background-type":"","background-media":"","overlay-type":"","overlay-color":"","overlay-opacity":"","overlay-gradient":""},"tablet":{"background-color":"var(--ast-global-color-4)","background-image":"","background-repeat":"repeat","background-position":"center center","background-size":"auto","background-attachment":"scroll","background-type":"","background-media":"","overlay-type":"","overlay-color":"","overlay-opacity":"","overlay-gradient":""},"mobile":{"background-color":"var(--ast-global-color-4)","background-image":"","background-repeat":"repeat","background-position":"center center","background-size":"auto","background-attachment":"scroll","background-type":"","background-media":"","overlay-type":"","overlay-color":"","overlay-opacity":"","overlay-gradient":""}},"footnotes":""},"class_list":["post-546","page","type-page","status-publish","has-post-thumbnail","hentry"],"yoast_head":"<!-- This site is optimized with the Yoast SEO plugin v27.5 - https:\/\/yoast.com\/product\/yoast-seo-wordpress\/ -->\n<title>community - D\u00e4r teknologi m\u00f6ter tillit.<\/title>\n<meta name=\"robots\" content=\"index, follow, max-snippet:-1, max-image-preview:large, max-video-preview:-1\" \/>\n<link rel=\"canonical\" href=\"https:\/\/myguard.online\/en\/community\/\" \/>\n<meta property=\"og:locale\" content=\"en_GB\" \/>\n<meta property=\"og:type\" content=\"article\" \/>\n<meta property=\"og:title\" content=\"community - D\u00e4r teknologi m\u00f6ter tillit.\" \/>\n<meta property=\"og:description\" content=\"Hj\u00e4lp oss stoppa bedr\u00e4gerier \u2013 tillsammans skyddar vi fler! Distribuerad konsuments\u00e4kerhet Varje dag dyker nya falska webbplatser och vilseledande tj\u00e4nster [&hellip;]\" \/>\n<meta property=\"og:url\" content=\"https:\/\/myguard.online\/en\/community\/\" \/>\n<meta property=\"og:site_name\" content=\"D\u00e4r teknologi m\u00f6ter tillit.\" \/>\n<meta property=\"article:publisher\" content=\"https:\/\/www.facebook.com\/myguard.online\" \/>\n<meta property=\"article:modified_time\" content=\"2025-05-16T08:15:32+00:00\" \/>\n<meta property=\"og:image\" content=\"https:\/\/myguard.online\/wp-content\/uploads\/2025\/05\/image-27.jpg\" \/>\n\t<meta property=\"og:image:width\" content=\"1024\" \/>\n\t<meta property=\"og:image:height\" content=\"768\" \/>\n\t<meta property=\"og:image:type\" content=\"image\/jpeg\" \/>\n<meta name=\"twitter:card\" content=\"summary_large_image\" \/>\n<meta name=\"twitter:site\" content=\"@MyGuard_Online\" \/>\n<meta name=\"twitter:label1\" content=\"Estimated reading time\" \/>\n\t<meta name=\"twitter:data1\" content=\"2 minutes\" \/>\n<script type=\"application\/ld+json\" class=\"yoast-schema-graph\">{\"@context\":\"https:\\\/\\\/schema.org\",\"@graph\":[{\"@type\":\"WebPage\",\"@id\":\"https:\\\/\\\/myguard.online\\\/community\\\/\",\"url\":\"https:\\\/\\\/myguard.online\\\/community\\\/\",\"name\":\"community - D\u00e4r teknologi m\u00f6ter tillit.\",\"isPartOf\":{\"@id\":\"https:\\\/\\\/myguard.online\\\/#website\"},\"primaryImageOfPage\":{\"@id\":\"https:\\\/\\\/myguard.online\\\/community\\\/#primaryimage\"},\"image\":{\"@id\":\"https:\\\/\\\/myguard.online\\\/community\\\/#primaryimage\"},\"thumbnailUrl\":\"https:\\\/\\\/myguard.online\\\/wp-content\\\/uploads\\\/2025\\\/05\\\/image-27.jpg\",\"datePublished\":\"2025-05-13T10:41:08+00:00\",\"dateModified\":\"2025-05-16T08:15:32+00:00\",\"breadcrumb\":{\"@id\":\"https:\\\/\\\/myguard.online\\\/community\\\/#breadcrumb\"},\"inLanguage\":\"en-GB\",\"potentialAction\":[{\"@type\":\"ReadAction\",\"target\":[\"https:\\\/\\\/myguard.online\\\/community\\\/\"]}]},{\"@type\":\"ImageObject\",\"inLanguage\":\"en-GB\",\"@id\":\"https:\\\/\\\/myguard.online\\\/community\\\/#primaryimage\",\"url\":\"https:\\\/\\\/myguard.online\\\/wp-content\\\/uploads\\\/2025\\\/05\\\/image-27.jpg\",\"contentUrl\":\"https:\\\/\\\/myguard.online\\\/wp-content\\\/uploads\\\/2025\\\/05\\\/image-27.jpg\",\"width\":1024,\"height\":768},{\"@type\":\"BreadcrumbList\",\"@id\":\"https:\\\/\\\/myguard.online\\\/community\\\/#breadcrumb\",\"itemListElement\":[{\"@type\":\"ListItem\",\"position\":1,\"name\":\"Hem\",\"item\":\"https:\\\/\\\/myguard.online\\\/\"},{\"@type\":\"ListItem\",\"position\":2,\"name\":\"community\"}]},{\"@type\":\"WebSite\",\"@id\":\"https:\\\/\\\/myguard.online\\\/#website\",\"url\":\"https:\\\/\\\/myguard.online\\\/\",\"name\":\"D\u00e4r teknologi m\u00f6ter tillit.\",\"description\":\"D\u00e4r teknologi m\u00f6ter tillit.\",\"publisher\":{\"@id\":\"https:\\\/\\\/myguard.online\\\/#organization\"},\"potentialAction\":[{\"@type\":\"SearchAction\",\"target\":{\"@type\":\"EntryPoint\",\"urlTemplate\":\"https:\\\/\\\/myguard.online\\\/?s={search_term_string}\"},\"query-input\":{\"@type\":\"PropertyValueSpecification\",\"valueRequired\":true,\"valueName\":\"search_term_string\"}}],\"inLanguage\":\"en-GB\"},{\"@type\":\"Organization\",\"@id\":\"https:\\\/\\\/myguard.online\\\/#organization\",\"name\":\"MyGuard.online\",\"url\":\"https:\\\/\\\/myguard.online\\\/\",\"logo\":{\"@type\":\"ImageObject\",\"inLanguage\":\"en-GB\",\"@id\":\"https:\\\/\\\/myguard.online\\\/#\\\/schema\\\/logo\\\/image\\\/\",\"url\":\"https:\\\/\\\/myguard.online\\\/wp-content\\\/uploads\\\/2025\\\/05\\\/myguard_logo_01-removebg-preview-_5_.svg\",\"contentUrl\":\"https:\\\/\\\/myguard.online\\\/wp-content\\\/uploads\\\/2025\\\/05\\\/myguard_logo_01-removebg-preview-_5_.svg\",\"width\":633,\"height\":195,\"caption\":\"MyGuard.online\"},\"image\":{\"@id\":\"https:\\\/\\\/myguard.online\\\/#\\\/schema\\\/logo\\\/image\\\/\"},\"sameAs\":[\"https:\\\/\\\/www.facebook.com\\\/myguard.online\",\"https:\\\/\\\/x.com\\\/MyGuard_Online\",\"https:\\\/\\\/bsky.app\\\/profile\\\/myguard.online\"]}]}<\/script>\n<!-- \/ Yoast SEO plugin. -->","yoast_head_json":{"title":"community - D\u00e4r teknologi m\u00f6ter tillit.","robots":{"index":"index","follow":"follow","max-snippet":"max-snippet:-1","max-image-preview":"max-image-preview:large","max-video-preview":"max-video-preview:-1"},"canonical":"https:\/\/myguard.online\/en\/community\/","og_locale":"en_GB","og_type":"article","og_title":"community - D\u00e4r teknologi m\u00f6ter tillit.","og_description":"Hj\u00e4lp oss stoppa bedr\u00e4gerier \u2013 tillsammans skyddar vi fler! Distribuerad konsuments\u00e4kerhet Varje dag dyker nya falska webbplatser och vilseledande tj\u00e4nster [&hellip;]","og_url":"https:\/\/myguard.online\/en\/community\/","og_site_name":"D\u00e4r teknologi m\u00f6ter tillit.","article_publisher":"https:\/\/www.facebook.com\/myguard.online","article_modified_time":"2025-05-16T08:15:32+00:00","og_image":[{"width":1024,"height":768,"url":"https:\/\/myguard.online\/wp-content\/uploads\/2025\/05\/image-27.jpg","type":"image\/jpeg"}],"twitter_card":"summary_large_image","twitter_site":"@MyGuard_Online","twitter_misc":{"Estimated reading time":"2 minutes"},"schema":{"@context":"https:\/\/schema.org","@graph":[{"@type":"WebPage","@id":"https:\/\/myguard.online\/community\/","url":"https:\/\/myguard.online\/community\/","name":"community - D\u00e4r teknologi m\u00f6ter tillit.","isPartOf":{"@id":"https:\/\/myguard.online\/#website"},"primaryImageOfPage":{"@id":"https:\/\/myguard.online\/community\/#primaryimage"},"image":{"@id":"https:\/\/myguard.online\/community\/#primaryimage"},"thumbnailUrl":"https:\/\/myguard.online\/wp-content\/uploads\/2025\/05\/image-27.jpg","datePublished":"2025-05-13T10:41:08+00:00","dateModified":"2025-05-16T08:15:32+00:00","breadcrumb":{"@id":"https:\/\/myguard.online\/community\/#breadcrumb"},"inLanguage":"en-GB","potentialAction":[{"@type":"ReadAction","target":["https:\/\/myguard.online\/community\/"]}]},{"@type":"ImageObject","inLanguage":"en-GB","@id":"https:\/\/myguard.online\/community\/#primaryimage","url":"https:\/\/myguard.online\/wp-content\/uploads\/2025\/05\/image-27.jpg","contentUrl":"https:\/\/myguard.online\/wp-content\/uploads\/2025\/05\/image-27.jpg","width":1024,"height":768},{"@type":"BreadcrumbList","@id":"https:\/\/myguard.online\/community\/#breadcrumb","itemListElement":[{"@type":"ListItem","position":1,"name":"Hem","item":"https:\/\/myguard.online\/"},{"@type":"ListItem","position":2,"name":"community"}]},{"@type":"WebSite","@id":"https:\/\/myguard.online\/#website","url":"https:\/\/myguard.online\/","name":"D\u00e4r teknologi m\u00f6ter tillit.","description":"D\u00e4r teknologi m\u00f6ter tillit.","publisher":{"@id":"https:\/\/myguard.online\/#organization"},"potentialAction":[{"@type":"SearchAction","target":{"@type":"EntryPoint","urlTemplate":"https:\/\/myguard.online\/?s={search_term_string}"},"query-input":{"@type":"PropertyValueSpecification","valueRequired":true,"valueName":"search_term_string"}}],"inLanguage":"en-GB"},{"@type":"Organization","@id":"https:\/\/myguard.online\/#organization","name":"MyGuard.online","url":"https:\/\/myguard.online\/","logo":{"@type":"ImageObject","inLanguage":"en-GB","@id":"https:\/\/myguard.online\/#\/schema\/logo\/image\/","url":"https:\/\/myguard.online\/wp-content\/uploads\/2025\/05\/myguard_logo_01-removebg-preview-_5_.svg","contentUrl":"https:\/\/myguard.online\/wp-content\/uploads\/2025\/05\/myguard_logo_01-removebg-preview-_5_.svg","width":633,"height":195,"caption":"MyGuard.online"},"image":{"@id":"https:\/\/myguard.online\/#\/schema\/logo\/image\/"},"sameAs":["https:\/\/www.facebook.com\/myguard.online","https:\/\/x.com\/MyGuard_Online","https:\/\/bsky.app\/profile\/myguard.online"]}]}},"_links":{"self":[{"href":"https:\/\/myguard.online\/en\/wp-json\/wp\/v2\/pages\/546","targetHints":{"allow":["GET"]}}],"collection":[{"href":"https:\/\/myguard.online\/en\/wp-json\/wp\/v2\/pages"}],"about":[{"href":"https:\/\/myguard.online\/en\/wp-json\/wp\/v2\/types\/page"}],"author":[{"embeddable":true,"href":"https:\/\/myguard.online\/en\/wp-json\/wp\/v2\/users\/1"}],"replies":[{"embeddable":true,"href":"https:\/\/myguard.online\/en\/wp-json\/wp\/v2\/comments?post=546"}],"version-history":[{"count":13,"href":"https:\/\/myguard.online\/en\/wp-json\/wp\/v2\/pages\/546\/revisions"}],"predecessor-version":[{"id":563,"href":"https:\/\/myguard.online\/en\/wp-json\/wp\/v2\/pages\/546\/revisions\/563"}],"wp:featuredmedia":[{"embeddable":true,"href":"https:\/\/myguard.online\/en\/wp-json\/wp\/v2\/media\/548"}],"wp:attachment":[{"href":"https:\/\/myguard.online\/en\/wp-json\/wp\/v2\/media?parent=546"}],"curies":[{"name":"wp","href":"https:\/\/api.w.org\/{rel}","templated":true}]}}