{"id":405,"date":"2025-05-04T21:46:00","date_gmt":"2025-05-04T19:46:00","guid":{"rendered":"https:\/\/myguard.online\/?page_id=405"},"modified":"2025-05-10T12:27:22","modified_gmt":"2025-05-10T10:27:22","slug":"om-oss","status":"publish","type":"page","link":"https:\/\/myguard.online\/en\/om-oss\/","title":{"rendered":"Om oss"},"content":{"rendered":"<div data-elementor-type=\"wp-page\" data-elementor-id=\"405\" class=\"elementor elementor-405\">\n\t\t\t\t<div class=\"elementor-element elementor-element-33b8ce2 e-flex e-con-boxed e-con e-parent\" data-id=\"33b8ce2\" data-element_type=\"container\" data-e-type=\"container\">\n\t\t\t\t\t<div class=\"e-con-inner\">\n\t\t\t\t<div class=\"elementor-element elementor-element-b98f2a8 elementor-widget elementor-widget-heading\" data-id=\"b98f2a8\" data-element_type=\"widget\" data-e-type=\"widget\" data-widget_type=\"heading.default\">\n\t\t\t\t<div class=\"elementor-widget-container\">\n\t\t\t\t\t<h2 class=\"elementor-heading-title elementor-size-default\">Om oss<\/h2>\t\t\t\t<\/div>\n\t\t\t\t<\/div>\n\t\t\t\t\t<\/div>\n\t\t\t\t<\/div>\n\t\t<div class=\"elementor-element elementor-element-d63580b e-flex e-con-boxed e-con e-parent\" data-id=\"d63580b\" data-element_type=\"container\" data-e-type=\"container\">\n\t\t\t\t\t<div class=\"e-con-inner\">\n\t\t\t\t<div class=\"elementor-element elementor-element-fe09692 elementor-widget elementor-widget-image\" data-id=\"fe09692\" data-element_type=\"widget\" data-e-type=\"widget\" data-widget_type=\"image.default\">\n\t\t\t\t<div class=\"elementor-widget-container\">\n\t\t\t\t\t\t\t\t\t\t\t\t\t\t\t<img fetchpriority=\"high\" decoding=\"async\" width=\"1024\" height=\"768\" src=\"https:\/\/myguard.online\/wp-content\/uploads\/2025\/05\/image-24.jpg\" class=\"attachment-large size-large wp-image-407\" alt=\"\" srcset=\"https:\/\/myguard.online\/wp-content\/uploads\/2025\/05\/image-24.jpg 1024w, https:\/\/myguard.online\/wp-content\/uploads\/2025\/05\/image-24-300x225.jpg 300w, https:\/\/myguard.online\/wp-content\/uploads\/2025\/05\/image-24-768x576.jpg 768w, https:\/\/myguard.online\/wp-content\/uploads\/2025\/05\/image-24-16x12.jpg 16w\" sizes=\"(max-width: 1024px) 100vw, 1024px\" \/>\t\t\t\t\t\t\t\t\t\t\t\t\t\t\t<\/div>\n\t\t\t\t<\/div>\n\t\t\t\t<div class=\"elementor-element elementor-element-891c472 elementor-widget elementor-widget-text-editor\" data-id=\"891c472\" data-element_type=\"widget\" data-e-type=\"widget\" data-widget_type=\"text-editor.default\">\n\t\t\t\t<div class=\"elementor-widget-container\">\n\t\t\t\t\t\t\t\t\t<div>\n<h4 class=\"css-146c3p1 r-bcqeeo r-1ttztb7 r-qvutc0 r-37j5jr r-a023e6 r-16dba41 r-1adg3ll r-1b5gpbm r-a8ghvy\" dir=\"ltr\"><span class=\"css-1jxf684 r-bcqeeo r-1ttztb7 r-qvutc0 r-poiln3\"><span class=\"css-1jxf684 r-bcqeeo r-1ttztb7 r-qvutc0 r-poiln3 r-b88u0q r-a8ghvy\"><span class=\"css-1jxf684 r-bcqeeo r-1ttztb7 r-qvutc0 r-poiln3 r-a8ghvy\">Om oss \u2013 MyGuard.online<\/span><\/span><br><span class=\"css-1jxf684 r-bcqeeo r-1ttztb7 r-qvutc0 r-poiln3 r-b88u0q r-a8ghvy\"><span class=\"css-1jxf684 r-bcqeeo r-1ttztb7 r-qvutc0 r-poiln3 r-a8ghvy\">Vi g\u00f6r internet tryggare f\u00f6r alla<\/span><\/span><\/span><\/h4>\n<div class=\"css-146c3p1 r-bcqeeo r-1ttztb7 r-qvutc0 r-37j5jr r-a023e6 r-16dba41 r-1adg3ll r-1b5gpbm r-a8ghvy\" dir=\"ltr\"><span class=\"css-1jxf684 r-bcqeeo r-1ttztb7 r-qvutc0 r-poiln3\"><span class=\"css-1jxf684 r-bcqeeo r-1ttztb7 r-qvutc0 r-poiln3 r-a8ghvy\">P\u00e5 MyGuard.online drivs vi av ett tydligt m\u00e5l: att skydda dig fr\u00e5n bedr\u00e4gerier och os\u00e4kra upplevelser p\u00e5 n\u00e4tet. Vi \u00e4r ett team av engagerade IT-s\u00e4kerhetsexperter som sett hur bedr\u00e4gerier sprids p\u00e5 plattformar som Facebook, TikTok, Google och webbshoppar. Det ville vi \u00e4ndra p\u00e5.<\/span><\/span><\/div><div class=\"css-146c3p1 r-bcqeeo r-1ttztb7 r-qvutc0 r-37j5jr r-a023e6 r-16dba41 r-1adg3ll r-1b5gpbm r-a8ghvy\" dir=\"ltr\"><span class=\"css-1jxf684 r-bcqeeo r-1ttztb7 r-qvutc0 r-poiln3\"><span class=\"css-1jxf684 r-bcqeeo r-1ttztb7 r-qvutc0 r-poiln3 r-a8ghvy\"><br><\/span><\/span><\/div>\n<div class=\"css-146c3p1 r-bcqeeo r-1ttztb7 r-qvutc0 r-37j5jr r-a023e6 r-16dba41 r-1adg3ll r-1b5gpbm r-a8ghvy\" dir=\"ltr\"><span class=\"css-1jxf684 r-bcqeeo r-1ttztb7 r-qvutc0 r-poiln3\"><span class=\"css-1jxf684 r-bcqeeo r-1ttztb7 r-qvutc0 r-poiln3 r-a8ghvy\">Med avancerad AI-teknologi och en passion f\u00f6r digital s\u00e4kerhet har vi utvecklat MyGuard \u2013 ett kraftfullt webbl\u00e4sartill\u00e4gg som identifierar och blockerar bedr\u00e4gliga webbplatser, tj\u00e4nster och andra hot i realtid.&nbsp;<\/span><\/span><\/div><div class=\"css-146c3p1 r-bcqeeo r-1ttztb7 r-qvutc0 r-37j5jr r-a023e6 r-16dba41 r-1adg3ll r-1b5gpbm r-a8ghvy\" dir=\"ltr\"><span class=\"css-1jxf684 r-bcqeeo r-1ttztb7 r-qvutc0 r-poiln3\"><span class=\"css-1jxf684 r-bcqeeo r-1ttztb7 r-qvutc0 r-poiln3 r-a8ghvy\"><br><\/span><\/span><\/div><div class=\"css-146c3p1 r-bcqeeo r-1ttztb7 r-qvutc0 r-37j5jr r-a023e6 r-16dba41 r-1adg3ll r-1b5gpbm r-a8ghvy\" dir=\"ltr\"><span class=\"css-1jxf684 r-bcqeeo r-1ttztb7 r-qvutc0 r-poiln3\"><span class=\"css-1jxf684 r-bcqeeo r-1ttztb7 r-qvutc0 r-poiln3 r-a8ghvy\">V\u00e5r teknologi analyserar och motverkar risker med precision, s\u00e5 att du kan surfa, handla och kommunicera online med trygghet.<\/span><\/span><\/div>\n<div class=\"css-146c3p1 r-bcqeeo r-1ttztb7 r-qvutc0 r-37j5jr r-a023e6 r-16dba41 r-1adg3ll r-1b5gpbm r-a8ghvy\" dir=\"ltr\"><span class=\"css-1jxf684 r-bcqeeo r-1ttztb7 r-qvutc0 r-poiln3\"><span class=\"css-1jxf684 r-bcqeeo r-1ttztb7 r-qvutc0 r-poiln3 r-a8ghvy\"><br><\/span><\/span><\/div><div class=\"css-146c3p1 r-bcqeeo r-1ttztb7 r-qvutc0 r-37j5jr r-a023e6 r-16dba41 r-1adg3ll r-1b5gpbm r-a8ghvy\" dir=\"ltr\"><span class=\"css-1jxf684 r-bcqeeo r-1ttztb7 r-qvutc0 r-poiln3\"><span class=\"css-1jxf684 r-bcqeeo r-1ttztb7 r-qvutc0 r-poiln3 r-a8ghvy\">Vi tror p\u00e5 en v\u00e4rld d\u00e4r ingen ska beh\u00f6va oroa sig f\u00f6r att bli lurad p\u00e5 n\u00e4tet. D\u00e4rf\u00f6r arbetar vi varje dag f\u00f6r att g\u00f6ra internet s\u00e4krare \u2013 f\u00f6r dig, dina n\u00e4ra och alla som anv\u00e4nder digitala plattformar.<\/span><\/span><\/div>\n<div class=\"css-146c3p1 r-bcqeeo r-1ttztb7 r-qvutc0 r-37j5jr r-a023e6 r-16dba41 r-1adg3ll r-1b5gpbm r-a8ghvy\" dir=\"ltr\"><span class=\"css-1jxf684 r-bcqeeo r-1ttztb7 r-qvutc0 r-poiln3\"><span class=\"css-1jxf684 r-bcqeeo r-1ttztb7 r-qvutc0 r-poiln3 r-b88u0q r-a8ghvy\"><span class=\"css-1jxf684 r-bcqeeo r-1ttztb7 r-qvutc0 r-poiln3 r-a8ghvy\"><br><\/span><\/span><\/span><\/div><div class=\"css-146c3p1 r-bcqeeo r-1ttztb7 r-qvutc0 r-37j5jr r-a023e6 r-16dba41 r-1adg3ll r-1b5gpbm r-a8ghvy\" dir=\"ltr\"><span class=\"css-1jxf684 r-bcqeeo r-1ttztb7 r-qvutc0 r-poiln3\"><span class=\"css-1jxf684 r-bcqeeo r-1ttztb7 r-qvutc0 r-poiln3 r-b88u0q r-a8ghvy\"><span class=\"css-1jxf684 r-bcqeeo r-1ttztb7 r-qvutc0 r-poiln3 r-a8ghvy\">Varf\u00f6r v\u00e4lja MyGuard?<\/span><\/span> <\/span><\/div>\n<ul dir=\"ltr\">\n<li>\n<div class=\"css-146c3p1 r-bcqeeo r-1ttztb7 r-qvutc0 r-37j5jr r-a023e6 r-rjixqe r-16dba41\" dir=\"ltr\"><span class=\"css-1jxf684 r-bcqeeo r-1ttztb7 r-qvutc0 r-poiln3 r-b88u0q r-a8ghvy\"><span class=\"css-1jxf684 r-bcqeeo r-1ttztb7 r-qvutc0 r-poiln3\"><span class=\"css-1jxf684 r-bcqeeo r-1ttztb7 r-qvutc0 r-poiln3 r-a8ghvy\">Expertis<\/span><\/span><\/span><span class=\"css-1jxf684 r-bcqeeo r-1ttztb7 r-qvutc0 r-poiln3 r-a8ghvy\"><span class=\"css-1jxf684 r-bcqeeo r-1ttztb7 r-qvutc0 r-poiln3\">: V\u00e5rt team best\u00e5r av erfarna IT-s\u00e4kerhetsspecialister med djup kunskap om digitala hot. <\/span><\/span><\/div>\n<\/li>\n<li>\n<div class=\"css-146c3p1 r-bcqeeo r-1ttztb7 r-qvutc0 r-37j5jr r-a023e6 r-rjixqe r-16dba41\" dir=\"ltr\"><span class=\"css-1jxf684 r-bcqeeo r-1ttztb7 r-qvutc0 r-poiln3 r-b88u0q r-a8ghvy\"><span class=\"css-1jxf684 r-bcqeeo r-1ttztb7 r-qvutc0 r-poiln3\"><span class=\"css-1jxf684 r-bcqeeo r-1ttztb7 r-qvutc0 r-poiln3 r-a8ghvy\">Innovativ teknologi<\/span><\/span><\/span><span class=\"css-1jxf684 r-bcqeeo r-1ttztb7 r-qvutc0 r-poiln3 r-a8ghvy\"><span class=\"css-1jxf684 r-bcqeeo r-1ttztb7 r-qvutc0 r-poiln3\">: V\u00e5r AI-drivna motor arbetar i bakgrunden f\u00f6r att skydda dig, snabbt och effektivt. <\/span><\/span><\/div>\n<\/li>\n<li>\n<div class=\"css-146c3p1 r-bcqeeo r-1ttztb7 r-qvutc0 r-37j5jr r-a023e6 r-rjixqe r-16dba41\" dir=\"ltr\"><span class=\"css-1jxf684 r-bcqeeo r-1ttztb7 r-qvutc0 r-poiln3 r-b88u0q r-a8ghvy\"><span class=\"css-1jxf684 r-bcqeeo r-1ttztb7 r-qvutc0 r-poiln3\"><span class=\"css-1jxf684 r-bcqeeo r-1ttztb7 r-qvutc0 r-poiln3 r-a8ghvy\">Engagemang<\/span><\/span><\/span><span class=\"css-1jxf684 r-bcqeeo r-1ttztb7 r-qvutc0 r-poiln3 r-a8ghvy\"><span class=\"css-1jxf684 r-bcqeeo r-1ttztb7 r-qvutc0 r-poiln3\">: Vi drivs av en genuin vilja att skapa en tryggare digital v\u00e4rld.<\/span><\/span><\/div>\n<\/li>\n<\/ul>\n<div class=\"css-146c3p1 r-bcqeeo r-1ttztb7 r-qvutc0 r-37j5jr r-a023e6 r-16dba41 r-1adg3ll r-1b5gpbm r-a8ghvy\" dir=\"ltr\"><span class=\"css-1jxf684 r-bcqeeo r-1ttztb7 r-qvutc0 r-poiln3\"><span class=\"css-1jxf684 r-bcqeeo r-1ttztb7 r-qvutc0 r-poiln3 r-a8ghvy\">Tillsammans bygger vi ett s\u00e4krare internet. V\u00e4lkommen att f\u00f6lja med oss p\u00e5 resan!<\/span><\/span><\/div>\n<\/div>\t\t\t\t\t\t\t\t<\/div>\n\t\t\t\t<\/div>\n\t\t\t\t\t<\/div>\n\t\t\t\t<\/div>\n\t\t\t\t<\/div>","protected":false},"excerpt":{"rendered":"<p>Om oss Om oss \u2013 MyGuard.onlineVi g\u00f6r internet tryggare f\u00f6r alla P\u00e5 MyGuard.online drivs vi av ett tydligt m\u00e5l: att [&hellip;]<\/p>\n","protected":false},"author":1,"featured_media":0,"parent":0,"menu_order":0,"comment_status":"closed","ping_status":"closed","template":"","meta":{"site-sidebar-layout":"no-sidebar","site-content-layout":"","ast-site-content-layout":"full-width-container","site-content-style":"default","site-sidebar-style":"default","ast-global-header-display":"","ast-banner-title-visibility":"","ast-main-header-display":"","ast-hfb-above-header-display":"","ast-hfb-below-header-display":"","ast-hfb-mobile-header-display":"","site-post-title":"disabled","ast-breadcrumbs-content":"","ast-featured-img":"disabled","footer-sml-layout":"","theme-transparent-header-meta":"","adv-header-id-meta":"","stick-header-meta":"","header-above-stick-meta":"","header-main-stick-meta":"","header-below-stick-meta":"","astra-migrate-meta-layouts":"default","ast-page-background-enabled":"default","ast-page-background-meta":{"desktop":{"background-color":"var(--ast-global-color-5)","background-image":"","background-repeat":"repeat","background-position":"center center","background-size":"auto","background-attachment":"scroll","background-type":"","background-media":"","overlay-type":"","overlay-color":"","overlay-opacity":"","overlay-gradient":""},"tablet":{"background-color":"","background-image":"","background-repeat":"repeat","background-position":"center center","background-size":"auto","background-attachment":"scroll","background-type":"","background-media":"","overlay-type":"","overlay-color":"","overlay-opacity":"","overlay-gradient":""},"mobile":{"background-color":"","background-image":"","background-repeat":"repeat","background-position":"center center","background-size":"auto","background-attachment":"scroll","background-type":"","background-media":"","overlay-type":"","overlay-color":"","overlay-opacity":"","overlay-gradient":""}},"ast-content-background-meta":{"desktop":{"background-color":"var(--ast-global-color-4)","background-image":"","background-repeat":"repeat","background-position":"center center","background-size":"auto","background-attachment":"scroll","background-type":"","background-media":"","overlay-type":"","overlay-color":"","overlay-opacity":"","overlay-gradient":""},"tablet":{"background-color":"var(--ast-global-color-4)","background-image":"","background-repeat":"repeat","background-position":"center center","background-size":"auto","background-attachment":"scroll","background-type":"","background-media":"","overlay-type":"","overlay-color":"","overlay-opacity":"","overlay-gradient":""},"mobile":{"background-color":"var(--ast-global-color-4)","background-image":"","background-repeat":"repeat","background-position":"center center","background-size":"auto","background-attachment":"scroll","background-type":"","background-media":"","overlay-type":"","overlay-color":"","overlay-opacity":"","overlay-gradient":""}},"footnotes":""},"class_list":["post-405","page","type-page","status-publish","hentry"],"yoast_head":"<!-- This site is optimized with the Yoast SEO plugin v27.5 - https:\/\/yoast.com\/product\/yoast-seo-wordpress\/ -->\n<title>Om oss - D\u00e4r teknologi m\u00f6ter tillit.<\/title>\n<meta name=\"robots\" content=\"index, follow, max-snippet:-1, max-image-preview:large, max-video-preview:-1\" \/>\n<link rel=\"canonical\" href=\"https:\/\/myguard.online\/en\/om-oss\/\" \/>\n<meta property=\"og:locale\" content=\"en_GB\" \/>\n<meta property=\"og:type\" content=\"article\" \/>\n<meta property=\"og:title\" content=\"Om oss - D\u00e4r teknologi m\u00f6ter tillit.\" \/>\n<meta property=\"og:description\" content=\"Om oss Om oss \u2013 MyGuard.onlineVi g\u00f6r internet tryggare f\u00f6r alla P\u00e5 MyGuard.online drivs vi av ett tydligt m\u00e5l: att [&hellip;]\" \/>\n<meta property=\"og:url\" content=\"https:\/\/myguard.online\/en\/om-oss\/\" \/>\n<meta property=\"og:site_name\" content=\"D\u00e4r teknologi m\u00f6ter tillit.\" \/>\n<meta property=\"article:publisher\" content=\"https:\/\/www.facebook.com\/myguard.online\" \/>\n<meta property=\"article:modified_time\" content=\"2025-05-10T10:27:22+00:00\" \/>\n<meta property=\"og:image\" content=\"https:\/\/myguard.online\/wp-content\/uploads\/2025\/05\/image-24.jpg\" \/>\n<meta name=\"twitter:card\" content=\"summary_large_image\" \/>\n<meta name=\"twitter:site\" content=\"@MyGuard_Online\" \/>\n<meta name=\"twitter:label1\" content=\"Estimated reading time\" \/>\n\t<meta name=\"twitter:data1\" content=\"2 minutes\" \/>\n<script type=\"application\/ld+json\" class=\"yoast-schema-graph\">{\"@context\":\"https:\\\/\\\/schema.org\",\"@graph\":[{\"@type\":\"WebPage\",\"@id\":\"https:\\\/\\\/myguard.online\\\/om-oss\\\/\",\"url\":\"https:\\\/\\\/myguard.online\\\/om-oss\\\/\",\"name\":\"Om oss - D\u00e4r teknologi m\u00f6ter tillit.\",\"isPartOf\":{\"@id\":\"https:\\\/\\\/myguard.online\\\/#website\"},\"primaryImageOfPage\":{\"@id\":\"https:\\\/\\\/myguard.online\\\/om-oss\\\/#primaryimage\"},\"image\":{\"@id\":\"https:\\\/\\\/myguard.online\\\/om-oss\\\/#primaryimage\"},\"thumbnailUrl\":\"https:\\\/\\\/myguard.online\\\/wp-content\\\/uploads\\\/2025\\\/05\\\/image-24.jpg\",\"datePublished\":\"2025-05-04T19:46:00+00:00\",\"dateModified\":\"2025-05-10T10:27:22+00:00\",\"breadcrumb\":{\"@id\":\"https:\\\/\\\/myguard.online\\\/om-oss\\\/#breadcrumb\"},\"inLanguage\":\"en-GB\",\"potentialAction\":[{\"@type\":\"ReadAction\",\"target\":[\"https:\\\/\\\/myguard.online\\\/om-oss\\\/\"]}]},{\"@type\":\"ImageObject\",\"inLanguage\":\"en-GB\",\"@id\":\"https:\\\/\\\/myguard.online\\\/om-oss\\\/#primaryimage\",\"url\":\"https:\\\/\\\/myguard.online\\\/wp-content\\\/uploads\\\/2025\\\/05\\\/image-24.jpg\",\"contentUrl\":\"https:\\\/\\\/myguard.online\\\/wp-content\\\/uploads\\\/2025\\\/05\\\/image-24.jpg\"},{\"@type\":\"BreadcrumbList\",\"@id\":\"https:\\\/\\\/myguard.online\\\/om-oss\\\/#breadcrumb\",\"itemListElement\":[{\"@type\":\"ListItem\",\"position\":1,\"name\":\"Hem\",\"item\":\"https:\\\/\\\/myguard.online\\\/\"},{\"@type\":\"ListItem\",\"position\":2,\"name\":\"Om oss\"}]},{\"@type\":\"WebSite\",\"@id\":\"https:\\\/\\\/myguard.online\\\/#website\",\"url\":\"https:\\\/\\\/myguard.online\\\/\",\"name\":\"D\u00e4r teknologi m\u00f6ter tillit.\",\"description\":\"D\u00e4r teknologi m\u00f6ter tillit.\",\"publisher\":{\"@id\":\"https:\\\/\\\/myguard.online\\\/#organization\"},\"potentialAction\":[{\"@type\":\"SearchAction\",\"target\":{\"@type\":\"EntryPoint\",\"urlTemplate\":\"https:\\\/\\\/myguard.online\\\/?s={search_term_string}\"},\"query-input\":{\"@type\":\"PropertyValueSpecification\",\"valueRequired\":true,\"valueName\":\"search_term_string\"}}],\"inLanguage\":\"en-GB\"},{\"@type\":\"Organization\",\"@id\":\"https:\\\/\\\/myguard.online\\\/#organization\",\"name\":\"MyGuard.online\",\"url\":\"https:\\\/\\\/myguard.online\\\/\",\"logo\":{\"@type\":\"ImageObject\",\"inLanguage\":\"en-GB\",\"@id\":\"https:\\\/\\\/myguard.online\\\/#\\\/schema\\\/logo\\\/image\\\/\",\"url\":\"https:\\\/\\\/myguard.online\\\/wp-content\\\/uploads\\\/2025\\\/05\\\/myguard_logo_01-removebg-preview-_5_.svg\",\"contentUrl\":\"https:\\\/\\\/myguard.online\\\/wp-content\\\/uploads\\\/2025\\\/05\\\/myguard_logo_01-removebg-preview-_5_.svg\",\"width\":633,\"height\":195,\"caption\":\"MyGuard.online\"},\"image\":{\"@id\":\"https:\\\/\\\/myguard.online\\\/#\\\/schema\\\/logo\\\/image\\\/\"},\"sameAs\":[\"https:\\\/\\\/www.facebook.com\\\/myguard.online\",\"https:\\\/\\\/x.com\\\/MyGuard_Online\",\"https:\\\/\\\/bsky.app\\\/profile\\\/myguard.online\"]}]}<\/script>\n<!-- \/ Yoast SEO plugin. -->","yoast_head_json":{"title":"Om oss - D\u00e4r teknologi m\u00f6ter tillit.","robots":{"index":"index","follow":"follow","max-snippet":"max-snippet:-1","max-image-preview":"max-image-preview:large","max-video-preview":"max-video-preview:-1"},"canonical":"https:\/\/myguard.online\/en\/om-oss\/","og_locale":"en_GB","og_type":"article","og_title":"Om oss - D\u00e4r teknologi m\u00f6ter tillit.","og_description":"Om oss Om oss \u2013 MyGuard.onlineVi g\u00f6r internet tryggare f\u00f6r alla P\u00e5 MyGuard.online drivs vi av ett tydligt m\u00e5l: att [&hellip;]","og_url":"https:\/\/myguard.online\/en\/om-oss\/","og_site_name":"D\u00e4r teknologi m\u00f6ter tillit.","article_publisher":"https:\/\/www.facebook.com\/myguard.online","article_modified_time":"2025-05-10T10:27:22+00:00","og_image":[{"url":"https:\/\/myguard.online\/wp-content\/uploads\/2025\/05\/image-24.jpg","type":"","width":"","height":""}],"twitter_card":"summary_large_image","twitter_site":"@MyGuard_Online","twitter_misc":{"Estimated reading time":"2 minutes"},"schema":{"@context":"https:\/\/schema.org","@graph":[{"@type":"WebPage","@id":"https:\/\/myguard.online\/om-oss\/","url":"https:\/\/myguard.online\/om-oss\/","name":"Om oss - D\u00e4r teknologi m\u00f6ter tillit.","isPartOf":{"@id":"https:\/\/myguard.online\/#website"},"primaryImageOfPage":{"@id":"https:\/\/myguard.online\/om-oss\/#primaryimage"},"image":{"@id":"https:\/\/myguard.online\/om-oss\/#primaryimage"},"thumbnailUrl":"https:\/\/myguard.online\/wp-content\/uploads\/2025\/05\/image-24.jpg","datePublished":"2025-05-04T19:46:00+00:00","dateModified":"2025-05-10T10:27:22+00:00","breadcrumb":{"@id":"https:\/\/myguard.online\/om-oss\/#breadcrumb"},"inLanguage":"en-GB","potentialAction":[{"@type":"ReadAction","target":["https:\/\/myguard.online\/om-oss\/"]}]},{"@type":"ImageObject","inLanguage":"en-GB","@id":"https:\/\/myguard.online\/om-oss\/#primaryimage","url":"https:\/\/myguard.online\/wp-content\/uploads\/2025\/05\/image-24.jpg","contentUrl":"https:\/\/myguard.online\/wp-content\/uploads\/2025\/05\/image-24.jpg"},{"@type":"BreadcrumbList","@id":"https:\/\/myguard.online\/om-oss\/#breadcrumb","itemListElement":[{"@type":"ListItem","position":1,"name":"Hem","item":"https:\/\/myguard.online\/"},{"@type":"ListItem","position":2,"name":"Om oss"}]},{"@type":"WebSite","@id":"https:\/\/myguard.online\/#website","url":"https:\/\/myguard.online\/","name":"D\u00e4r teknologi m\u00f6ter tillit.","description":"D\u00e4r teknologi m\u00f6ter tillit.","publisher":{"@id":"https:\/\/myguard.online\/#organization"},"potentialAction":[{"@type":"SearchAction","target":{"@type":"EntryPoint","urlTemplate":"https:\/\/myguard.online\/?s={search_term_string}"},"query-input":{"@type":"PropertyValueSpecification","valueRequired":true,"valueName":"search_term_string"}}],"inLanguage":"en-GB"},{"@type":"Organization","@id":"https:\/\/myguard.online\/#organization","name":"MyGuard.online","url":"https:\/\/myguard.online\/","logo":{"@type":"ImageObject","inLanguage":"en-GB","@id":"https:\/\/myguard.online\/#\/schema\/logo\/image\/","url":"https:\/\/myguard.online\/wp-content\/uploads\/2025\/05\/myguard_logo_01-removebg-preview-_5_.svg","contentUrl":"https:\/\/myguard.online\/wp-content\/uploads\/2025\/05\/myguard_logo_01-removebg-preview-_5_.svg","width":633,"height":195,"caption":"MyGuard.online"},"image":{"@id":"https:\/\/myguard.online\/#\/schema\/logo\/image\/"},"sameAs":["https:\/\/www.facebook.com\/myguard.online","https:\/\/x.com\/MyGuard_Online","https:\/\/bsky.app\/profile\/myguard.online"]}]}},"_links":{"self":[{"href":"https:\/\/myguard.online\/en\/wp-json\/wp\/v2\/pages\/405","targetHints":{"allow":["GET"]}}],"collection":[{"href":"https:\/\/myguard.online\/en\/wp-json\/wp\/v2\/pages"}],"about":[{"href":"https:\/\/myguard.online\/en\/wp-json\/wp\/v2\/types\/page"}],"author":[{"embeddable":true,"href":"https:\/\/myguard.online\/en\/wp-json\/wp\/v2\/users\/1"}],"replies":[{"embeddable":true,"href":"https:\/\/myguard.online\/en\/wp-json\/wp\/v2\/comments?post=405"}],"version-history":[{"count":13,"href":"https:\/\/myguard.online\/en\/wp-json\/wp\/v2\/pages\/405\/revisions"}],"predecessor-version":[{"id":522,"href":"https:\/\/myguard.online\/en\/wp-json\/wp\/v2\/pages\/405\/revisions\/522"}],"wp:attachment":[{"href":"https:\/\/myguard.online\/en\/wp-json\/wp\/v2\/media?parent=405"}],"curies":[{"name":"wp","href":"https:\/\/api.w.org\/{rel}","templated":true}]}}