{"id":331,"date":"2025-05-03T23:55:16","date_gmt":"2025-05-03T21:55:16","guid":{"rendered":"http:\/\/myguard.online\/?page_id=331"},"modified":"2025-05-10T11:00:08","modified_gmt":"2025-05-10T09:00:08","slug":"support","status":"publish","type":"page","link":"https:\/\/myguard.online\/en\/support\/","title":{"rendered":"support"},"content":{"rendered":"<div data-elementor-type=\"wp-page\" data-elementor-id=\"331\" class=\"elementor elementor-331\">\n\t\t\t\t<div class=\"elementor-element elementor-element-b8cc3f8 e-flex e-con-boxed e-con e-parent\" data-id=\"b8cc3f8\" data-element_type=\"container\" data-e-type=\"container\">\n\t\t\t\t\t<div class=\"e-con-inner\">\n\t\t\t\t<div class=\"elementor-element elementor-element-69cdfee elementor-widget elementor-widget-heading\" data-id=\"69cdfee\" data-element_type=\"widget\" data-e-type=\"widget\" data-widget_type=\"heading.default\">\n\t\t\t\t<div class=\"elementor-widget-container\">\n\t\t\t\t\t<h2 class=\"elementor-heading-title elementor-size-default\">Support f\u00f6r konsumentskydd<\/h2>\t\t\t\t<\/div>\n\t\t\t\t<\/div>\n\t\t\t\t\t<\/div>\n\t\t\t\t<\/div>\n\t\t<div class=\"elementor-element elementor-element-24dc41c e-flex e-con-boxed e-con e-parent\" data-id=\"24dc41c\" data-element_type=\"container\" data-e-type=\"container\">\n\t\t\t\t\t<div class=\"e-con-inner\">\n\t\t\t\t<div class=\"elementor-element elementor-element-87ea961 elementor-widget elementor-widget-image\" data-id=\"87ea961\" data-element_type=\"widget\" data-e-type=\"widget\" data-widget_type=\"image.default\">\n\t\t\t\t<div class=\"elementor-widget-container\">\n\t\t\t\t\t\t\t\t\t\t\t\t\t\t\t<img fetchpriority=\"high\" decoding=\"async\" width=\"1024\" height=\"768\" src=\"https:\/\/myguard.online\/wp-content\/uploads\/2025\/05\/image-22.jpg\" class=\"attachment-large size-large wp-image-334\" alt=\"\" srcset=\"https:\/\/myguard.online\/wp-content\/uploads\/2025\/05\/image-22.jpg 1024w, https:\/\/myguard.online\/wp-content\/uploads\/2025\/05\/image-22-300x225.jpg 300w, https:\/\/myguard.online\/wp-content\/uploads\/2025\/05\/image-22-768x576.jpg 768w, https:\/\/myguard.online\/wp-content\/uploads\/2025\/05\/image-22-16x12.jpg 16w\" sizes=\"(max-width: 1024px) 100vw, 1024px\" \/>\t\t\t\t\t\t\t\t\t\t\t\t\t\t\t<\/div>\n\t\t\t\t<\/div>\n\t\t\t\t\t<\/div>\n\t\t\t\t<\/div>\n\t\t<div class=\"elementor-element elementor-element-27c0473 e-flex e-con-boxed e-con e-parent\" data-id=\"27c0473\" data-element_type=\"container\" data-e-type=\"container\">\n\t\t\t\t\t<div class=\"e-con-inner\">\n\t\t\t\t<div class=\"elementor-element elementor-element-ef0d853 elementor-widget elementor-widget-heading\" data-id=\"ef0d853\" data-element_type=\"widget\" data-e-type=\"widget\" data-widget_type=\"heading.default\">\n\t\t\t\t<div class=\"elementor-widget-container\">\n\t\t\t\t\t<h2 class=\"elementor-heading-title elementor-size-default\">Support f\u00f6r v\u00e5ra webbl\u00e4sar till\u00e4gg och appar.<\/h2>\t\t\t\t<\/div>\n\t\t\t\t<\/div>\n\t\t\t\t\t<\/div>\n\t\t\t\t<\/div>\n\t\t\t\t<\/div>","protected":false},"excerpt":{"rendered":"<p>Support f\u00f6r konsumentskydd Support f\u00f6r v\u00e5ra webbl\u00e4sar till\u00e4gg och appar.<\/p>","protected":false},"author":1,"featured_media":0,"parent":0,"menu_order":0,"comment_status":"closed","ping_status":"closed","template":"","meta":{"site-sidebar-layout":"no-sidebar","site-content-layout":"","ast-site-content-layout":"full-width-container","site-content-style":"default","site-sidebar-style":"default","ast-global-header-display":"","ast-banner-title-visibility":"","ast-main-header-display":"","ast-hfb-above-header-display":"","ast-hfb-below-header-display":"","ast-hfb-mobile-header-display":"","site-post-title":"disabled","ast-breadcrumbs-content":"","ast-featured-img":"disabled","footer-sml-layout":"","theme-transparent-header-meta":"","adv-header-id-meta":"","stick-header-meta":"","header-above-stick-meta":"","header-main-stick-meta":"","header-below-stick-meta":"","astra-migrate-meta-layouts":"default","ast-page-background-enabled":"default","ast-page-background-meta":{"desktop":{"background-color":"var(--ast-global-color-5)","background-image":"","background-repeat":"repeat","background-position":"center center","background-size":"auto","background-attachment":"scroll","background-type":"","background-media":"","overlay-type":"","overlay-color":"","overlay-opacity":"","overlay-gradient":""},"tablet":{"background-color":"","background-image":"","background-repeat":"repeat","background-position":"center center","background-size":"auto","background-attachment":"scroll","background-type":"","background-media":"","overlay-type":"","overlay-color":"","overlay-opacity":"","overlay-gradient":""},"mobile":{"background-color":"","background-image":"","background-repeat":"repeat","background-position":"center center","background-size":"auto","background-attachment":"scroll","background-type":"","background-media":"","overlay-type":"","overlay-color":"","overlay-opacity":"","overlay-gradient":""}},"ast-content-background-meta":{"desktop":{"background-color":"var(--ast-global-color-4)","background-image":"","background-repeat":"repeat","background-position":"center center","background-size":"auto","background-attachment":"scroll","background-type":"","background-media":"","overlay-type":"","overlay-color":"","overlay-opacity":"","overlay-gradient":""},"tablet":{"background-color":"var(--ast-global-color-4)","background-image":"","background-repeat":"repeat","background-position":"center center","background-size":"auto","background-attachment":"scroll","background-type":"","background-media":"","overlay-type":"","overlay-color":"","overlay-opacity":"","overlay-gradient":""},"mobile":{"background-color":"var(--ast-global-color-4)","background-image":"","background-repeat":"repeat","background-position":"center center","background-size":"auto","background-attachment":"scroll","background-type":"","background-media":"","overlay-type":"","overlay-color":"","overlay-opacity":"","overlay-gradient":""}},"footnotes":""},"class_list":["post-331","page","type-page","status-publish","hentry"],"yoast_head":"<!-- This site is optimized with the Yoast SEO plugin v27.5 - https:\/\/yoast.com\/product\/yoast-seo-wordpress\/ -->\n<title>support - D\u00e4r teknologi m\u00f6ter tillit.<\/title>\n<meta name=\"robots\" content=\"index, follow, max-snippet:-1, max-image-preview:large, max-video-preview:-1\" \/>\n<link rel=\"canonical\" href=\"https:\/\/myguard.online\/en\/support\/\" \/>\n<meta property=\"og:locale\" content=\"en_GB\" \/>\n<meta property=\"og:type\" content=\"article\" \/>\n<meta property=\"og:title\" content=\"support - D\u00e4r teknologi m\u00f6ter tillit.\" \/>\n<meta property=\"og:description\" content=\"Support f\u00f6r konsumentskydd Support f\u00f6r v\u00e5ra webbl\u00e4sar till\u00e4gg och appar.\" \/>\n<meta property=\"og:url\" content=\"https:\/\/myguard.online\/en\/support\/\" \/>\n<meta property=\"og:site_name\" content=\"D\u00e4r teknologi m\u00f6ter tillit.\" \/>\n<meta property=\"article:publisher\" content=\"https:\/\/www.facebook.com\/myguard.online\" \/>\n<meta property=\"article:modified_time\" content=\"2025-05-10T09:00:08+00:00\" \/>\n<meta property=\"og:image\" content=\"https:\/\/myguard.online\/wp-content\/uploads\/2025\/05\/image-22.jpg\" \/>\n<meta name=\"twitter:card\" content=\"summary_large_image\" \/>\n<meta name=\"twitter:site\" content=\"@MyGuard_Online\" \/>\n<meta name=\"twitter:label1\" content=\"Estimated reading time\" \/>\n\t<meta name=\"twitter:data1\" content=\"1 minute\" \/>\n<script type=\"application\/ld+json\" class=\"yoast-schema-graph\">{\"@context\":\"https:\\\/\\\/schema.org\",\"@graph\":[{\"@type\":\"WebPage\",\"@id\":\"https:\\\/\\\/myguard.online\\\/support\\\/\",\"url\":\"https:\\\/\\\/myguard.online\\\/support\\\/\",\"name\":\"support - D\u00e4r teknologi m\u00f6ter tillit.\",\"isPartOf\":{\"@id\":\"https:\\\/\\\/myguard.online\\\/#website\"},\"primaryImageOfPage\":{\"@id\":\"https:\\\/\\\/myguard.online\\\/support\\\/#primaryimage\"},\"image\":{\"@id\":\"https:\\\/\\\/myguard.online\\\/support\\\/#primaryimage\"},\"thumbnailUrl\":\"https:\\\/\\\/myguard.online\\\/wp-content\\\/uploads\\\/2025\\\/05\\\/image-22.jpg\",\"datePublished\":\"2025-05-03T21:55:16+00:00\",\"dateModified\":\"2025-05-10T09:00:08+00:00\",\"breadcrumb\":{\"@id\":\"https:\\\/\\\/myguard.online\\\/support\\\/#breadcrumb\"},\"inLanguage\":\"en-GB\",\"potentialAction\":[{\"@type\":\"ReadAction\",\"target\":[\"https:\\\/\\\/myguard.online\\\/support\\\/\"]}]},{\"@type\":\"ImageObject\",\"inLanguage\":\"en-GB\",\"@id\":\"https:\\\/\\\/myguard.online\\\/support\\\/#primaryimage\",\"url\":\"https:\\\/\\\/myguard.online\\\/wp-content\\\/uploads\\\/2025\\\/05\\\/image-22.jpg\",\"contentUrl\":\"https:\\\/\\\/myguard.online\\\/wp-content\\\/uploads\\\/2025\\\/05\\\/image-22.jpg\"},{\"@type\":\"BreadcrumbList\",\"@id\":\"https:\\\/\\\/myguard.online\\\/support\\\/#breadcrumb\",\"itemListElement\":[{\"@type\":\"ListItem\",\"position\":1,\"name\":\"Hem\",\"item\":\"https:\\\/\\\/myguard.online\\\/\"},{\"@type\":\"ListItem\",\"position\":2,\"name\":\"support\"}]},{\"@type\":\"WebSite\",\"@id\":\"https:\\\/\\\/myguard.online\\\/#website\",\"url\":\"https:\\\/\\\/myguard.online\\\/\",\"name\":\"D\u00e4r teknologi m\u00f6ter tillit.\",\"description\":\"D\u00e4r teknologi m\u00f6ter tillit.\",\"publisher\":{\"@id\":\"https:\\\/\\\/myguard.online\\\/#organization\"},\"potentialAction\":[{\"@type\":\"SearchAction\",\"target\":{\"@type\":\"EntryPoint\",\"urlTemplate\":\"https:\\\/\\\/myguard.online\\\/?s={search_term_string}\"},\"query-input\":{\"@type\":\"PropertyValueSpecification\",\"valueRequired\":true,\"valueName\":\"search_term_string\"}}],\"inLanguage\":\"en-GB\"},{\"@type\":\"Organization\",\"@id\":\"https:\\\/\\\/myguard.online\\\/#organization\",\"name\":\"MyGuard.online\",\"url\":\"https:\\\/\\\/myguard.online\\\/\",\"logo\":{\"@type\":\"ImageObject\",\"inLanguage\":\"en-GB\",\"@id\":\"https:\\\/\\\/myguard.online\\\/#\\\/schema\\\/logo\\\/image\\\/\",\"url\":\"https:\\\/\\\/myguard.online\\\/wp-content\\\/uploads\\\/2025\\\/05\\\/myguard_logo_01-removebg-preview-_5_.svg\",\"contentUrl\":\"https:\\\/\\\/myguard.online\\\/wp-content\\\/uploads\\\/2025\\\/05\\\/myguard_logo_01-removebg-preview-_5_.svg\",\"width\":633,\"height\":195,\"caption\":\"MyGuard.online\"},\"image\":{\"@id\":\"https:\\\/\\\/myguard.online\\\/#\\\/schema\\\/logo\\\/image\\\/\"},\"sameAs\":[\"https:\\\/\\\/www.facebook.com\\\/myguard.online\",\"https:\\\/\\\/x.com\\\/MyGuard_Online\",\"https:\\\/\\\/bsky.app\\\/profile\\\/myguard.online\"]}]}<\/script>\n<!-- \/ Yoast SEO plugin. -->","yoast_head_json":{"title":"support - D\u00e4r teknologi m\u00f6ter tillit.","robots":{"index":"index","follow":"follow","max-snippet":"max-snippet:-1","max-image-preview":"max-image-preview:large","max-video-preview":"max-video-preview:-1"},"canonical":"https:\/\/myguard.online\/en\/support\/","og_locale":"en_GB","og_type":"article","og_title":"support - D\u00e4r teknologi m\u00f6ter tillit.","og_description":"Support f\u00f6r konsumentskydd Support f\u00f6r v\u00e5ra webbl\u00e4sar till\u00e4gg och appar.","og_url":"https:\/\/myguard.online\/en\/support\/","og_site_name":"D\u00e4r teknologi m\u00f6ter tillit.","article_publisher":"https:\/\/www.facebook.com\/myguard.online","article_modified_time":"2025-05-10T09:00:08+00:00","og_image":[{"url":"https:\/\/myguard.online\/wp-content\/uploads\/2025\/05\/image-22.jpg","type":"","width":"","height":""}],"twitter_card":"summary_large_image","twitter_site":"@MyGuard_Online","twitter_misc":{"Estimated reading time":"1 minute"},"schema":{"@context":"https:\/\/schema.org","@graph":[{"@type":"WebPage","@id":"https:\/\/myguard.online\/support\/","url":"https:\/\/myguard.online\/support\/","name":"support - D\u00e4r teknologi m\u00f6ter tillit.","isPartOf":{"@id":"https:\/\/myguard.online\/#website"},"primaryImageOfPage":{"@id":"https:\/\/myguard.online\/support\/#primaryimage"},"image":{"@id":"https:\/\/myguard.online\/support\/#primaryimage"},"thumbnailUrl":"https:\/\/myguard.online\/wp-content\/uploads\/2025\/05\/image-22.jpg","datePublished":"2025-05-03T21:55:16+00:00","dateModified":"2025-05-10T09:00:08+00:00","breadcrumb":{"@id":"https:\/\/myguard.online\/support\/#breadcrumb"},"inLanguage":"en-GB","potentialAction":[{"@type":"ReadAction","target":["https:\/\/myguard.online\/support\/"]}]},{"@type":"ImageObject","inLanguage":"en-GB","@id":"https:\/\/myguard.online\/support\/#primaryimage","url":"https:\/\/myguard.online\/wp-content\/uploads\/2025\/05\/image-22.jpg","contentUrl":"https:\/\/myguard.online\/wp-content\/uploads\/2025\/05\/image-22.jpg"},{"@type":"BreadcrumbList","@id":"https:\/\/myguard.online\/support\/#breadcrumb","itemListElement":[{"@type":"ListItem","position":1,"name":"Hem","item":"https:\/\/myguard.online\/"},{"@type":"ListItem","position":2,"name":"support"}]},{"@type":"WebSite","@id":"https:\/\/myguard.online\/#website","url":"https:\/\/myguard.online\/","name":"D\u00e4r teknologi m\u00f6ter tillit.","description":"D\u00e4r teknologi m\u00f6ter tillit.","publisher":{"@id":"https:\/\/myguard.online\/#organization"},"potentialAction":[{"@type":"SearchAction","target":{"@type":"EntryPoint","urlTemplate":"https:\/\/myguard.online\/?s={search_term_string}"},"query-input":{"@type":"PropertyValueSpecification","valueRequired":true,"valueName":"search_term_string"}}],"inLanguage":"en-GB"},{"@type":"Organization","@id":"https:\/\/myguard.online\/#organization","name":"MyGuard.online","url":"https:\/\/myguard.online\/","logo":{"@type":"ImageObject","inLanguage":"en-GB","@id":"https:\/\/myguard.online\/#\/schema\/logo\/image\/","url":"https:\/\/myguard.online\/wp-content\/uploads\/2025\/05\/myguard_logo_01-removebg-preview-_5_.svg","contentUrl":"https:\/\/myguard.online\/wp-content\/uploads\/2025\/05\/myguard_logo_01-removebg-preview-_5_.svg","width":633,"height":195,"caption":"MyGuard.online"},"image":{"@id":"https:\/\/myguard.online\/#\/schema\/logo\/image\/"},"sameAs":["https:\/\/www.facebook.com\/myguard.online","https:\/\/x.com\/MyGuard_Online","https:\/\/bsky.app\/profile\/myguard.online"]}]}},"_links":{"self":[{"href":"https:\/\/myguard.online\/en\/wp-json\/wp\/v2\/pages\/331","targetHints":{"allow":["GET"]}}],"collection":[{"href":"https:\/\/myguard.online\/en\/wp-json\/wp\/v2\/pages"}],"about":[{"href":"https:\/\/myguard.online\/en\/wp-json\/wp\/v2\/types\/page"}],"author":[{"embeddable":true,"href":"https:\/\/myguard.online\/en\/wp-json\/wp\/v2\/users\/1"}],"replies":[{"embeddable":true,"href":"https:\/\/myguard.online\/en\/wp-json\/wp\/v2\/comments?post=331"}],"version-history":[{"count":10,"href":"https:\/\/myguard.online\/en\/wp-json\/wp\/v2\/pages\/331\/revisions"}],"predecessor-version":[{"id":488,"href":"https:\/\/myguard.online\/en\/wp-json\/wp\/v2\/pages\/331\/revisions\/488"}],"wp:attachment":[{"href":"https:\/\/myguard.online\/en\/wp-json\/wp\/v2\/media?parent=331"}],"curies":[{"name":"wp","href":"https:\/\/api.w.org\/{rel}","templated":true}]}}