{"id":312,"date":"2025-05-03T23:25:24","date_gmt":"2025-05-03T21:25:24","guid":{"rendered":"http:\/\/myguard.online\/?page_id=312"},"modified":"2025-05-03T23:53:30","modified_gmt":"2025-05-03T21:53:30","slug":"ios-app","status":"publish","type":"page","link":"https:\/\/myguard.online\/en\/ios-app\/","title":{"rendered":"appar mobil"},"content":{"rendered":"<div data-elementor-type=\"wp-page\" data-elementor-id=\"312\" class=\"elementor elementor-312\">\n\t\t\t\t<div class=\"elementor-element elementor-element-73daca4 e-flex e-con-boxed e-con e-parent\" data-id=\"73daca4\" data-element_type=\"container\" data-e-type=\"container\">\n\t\t\t\t\t<div class=\"e-con-inner\">\n\t\t\t\t<div class=\"elementor-element elementor-element-115b507 elementor-widget elementor-widget-heading\" data-id=\"115b507\" data-element_type=\"widget\" data-e-type=\"widget\" data-widget_type=\"heading.default\">\n\t\t\t\t<div class=\"elementor-widget-container\">\n\t\t\t\t\t<h2 class=\"elementor-heading-title elementor-size-default\">Applikationer Mobil<\/h2>\t\t\t\t<\/div>\n\t\t\t\t<\/div>\n\t\t\t\t<div class=\"elementor-element elementor-element-169208e elementor-widget elementor-widget-image\" data-id=\"169208e\" data-element_type=\"widget\" data-e-type=\"widget\" data-widget_type=\"image.default\">\n\t\t\t\t<div class=\"elementor-widget-container\">\n\t\t\t\t\t\t\t\t\t\t\t\t<figure class=\"wp-caption\">\n\t\t\t\t\t\t\t\t\t\t<img decoding=\"async\" src=\"https:\/\/myguard.online\/wp-content\/uploads\/elementor\/thumbs\/Simulator-Screenshot-iPhone-16-Pro-2025-04-15-at-22.26.28-scaled-r5a7vpngzzutp523jlx1nd5bbe7ks5suwpvpow1o1s.png\" title=\"Simulator Screenshot &#8211; iPhone 16 Pro &#8211; 2025-04-15 at 22.26.28\" alt=\"Simulator Screenshot - iPhone 16 Pro - 2025-04-15 at 22.26.28\" loading=\"lazy\" \/>\t\t\t\t\t\t\t\t\t\t\t<figcaption class=\"widget-image-caption wp-caption-text\">Exempel p\u00e5 varning p\u00e5 iphone med MyGuard<\/figcaption>\n\t\t\t\t\t\t\t\t\t\t<\/figure>\n\t\t\t\t\t\t\t\t\t<\/div>\n\t\t\t\t<\/div>\n\t\t\t\t<div class=\"elementor-element elementor-element-bc81332 elementor-position-top elementor-widget elementor-widget-image-box\" data-id=\"bc81332\" data-element_type=\"widget\" data-e-type=\"widget\" data-widget_type=\"image-box.default\">\n\t\t\t\t<div class=\"elementor-widget-container\">\n\t\t\t\t\t<div class=\"elementor-image-box-wrapper\"><figure class=\"elementor-image-box-img\"><img fetchpriority=\"high\" decoding=\"async\" width=\"1127\" height=\"1127\" src=\"https:\/\/myguard.online\/wp-content\/uploads\/2025\/05\/qr-code-MyGuard-3.1.png\" class=\"attachment-full size-full wp-image-315\" alt=\"\" srcset=\"https:\/\/myguard.online\/wp-content\/uploads\/2025\/05\/qr-code-MyGuard-3.1.png 1127w, https:\/\/myguard.online\/wp-content\/uploads\/2025\/05\/qr-code-MyGuard-3.1-300x300.png 300w, https:\/\/myguard.online\/wp-content\/uploads\/2025\/05\/qr-code-MyGuard-3.1-1024x1024.png 1024w, https:\/\/myguard.online\/wp-content\/uploads\/2025\/05\/qr-code-MyGuard-3.1-150x150.png 150w, https:\/\/myguard.online\/wp-content\/uploads\/2025\/05\/qr-code-MyGuard-3.1-768x768.png 768w, https:\/\/myguard.online\/wp-content\/uploads\/2025\/05\/qr-code-MyGuard-3.1-12x12.png 12w\" sizes=\"(max-width: 1127px) 100vw, 1127px\" \/><\/figure><div class=\"elementor-image-box-content\"><h3 class=\"elementor-image-box-title\">QR kod f\u00f6r installation av MyGuard p\u00e5 ios<\/h3><p class=\"elementor-image-box-description\">Om du tar kameran och tar en bild p\u00e5 QR koden ovan s\u00e5 kommer du direkt till MyGuard p\u00e5 appstore. <\/p><\/div><\/div>\t\t\t\t<\/div>\n\t\t\t\t<\/div>\n\t\t\t\t<div class=\"elementor-element elementor-element-062b064 elementor-widget elementor-widget-text-editor\" data-id=\"062b064\" data-element_type=\"widget\" data-e-type=\"widget\" data-widget_type=\"text-editor.default\">\n\t\t\t\t<div class=\"elementor-widget-container\">\n\t\t\t\t\t\t\t\t\t<p>Om du f\u00f6redrar att klicka p\u00e5 en l\u00e4nk: <a href=\"https:\/\/apps.apple.com\/se\/app\/myguard-online-3-1\/id6744528181\">https:\/\/apps.apple.com\/se\/app\/myguard-online-3-1\/<\/a><\/p><div>Observera att Apples strikta s\u00e4kerhetsramverk inte till\u00e5ter externa datauppslag fr\u00e5n den inbyggda webbl\u00e4saren. D\u00e4rf\u00f6r har vi utvecklat en egen ultral\u00e4tt webbl\u00e4sare som g\u00f6r uppslag mot v\u00e5ra system. Om du vill kontrollera en webbplats beh\u00f6ver du kopiera l\u00e4nken och klistra in den i MyGuard-webbl\u00e4saren f\u00f6r att se resultatet. Detta inneb\u00e4r ett extra steg, men j\u00e4mf\u00f6rt med att manuellt granska en webbplats \u00e4r det b\u00e5de snabbare och mer tillf\u00f6rlitligt. P\u00e5 varje sida med kategorier f\u00e5r du en tooltip med texten fr\u00e5n kategorierna, om du s\u00e4tter fingret p\u00e5 texten kan du skrolla f\u00f6r o l\u00e4sa mer, tooltip st\u00e4nger sig automatiskt efter 2 sekunder men kan kallas tillbaka med den r\u00f6da\/gula sk\u00f6lden som finns uppe i h\u00f6rnet p\u00e5 alla sidor med kategorier.<\/div>\t\t\t\t\t\t\t\t<\/div>\n\t\t\t\t<\/div>\n\t\t\t\t\t<\/div>\n\t\t\t\t<\/div>\n\t\t<div class=\"elementor-element elementor-element-57e0756 e-flex e-con-boxed e-con e-parent\" data-id=\"57e0756\" data-element_type=\"container\" data-e-type=\"container\">\n\t\t\t\t\t<div class=\"e-con-inner\">\n\t\t\t\t<div class=\"elementor-element elementor-element-abac254 elementor-position-top elementor-widget elementor-widget-image-box\" data-id=\"abac254\" data-element_type=\"widget\" data-e-type=\"widget\" data-widget_type=\"image-box.default\">\n\t\t\t\t<div class=\"elementor-widget-container\">\n\t\t\t\t\t<div class=\"elementor-image-box-wrapper\"><figure class=\"elementor-image-box-img\"><img decoding=\"async\" width=\"1024\" height=\"768\" src=\"https:\/\/myguard.online\/wp-content\/uploads\/2025\/05\/image-21.jpg\" class=\"attachment-full size-full wp-image-320\" alt=\"\" srcset=\"https:\/\/myguard.online\/wp-content\/uploads\/2025\/05\/image-21.jpg 1024w, https:\/\/myguard.online\/wp-content\/uploads\/2025\/05\/image-21-300x225.jpg 300w, https:\/\/myguard.online\/wp-content\/uploads\/2025\/05\/image-21-768x576.jpg 768w, https:\/\/myguard.online\/wp-content\/uploads\/2025\/05\/image-21-16x12.jpg 16w\" sizes=\"(max-width: 1024px) 100vw, 1024px\" \/><\/figure><div class=\"elementor-image-box-content\"><h3 class=\"elementor-image-box-title\">Android Mozilla Firefox med MyGuard<\/h3><p class=\"elementor-image-box-description\">P\u00e5 Android till\u00e5ter inte tillverkaren webbl\u00e4sartill\u00e4gg i den inbyggda webbl\u00e4saren. D\u00e4rf\u00f6r kan man antingen skapa en separat app, som p\u00e5 iOS, eller anpassa sitt webbl\u00e4sartill\u00e4gg till Firefox. Vi valde det senare.\n\n<\/p><\/div><\/div>\t\t\t\t<\/div>\n\t\t\t\t<\/div>\n\t\t\t\t<div class=\"elementor-element elementor-element-f2ef2c8 elementor-widget elementor-widget-text-editor\" data-id=\"f2ef2c8\" data-element_type=\"widget\" data-e-type=\"widget\" data-widget_type=\"text-editor.default\">\n\t\t\t\t<div class=\"elementor-widget-container\">\n\t\t\t\t\t\t\t\t\t<p>L\u00e4nk till Mozilla store:\u00a0<a href=\"https:\/\/addons.mozilla.org\/sv-SE\/firefox\/addon\/myguard-online-3-1\/\">https:\/\/addons.mozilla.org\/sv-SE\/firefox\/addon\/myguard-online-3-1\/<\/a> denna fungerar med som det vanliga webbl\u00e4sar till\u00e4gger utan dom begr\u00e4nsningar som finns p\u00e5 ios.<\/p>\t\t\t\t\t\t\t\t<\/div>\n\t\t\t\t<\/div>\n\t\t\t\t\t<\/div>\n\t\t\t\t<\/div>\n\t\t\t\t<\/div>","protected":false},"excerpt":{"rendered":"<p>Applikationer Mobil Exempel p\u00e5 varning p\u00e5 iphone med MyGuard QR kod f\u00f6r installation av MyGuard p\u00e5 ios Om du tar [&hellip;]<\/p>\n","protected":false},"author":1,"featured_media":0,"parent":0,"menu_order":0,"comment_status":"closed","ping_status":"closed","template":"","meta":{"site-sidebar-layout":"no-sidebar","site-content-layout":"","ast-site-content-layout":"full-width-container","site-content-style":"default","site-sidebar-style":"default","ast-global-header-display":"","ast-banner-title-visibility":"","ast-main-header-display":"","ast-hfb-above-header-display":"","ast-hfb-below-header-display":"","ast-hfb-mobile-header-display":"","site-post-title":"disabled","ast-breadcrumbs-content":"","ast-featured-img":"disabled","footer-sml-layout":"","theme-transparent-header-meta":"","adv-header-id-meta":"","stick-header-meta":"","header-above-stick-meta":"","header-main-stick-meta":"","header-below-stick-meta":"","astra-migrate-meta-layouts":"default","ast-page-background-enabled":"default","ast-page-background-meta":{"desktop":{"background-color":"var(--ast-global-color-5)","background-image":"","background-repeat":"repeat","background-position":"center center","background-size":"auto","background-attachment":"scroll","background-type":"","background-media":"","overlay-type":"","overlay-color":"","overlay-opacity":"","overlay-gradient":""},"tablet":{"background-color":"","background-image":"","background-repeat":"repeat","background-position":"center center","background-size":"auto","background-attachment":"scroll","background-type":"","background-media":"","overlay-type":"","overlay-color":"","overlay-opacity":"","overlay-gradient":""},"mobile":{"background-color":"","background-image":"","background-repeat":"repeat","background-position":"center center","background-size":"auto","background-attachment":"scroll","background-type":"","background-media":"","overlay-type":"","overlay-color":"","overlay-opacity":"","overlay-gradient":""}},"ast-content-background-meta":{"desktop":{"background-color":"var(--ast-global-color-4)","background-image":"","background-repeat":"repeat","background-position":"center center","background-size":"auto","background-attachment":"scroll","background-type":"","background-media":"","overlay-type":"","overlay-color":"","overlay-opacity":"","overlay-gradient":""},"tablet":{"background-color":"var(--ast-global-color-4)","background-image":"","background-repeat":"repeat","background-position":"center center","background-size":"auto","background-attachment":"scroll","background-type":"","background-media":"","overlay-type":"","overlay-color":"","overlay-opacity":"","overlay-gradient":""},"mobile":{"background-color":"var(--ast-global-color-4)","background-image":"","background-repeat":"repeat","background-position":"center center","background-size":"auto","background-attachment":"scroll","background-type":"","background-media":"","overlay-type":"","overlay-color":"","overlay-opacity":"","overlay-gradient":""}},"footnotes":""},"class_list":["post-312","page","type-page","status-publish","hentry"],"yoast_head":"<!-- This site is optimized with the Yoast SEO plugin v27.5 - https:\/\/yoast.com\/product\/yoast-seo-wordpress\/ -->\n<title>appar mobil - D\u00e4r teknologi m\u00f6ter tillit.<\/title>\n<meta name=\"robots\" content=\"index, follow, max-snippet:-1, max-image-preview:large, max-video-preview:-1\" \/>\n<link rel=\"canonical\" href=\"https:\/\/myguard.online\/en\/ios-app\/\" \/>\n<meta property=\"og:locale\" content=\"en_GB\" \/>\n<meta property=\"og:type\" content=\"article\" \/>\n<meta property=\"og:title\" content=\"appar mobil - D\u00e4r teknologi m\u00f6ter tillit.\" \/>\n<meta property=\"og:description\" content=\"Applikationer Mobil Exempel p\u00e5 varning p\u00e5 iphone med MyGuard QR kod f\u00f6r installation av MyGuard p\u00e5 ios Om du tar [&hellip;]\" \/>\n<meta property=\"og:url\" content=\"https:\/\/myguard.online\/en\/ios-app\/\" \/>\n<meta property=\"og:site_name\" content=\"D\u00e4r teknologi m\u00f6ter tillit.\" \/>\n<meta property=\"article:publisher\" content=\"https:\/\/www.facebook.com\/myguard.online\" \/>\n<meta property=\"article:modified_time\" content=\"2025-05-03T21:53:30+00:00\" \/>\n<meta property=\"og:image\" content=\"http:\/\/myguard.online\/wp-content\/uploads\/elementor\/thumbs\/Simulator-Screenshot-iPhone-16-Pro-2025-04-15-at-22.26.28-scaled-r5a7vpngzzutp523jlx1nd5bbe7ks5suwpvpow1o1s.png\" \/>\n<meta name=\"twitter:card\" content=\"summary_large_image\" \/>\n<meta name=\"twitter:site\" content=\"@MyGuard_Online\" \/>\n<meta name=\"twitter:label1\" content=\"Estimated reading time\" \/>\n\t<meta name=\"twitter:data1\" content=\"1 minute\" \/>\n<script type=\"application\/ld+json\" class=\"yoast-schema-graph\">{\"@context\":\"https:\\\/\\\/schema.org\",\"@graph\":[{\"@type\":\"WebPage\",\"@id\":\"https:\\\/\\\/myguard.online\\\/ios-app\\\/\",\"url\":\"https:\\\/\\\/myguard.online\\\/ios-app\\\/\",\"name\":\"appar mobil - D\u00e4r teknologi m\u00f6ter tillit.\",\"isPartOf\":{\"@id\":\"https:\\\/\\\/myguard.online\\\/#website\"},\"primaryImageOfPage\":{\"@id\":\"https:\\\/\\\/myguard.online\\\/ios-app\\\/#primaryimage\"},\"image\":{\"@id\":\"https:\\\/\\\/myguard.online\\\/ios-app\\\/#primaryimage\"},\"thumbnailUrl\":\"http:\\\/\\\/myguard.online\\\/wp-content\\\/uploads\\\/elementor\\\/thumbs\\\/Simulator-Screenshot-iPhone-16-Pro-2025-04-15-at-22.26.28-scaled-r5a7vpngzzutp523jlx1nd5bbe7ks5suwpvpow1o1s.png\",\"datePublished\":\"2025-05-03T21:25:24+00:00\",\"dateModified\":\"2025-05-03T21:53:30+00:00\",\"breadcrumb\":{\"@id\":\"https:\\\/\\\/myguard.online\\\/ios-app\\\/#breadcrumb\"},\"inLanguage\":\"en-GB\",\"potentialAction\":[{\"@type\":\"ReadAction\",\"target\":[\"https:\\\/\\\/myguard.online\\\/ios-app\\\/\"]}]},{\"@type\":\"ImageObject\",\"inLanguage\":\"en-GB\",\"@id\":\"https:\\\/\\\/myguard.online\\\/ios-app\\\/#primaryimage\",\"url\":\"http:\\\/\\\/myguard.online\\\/wp-content\\\/uploads\\\/elementor\\\/thumbs\\\/Simulator-Screenshot-iPhone-16-Pro-2025-04-15-at-22.26.28-scaled-r5a7vpngzzutp523jlx1nd5bbe7ks5suwpvpow1o1s.png\",\"contentUrl\":\"http:\\\/\\\/myguard.online\\\/wp-content\\\/uploads\\\/elementor\\\/thumbs\\\/Simulator-Screenshot-iPhone-16-Pro-2025-04-15-at-22.26.28-scaled-r5a7vpngzzutp523jlx1nd5bbe7ks5suwpvpow1o1s.png\"},{\"@type\":\"BreadcrumbList\",\"@id\":\"https:\\\/\\\/myguard.online\\\/ios-app\\\/#breadcrumb\",\"itemListElement\":[{\"@type\":\"ListItem\",\"position\":1,\"name\":\"Hem\",\"item\":\"https:\\\/\\\/myguard.online\\\/\"},{\"@type\":\"ListItem\",\"position\":2,\"name\":\"appar mobil\"}]},{\"@type\":\"WebSite\",\"@id\":\"https:\\\/\\\/myguard.online\\\/#website\",\"url\":\"https:\\\/\\\/myguard.online\\\/\",\"name\":\"D\u00e4r teknologi m\u00f6ter tillit.\",\"description\":\"D\u00e4r teknologi m\u00f6ter tillit.\",\"publisher\":{\"@id\":\"https:\\\/\\\/myguard.online\\\/#organization\"},\"potentialAction\":[{\"@type\":\"SearchAction\",\"target\":{\"@type\":\"EntryPoint\",\"urlTemplate\":\"https:\\\/\\\/myguard.online\\\/?s={search_term_string}\"},\"query-input\":{\"@type\":\"PropertyValueSpecification\",\"valueRequired\":true,\"valueName\":\"search_term_string\"}}],\"inLanguage\":\"en-GB\"},{\"@type\":\"Organization\",\"@id\":\"https:\\\/\\\/myguard.online\\\/#organization\",\"name\":\"MyGuard.online\",\"url\":\"https:\\\/\\\/myguard.online\\\/\",\"logo\":{\"@type\":\"ImageObject\",\"inLanguage\":\"en-GB\",\"@id\":\"https:\\\/\\\/myguard.online\\\/#\\\/schema\\\/logo\\\/image\\\/\",\"url\":\"https:\\\/\\\/myguard.online\\\/wp-content\\\/uploads\\\/2025\\\/05\\\/myguard_logo_01-removebg-preview-_5_.svg\",\"contentUrl\":\"https:\\\/\\\/myguard.online\\\/wp-content\\\/uploads\\\/2025\\\/05\\\/myguard_logo_01-removebg-preview-_5_.svg\",\"width\":633,\"height\":195,\"caption\":\"MyGuard.online\"},\"image\":{\"@id\":\"https:\\\/\\\/myguard.online\\\/#\\\/schema\\\/logo\\\/image\\\/\"},\"sameAs\":[\"https:\\\/\\\/www.facebook.com\\\/myguard.online\",\"https:\\\/\\\/x.com\\\/MyGuard_Online\",\"https:\\\/\\\/bsky.app\\\/profile\\\/myguard.online\"]}]}<\/script>\n<!-- \/ Yoast SEO plugin. -->","yoast_head_json":{"title":"appar mobil - D\u00e4r teknologi m\u00f6ter tillit.","robots":{"index":"index","follow":"follow","max-snippet":"max-snippet:-1","max-image-preview":"max-image-preview:large","max-video-preview":"max-video-preview:-1"},"canonical":"https:\/\/myguard.online\/en\/ios-app\/","og_locale":"en_GB","og_type":"article","og_title":"appar mobil - D\u00e4r teknologi m\u00f6ter tillit.","og_description":"Applikationer Mobil Exempel p\u00e5 varning p\u00e5 iphone med MyGuard QR kod f\u00f6r installation av MyGuard p\u00e5 ios Om du tar [&hellip;]","og_url":"https:\/\/myguard.online\/en\/ios-app\/","og_site_name":"D\u00e4r teknologi m\u00f6ter tillit.","article_publisher":"https:\/\/www.facebook.com\/myguard.online","article_modified_time":"2025-05-03T21:53:30+00:00","og_image":[{"url":"http:\/\/myguard.online\/wp-content\/uploads\/elementor\/thumbs\/Simulator-Screenshot-iPhone-16-Pro-2025-04-15-at-22.26.28-scaled-r5a7vpngzzutp523jlx1nd5bbe7ks5suwpvpow1o1s.png","type":"","width":"","height":""}],"twitter_card":"summary_large_image","twitter_site":"@MyGuard_Online","twitter_misc":{"Estimated reading time":"1 minute"},"schema":{"@context":"https:\/\/schema.org","@graph":[{"@type":"WebPage","@id":"https:\/\/myguard.online\/ios-app\/","url":"https:\/\/myguard.online\/ios-app\/","name":"appar mobil - D\u00e4r teknologi m\u00f6ter tillit.","isPartOf":{"@id":"https:\/\/myguard.online\/#website"},"primaryImageOfPage":{"@id":"https:\/\/myguard.online\/ios-app\/#primaryimage"},"image":{"@id":"https:\/\/myguard.online\/ios-app\/#primaryimage"},"thumbnailUrl":"http:\/\/myguard.online\/wp-content\/uploads\/elementor\/thumbs\/Simulator-Screenshot-iPhone-16-Pro-2025-04-15-at-22.26.28-scaled-r5a7vpngzzutp523jlx1nd5bbe7ks5suwpvpow1o1s.png","datePublished":"2025-05-03T21:25:24+00:00","dateModified":"2025-05-03T21:53:30+00:00","breadcrumb":{"@id":"https:\/\/myguard.online\/ios-app\/#breadcrumb"},"inLanguage":"en-GB","potentialAction":[{"@type":"ReadAction","target":["https:\/\/myguard.online\/ios-app\/"]}]},{"@type":"ImageObject","inLanguage":"en-GB","@id":"https:\/\/myguard.online\/ios-app\/#primaryimage","url":"http:\/\/myguard.online\/wp-content\/uploads\/elementor\/thumbs\/Simulator-Screenshot-iPhone-16-Pro-2025-04-15-at-22.26.28-scaled-r5a7vpngzzutp523jlx1nd5bbe7ks5suwpvpow1o1s.png","contentUrl":"http:\/\/myguard.online\/wp-content\/uploads\/elementor\/thumbs\/Simulator-Screenshot-iPhone-16-Pro-2025-04-15-at-22.26.28-scaled-r5a7vpngzzutp523jlx1nd5bbe7ks5suwpvpow1o1s.png"},{"@type":"BreadcrumbList","@id":"https:\/\/myguard.online\/ios-app\/#breadcrumb","itemListElement":[{"@type":"ListItem","position":1,"name":"Hem","item":"https:\/\/myguard.online\/"},{"@type":"ListItem","position":2,"name":"appar mobil"}]},{"@type":"WebSite","@id":"https:\/\/myguard.online\/#website","url":"https:\/\/myguard.online\/","name":"D\u00e4r teknologi m\u00f6ter tillit.","description":"D\u00e4r teknologi m\u00f6ter tillit.","publisher":{"@id":"https:\/\/myguard.online\/#organization"},"potentialAction":[{"@type":"SearchAction","target":{"@type":"EntryPoint","urlTemplate":"https:\/\/myguard.online\/?s={search_term_string}"},"query-input":{"@type":"PropertyValueSpecification","valueRequired":true,"valueName":"search_term_string"}}],"inLanguage":"en-GB"},{"@type":"Organization","@id":"https:\/\/myguard.online\/#organization","name":"MyGuard.online","url":"https:\/\/myguard.online\/","logo":{"@type":"ImageObject","inLanguage":"en-GB","@id":"https:\/\/myguard.online\/#\/schema\/logo\/image\/","url":"https:\/\/myguard.online\/wp-content\/uploads\/2025\/05\/myguard_logo_01-removebg-preview-_5_.svg","contentUrl":"https:\/\/myguard.online\/wp-content\/uploads\/2025\/05\/myguard_logo_01-removebg-preview-_5_.svg","width":633,"height":195,"caption":"MyGuard.online"},"image":{"@id":"https:\/\/myguard.online\/#\/schema\/logo\/image\/"},"sameAs":["https:\/\/www.facebook.com\/myguard.online","https:\/\/x.com\/MyGuard_Online","https:\/\/bsky.app\/profile\/myguard.online"]}]}},"_links":{"self":[{"href":"https:\/\/myguard.online\/en\/wp-json\/wp\/v2\/pages\/312","targetHints":{"allow":["GET"]}}],"collection":[{"href":"https:\/\/myguard.online\/en\/wp-json\/wp\/v2\/pages"}],"about":[{"href":"https:\/\/myguard.online\/en\/wp-json\/wp\/v2\/types\/page"}],"author":[{"embeddable":true,"href":"https:\/\/myguard.online\/en\/wp-json\/wp\/v2\/users\/1"}],"replies":[{"embeddable":true,"href":"https:\/\/myguard.online\/en\/wp-json\/wp\/v2\/comments?post=312"}],"version-history":[{"count":13,"href":"https:\/\/myguard.online\/en\/wp-json\/wp\/v2\/pages\/312\/revisions"}],"predecessor-version":[{"id":330,"href":"https:\/\/myguard.online\/en\/wp-json\/wp\/v2\/pages\/312\/revisions\/330"}],"wp:attachment":[{"href":"https:\/\/myguard.online\/en\/wp-json\/wp\/v2\/media?parent=312"}],"curies":[{"name":"wp","href":"https:\/\/api.w.org\/{rel}","templated":true}]}}