{"id":265,"date":"2025-05-03T20:16:57","date_gmt":"2025-05-03T18:16:57","guid":{"rendered":"http:\/\/myguard.online\/?page_id=265"},"modified":"2025-05-03T20:17:30","modified_gmt":"2025-05-03T18:17:30","slug":"profesional-services","status":"publish","type":"page","link":"https:\/\/myguard.online\/en\/profesional-services\/","title":{"rendered":"Profesional services"},"content":{"rendered":"<div data-elementor-type=\"wp-page\" data-elementor-id=\"265\" class=\"elementor elementor-265\">\n\t\t\t\t<div class=\"elementor-element elementor-element-b8c1fb7 e-flex e-con-boxed e-con e-parent\" data-id=\"b8c1fb7\" data-element_type=\"container\" data-e-type=\"container\">\n\t\t\t\t\t<div class=\"e-con-inner\">\n\t\t\t\t<div class=\"elementor-element elementor-element-9d12abc elementor-widget elementor-widget-heading\" data-id=\"9d12abc\" data-element_type=\"widget\" data-e-type=\"widget\" data-widget_type=\"heading.default\">\n\t\t\t\t<div class=\"elementor-widget-container\">\n\t\t\t\t\t<h2 class=\"elementor-heading-title elementor-size-default\">MyGuard profesional services<\/h2>\t\t\t\t<\/div>\n\t\t\t\t<\/div>\n\t\t\t\t<div class=\"elementor-element elementor-element-359c8f8 elementor-widget elementor-widget-text-editor\" data-id=\"359c8f8\" data-element_type=\"widget\" data-e-type=\"widget\" data-widget_type=\"text-editor.default\">\n\t\t\t\t<div class=\"elementor-widget-container\">\n\t\t\t\t\t\t\t\t\t<div>At MyGuard, our professional services are delivered by a team of experienced seniors who conduct IT investigations, akin to private investigators, but with a digital focus. We specialize in critical areas like Mergers and Acquisitions (M&amp;A) analysis, sanction checks, and due diligence, ensuring thorough and reliable insights for our clients.<\/div>\t\t\t\t\t\t\t\t<\/div>\n\t\t\t\t<\/div>\n\t\t\t\t<div class=\"elementor-element elementor-element-071dfca elementor-widget elementor-widget-heading\" data-id=\"071dfca\" data-element_type=\"widget\" data-e-type=\"widget\" data-widget_type=\"heading.default\">\n\t\t\t\t<div class=\"elementor-widget-container\">\n\t\t\t\t\t<h2 class=\"elementor-heading-title elementor-size-default\">Role of Eureka Engine<\/h2>\t\t\t\t<\/div>\n\t\t\t\t<\/div>\n\t\t\t\t<div class=\"elementor-element elementor-element-8173213 elementor-widget elementor-widget-text-editor\" data-id=\"8173213\" data-element_type=\"widget\" data-e-type=\"widget\" data-widget_type=\"text-editor.default\">\n\t\t\t\t<div class=\"elementor-widget-container\">\n\t\t\t\t\t\t\t\t\t<div>Our proprietary ML\/AI platform, Eureka Engine, is at the heart of our operations. It manages structured and unstructured data, offering deep search capabilities, real-time monitoring, and advanced analytics. This platform supports compliance, such as GDPR, and enhances efficiency for operations, forensic, and security teams, making it a powerful tool for our investigations.<\/div>\t\t\t\t\t\t\t\t<\/div>\n\t\t\t\t<\/div>\n\t\t\t\t<div class=\"elementor-element elementor-element-b784f26 elementor-widget elementor-widget-image\" data-id=\"b784f26\" data-element_type=\"widget\" data-e-type=\"widget\" data-widget_type=\"image.default\">\n\t\t\t\t<div class=\"elementor-widget-container\">\n\t\t\t\t\t\t\t\t\t\t\t\t\t\t\t<img fetchpriority=\"high\" decoding=\"async\" width=\"636\" height=\"477\" src=\"https:\/\/myguard.online\/wp-content\/uploads\/2025\/05\/pantahei-data8.jpg\" class=\"attachment-large size-large wp-image-169\" alt=\"\" srcset=\"https:\/\/myguard.online\/wp-content\/uploads\/2025\/05\/pantahei-data8.jpg 636w, https:\/\/myguard.online\/wp-content\/uploads\/2025\/05\/pantahei-data8-300x225.jpg 300w\" sizes=\"(max-width: 636px) 100vw, 636px\" \/>\t\t\t\t\t\t\t\t\t\t\t\t\t\t\t<\/div>\n\t\t\t\t<\/div>\n\t\t\t\t<div class=\"elementor-element elementor-element-b0c6937 elementor-widget elementor-widget-heading\" data-id=\"b0c6937\" data-element_type=\"widget\" data-e-type=\"widget\" data-widget_type=\"heading.default\">\n\t\t\t\t<div class=\"elementor-widget-container\">\n\t\t\t\t\t<h2 class=\"elementor-heading-title elementor-size-default\">Data and tools<\/h2>\t\t\t\t<\/div>\n\t\t\t\t<\/div>\n\t\t\t\t<div class=\"elementor-element elementor-element-78b22eb elementor-widget elementor-widget-text-editor\" data-id=\"78b22eb\" data-element_type=\"widget\" data-e-type=\"widget\" data-widget_type=\"text-editor.default\">\n\t\t\t\t<div class=\"elementor-widget-container\">\n\t\t\t\t\t\t\t\t\t<div>We leverage terabytes of company intelligence, providing a robust foundation for our analyses. Additionally, tools like riskdetektor complement our data capabilities, helping us and our customers stay ahead in identifying and mitigating risks, ensuring comprehensive support for our clients.<\/div>\t\t\t\t\t\t\t\t<\/div>\n\t\t\t\t<\/div>\n\t\t\t\t\t<\/div>\n\t\t\t\t<\/div>\n\t\t\t\t<\/div>","protected":false},"excerpt":{"rendered":"<p>MyGuard profesional services At MyGuard, our professional services are delivered by a team of experienced seniors who conduct IT investigations, [&hellip;]<\/p>\n","protected":false},"author":1,"featured_media":0,"parent":0,"menu_order":0,"comment_status":"closed","ping_status":"closed","template":"","meta":{"site-sidebar-layout":"no-sidebar","site-content-layout":"","ast-site-content-layout":"full-width-container","site-content-style":"default","site-sidebar-style":"default","ast-global-header-display":"","ast-banner-title-visibility":"","ast-main-header-display":"","ast-hfb-above-header-display":"","ast-hfb-below-header-display":"","ast-hfb-mobile-header-display":"","site-post-title":"disabled","ast-breadcrumbs-content":"","ast-featured-img":"disabled","footer-sml-layout":"","theme-transparent-header-meta":"","adv-header-id-meta":"","stick-header-meta":"","header-above-stick-meta":"","header-main-stick-meta":"","header-below-stick-meta":"","astra-migrate-meta-layouts":"default","ast-page-background-enabled":"default","ast-page-background-meta":{"desktop":{"background-color":"var(--ast-global-color-5)","background-image":"","background-repeat":"repeat","background-position":"center center","background-size":"auto","background-attachment":"scroll","background-type":"","background-media":"","overlay-type":"","overlay-color":"","overlay-opacity":"","overlay-gradient":""},"tablet":{"background-color":"","background-image":"","background-repeat":"repeat","background-position":"center center","background-size":"auto","background-attachment":"scroll","background-type":"","background-media":"","overlay-type":"","overlay-color":"","overlay-opacity":"","overlay-gradient":""},"mobile":{"background-color":"","background-image":"","background-repeat":"repeat","background-position":"center center","background-size":"auto","background-attachment":"scroll","background-type":"","background-media":"","overlay-type":"","overlay-color":"","overlay-opacity":"","overlay-gradient":""}},"ast-content-background-meta":{"desktop":{"background-color":"var(--ast-global-color-4)","background-image":"","background-repeat":"repeat","background-position":"center center","background-size":"auto","background-attachment":"scroll","background-type":"","background-media":"","overlay-type":"","overlay-color":"","overlay-opacity":"","overlay-gradient":""},"tablet":{"background-color":"var(--ast-global-color-4)","background-image":"","background-repeat":"repeat","background-position":"center center","background-size":"auto","background-attachment":"scroll","background-type":"","background-media":"","overlay-type":"","overlay-color":"","overlay-opacity":"","overlay-gradient":""},"mobile":{"background-color":"var(--ast-global-color-4)","background-image":"","background-repeat":"repeat","background-position":"center center","background-size":"auto","background-attachment":"scroll","background-type":"","background-media":"","overlay-type":"","overlay-color":"","overlay-opacity":"","overlay-gradient":""}},"footnotes":""},"class_list":["post-265","page","type-page","status-publish","hentry"],"yoast_head":"<!-- This site is optimized with the Yoast SEO plugin v27.5 - https:\/\/yoast.com\/product\/yoast-seo-wordpress\/ -->\n<title>Profesional services - D\u00e4r teknologi m\u00f6ter tillit.<\/title>\n<meta name=\"robots\" content=\"index, follow, max-snippet:-1, max-image-preview:large, max-video-preview:-1\" \/>\n<link rel=\"canonical\" href=\"https:\/\/myguard.online\/en\/profesional-services\/\" \/>\n<meta property=\"og:locale\" content=\"en_GB\" \/>\n<meta property=\"og:type\" content=\"article\" \/>\n<meta property=\"og:title\" content=\"Profesional services - D\u00e4r teknologi m\u00f6ter tillit.\" \/>\n<meta property=\"og:description\" content=\"MyGuard profesional services At MyGuard, our professional services are delivered by a team of experienced seniors who conduct IT investigations, [&hellip;]\" \/>\n<meta property=\"og:url\" content=\"https:\/\/myguard.online\/en\/profesional-services\/\" \/>\n<meta property=\"og:site_name\" content=\"D\u00e4r teknologi m\u00f6ter tillit.\" \/>\n<meta property=\"article:publisher\" content=\"https:\/\/www.facebook.com\/myguard.online\" \/>\n<meta property=\"article:modified_time\" content=\"2025-05-03T18:17:30+00:00\" \/>\n<meta property=\"og:image\" content=\"http:\/\/myguard.online\/wp-content\/uploads\/2025\/05\/pantahei-data8.jpg\" \/>\n<meta name=\"twitter:card\" content=\"summary_large_image\" \/>\n<meta name=\"twitter:site\" content=\"@MyGuard_Online\" \/>\n<meta name=\"twitter:label1\" content=\"Estimated reading time\" \/>\n\t<meta name=\"twitter:data1\" content=\"1 minute\" \/>\n<script type=\"application\/ld+json\" class=\"yoast-schema-graph\">{\"@context\":\"https:\\\/\\\/schema.org\",\"@graph\":[{\"@type\":\"WebPage\",\"@id\":\"https:\\\/\\\/myguard.online\\\/en\\\/profesional-services\\\/\",\"url\":\"https:\\\/\\\/myguard.online\\\/en\\\/profesional-services\\\/\",\"name\":\"Profesional services - D\u00e4r teknologi m\u00f6ter tillit.\",\"isPartOf\":{\"@id\":\"https:\\\/\\\/myguard.online\\\/#website\"},\"primaryImageOfPage\":{\"@id\":\"https:\\\/\\\/myguard.online\\\/en\\\/profesional-services\\\/#primaryimage\"},\"image\":{\"@id\":\"https:\\\/\\\/myguard.online\\\/en\\\/profesional-services\\\/#primaryimage\"},\"thumbnailUrl\":\"http:\\\/\\\/myguard.online\\\/wp-content\\\/uploads\\\/2025\\\/05\\\/pantahei-data8.jpg\",\"datePublished\":\"2025-05-03T18:16:57+00:00\",\"dateModified\":\"2025-05-03T18:17:30+00:00\",\"breadcrumb\":{\"@id\":\"https:\\\/\\\/myguard.online\\\/en\\\/profesional-services\\\/#breadcrumb\"},\"inLanguage\":\"en-GB\",\"potentialAction\":[{\"@type\":\"ReadAction\",\"target\":[\"https:\\\/\\\/myguard.online\\\/en\\\/profesional-services\\\/\"]}]},{\"@type\":\"ImageObject\",\"inLanguage\":\"en-GB\",\"@id\":\"https:\\\/\\\/myguard.online\\\/en\\\/profesional-services\\\/#primaryimage\",\"url\":\"http:\\\/\\\/myguard.online\\\/wp-content\\\/uploads\\\/2025\\\/05\\\/pantahei-data8.jpg\",\"contentUrl\":\"http:\\\/\\\/myguard.online\\\/wp-content\\\/uploads\\\/2025\\\/05\\\/pantahei-data8.jpg\"},{\"@type\":\"BreadcrumbList\",\"@id\":\"https:\\\/\\\/myguard.online\\\/en\\\/profesional-services\\\/#breadcrumb\",\"itemListElement\":[{\"@type\":\"ListItem\",\"position\":1,\"name\":\"Hem\",\"item\":\"https:\\\/\\\/myguard.online\\\/\"},{\"@type\":\"ListItem\",\"position\":2,\"name\":\"Profesional services\"}]},{\"@type\":\"WebSite\",\"@id\":\"https:\\\/\\\/myguard.online\\\/#website\",\"url\":\"https:\\\/\\\/myguard.online\\\/\",\"name\":\"D\u00e4r teknologi m\u00f6ter tillit.\",\"description\":\"D\u00e4r teknologi m\u00f6ter tillit.\",\"publisher\":{\"@id\":\"https:\\\/\\\/myguard.online\\\/#organization\"},\"potentialAction\":[{\"@type\":\"SearchAction\",\"target\":{\"@type\":\"EntryPoint\",\"urlTemplate\":\"https:\\\/\\\/myguard.online\\\/?s={search_term_string}\"},\"query-input\":{\"@type\":\"PropertyValueSpecification\",\"valueRequired\":true,\"valueName\":\"search_term_string\"}}],\"inLanguage\":\"en-GB\"},{\"@type\":\"Organization\",\"@id\":\"https:\\\/\\\/myguard.online\\\/#organization\",\"name\":\"MyGuard.online\",\"url\":\"https:\\\/\\\/myguard.online\\\/\",\"logo\":{\"@type\":\"ImageObject\",\"inLanguage\":\"en-GB\",\"@id\":\"https:\\\/\\\/myguard.online\\\/#\\\/schema\\\/logo\\\/image\\\/\",\"url\":\"https:\\\/\\\/myguard.online\\\/wp-content\\\/uploads\\\/2025\\\/05\\\/myguard_logo_01-removebg-preview-_5_.svg\",\"contentUrl\":\"https:\\\/\\\/myguard.online\\\/wp-content\\\/uploads\\\/2025\\\/05\\\/myguard_logo_01-removebg-preview-_5_.svg\",\"width\":633,\"height\":195,\"caption\":\"MyGuard.online\"},\"image\":{\"@id\":\"https:\\\/\\\/myguard.online\\\/#\\\/schema\\\/logo\\\/image\\\/\"},\"sameAs\":[\"https:\\\/\\\/www.facebook.com\\\/myguard.online\",\"https:\\\/\\\/x.com\\\/MyGuard_Online\",\"https:\\\/\\\/bsky.app\\\/profile\\\/myguard.online\"]}]}<\/script>\n<!-- \/ Yoast SEO plugin. -->","yoast_head_json":{"title":"Profesional services - D\u00e4r teknologi m\u00f6ter tillit.","robots":{"index":"index","follow":"follow","max-snippet":"max-snippet:-1","max-image-preview":"max-image-preview:large","max-video-preview":"max-video-preview:-1"},"canonical":"https:\/\/myguard.online\/en\/profesional-services\/","og_locale":"en_GB","og_type":"article","og_title":"Profesional services - D\u00e4r teknologi m\u00f6ter tillit.","og_description":"MyGuard profesional services At MyGuard, our professional services are delivered by a team of experienced seniors who conduct IT investigations, [&hellip;]","og_url":"https:\/\/myguard.online\/en\/profesional-services\/","og_site_name":"D\u00e4r teknologi m\u00f6ter tillit.","article_publisher":"https:\/\/www.facebook.com\/myguard.online","article_modified_time":"2025-05-03T18:17:30+00:00","og_image":[{"url":"http:\/\/myguard.online\/wp-content\/uploads\/2025\/05\/pantahei-data8.jpg","type":"","width":"","height":""}],"twitter_card":"summary_large_image","twitter_site":"@MyGuard_Online","twitter_misc":{"Estimated reading time":"1 minute"},"schema":{"@context":"https:\/\/schema.org","@graph":[{"@type":"WebPage","@id":"https:\/\/myguard.online\/en\/profesional-services\/","url":"https:\/\/myguard.online\/en\/profesional-services\/","name":"Profesional services - D\u00e4r teknologi m\u00f6ter tillit.","isPartOf":{"@id":"https:\/\/myguard.online\/#website"},"primaryImageOfPage":{"@id":"https:\/\/myguard.online\/en\/profesional-services\/#primaryimage"},"image":{"@id":"https:\/\/myguard.online\/en\/profesional-services\/#primaryimage"},"thumbnailUrl":"http:\/\/myguard.online\/wp-content\/uploads\/2025\/05\/pantahei-data8.jpg","datePublished":"2025-05-03T18:16:57+00:00","dateModified":"2025-05-03T18:17:30+00:00","breadcrumb":{"@id":"https:\/\/myguard.online\/en\/profesional-services\/#breadcrumb"},"inLanguage":"en-GB","potentialAction":[{"@type":"ReadAction","target":["https:\/\/myguard.online\/en\/profesional-services\/"]}]},{"@type":"ImageObject","inLanguage":"en-GB","@id":"https:\/\/myguard.online\/en\/profesional-services\/#primaryimage","url":"http:\/\/myguard.online\/wp-content\/uploads\/2025\/05\/pantahei-data8.jpg","contentUrl":"http:\/\/myguard.online\/wp-content\/uploads\/2025\/05\/pantahei-data8.jpg"},{"@type":"BreadcrumbList","@id":"https:\/\/myguard.online\/en\/profesional-services\/#breadcrumb","itemListElement":[{"@type":"ListItem","position":1,"name":"Hem","item":"https:\/\/myguard.online\/"},{"@type":"ListItem","position":2,"name":"Profesional services"}]},{"@type":"WebSite","@id":"https:\/\/myguard.online\/#website","url":"https:\/\/myguard.online\/","name":"D\u00e4r teknologi m\u00f6ter tillit.","description":"D\u00e4r teknologi m\u00f6ter tillit.","publisher":{"@id":"https:\/\/myguard.online\/#organization"},"potentialAction":[{"@type":"SearchAction","target":{"@type":"EntryPoint","urlTemplate":"https:\/\/myguard.online\/?s={search_term_string}"},"query-input":{"@type":"PropertyValueSpecification","valueRequired":true,"valueName":"search_term_string"}}],"inLanguage":"en-GB"},{"@type":"Organization","@id":"https:\/\/myguard.online\/#organization","name":"MyGuard.online","url":"https:\/\/myguard.online\/","logo":{"@type":"ImageObject","inLanguage":"en-GB","@id":"https:\/\/myguard.online\/#\/schema\/logo\/image\/","url":"https:\/\/myguard.online\/wp-content\/uploads\/2025\/05\/myguard_logo_01-removebg-preview-_5_.svg","contentUrl":"https:\/\/myguard.online\/wp-content\/uploads\/2025\/05\/myguard_logo_01-removebg-preview-_5_.svg","width":633,"height":195,"caption":"MyGuard.online"},"image":{"@id":"https:\/\/myguard.online\/#\/schema\/logo\/image\/"},"sameAs":["https:\/\/www.facebook.com\/myguard.online","https:\/\/x.com\/MyGuard_Online","https:\/\/bsky.app\/profile\/myguard.online"]}]}},"_links":{"self":[{"href":"https:\/\/myguard.online\/en\/wp-json\/wp\/v2\/pages\/265","targetHints":{"allow":["GET"]}}],"collection":[{"href":"https:\/\/myguard.online\/en\/wp-json\/wp\/v2\/pages"}],"about":[{"href":"https:\/\/myguard.online\/en\/wp-json\/wp\/v2\/types\/page"}],"author":[{"embeddable":true,"href":"https:\/\/myguard.online\/en\/wp-json\/wp\/v2\/users\/1"}],"replies":[{"embeddable":true,"href":"https:\/\/myguard.online\/en\/wp-json\/wp\/v2\/comments?post=265"}],"version-history":[{"count":4,"href":"https:\/\/myguard.online\/en\/wp-json\/wp\/v2\/pages\/265\/revisions"}],"predecessor-version":[{"id":270,"href":"https:\/\/myguard.online\/en\/wp-json\/wp\/v2\/pages\/265\/revisions\/270"}],"wp:attachment":[{"href":"https:\/\/myguard.online\/en\/wp-json\/wp\/v2\/media?parent=265"}],"curies":[{"name":"wp","href":"https:\/\/api.w.org\/{rel}","templated":true}]}}