{"id":258,"date":"2025-05-03T19:14:30","date_gmt":"2025-05-03T17:14:30","guid":{"rendered":"http:\/\/myguard.online\/?page_id=258"},"modified":"2025-05-10T10:56:49","modified_gmt":"2025-05-10T08:56:49","slug":"konsumentskydd","status":"publish","type":"page","link":"https:\/\/myguard.online\/en\/konsumentskydd\/","title":{"rendered":"Konsumentskydd"},"content":{"rendered":"<div data-elementor-type=\"wp-page\" data-elementor-id=\"258\" class=\"elementor elementor-258\">\n\t\t\t\t<div class=\"elementor-element elementor-element-3a519a7 e-flex e-con-boxed e-con e-parent\" data-id=\"3a519a7\" data-element_type=\"container\" data-e-type=\"container\">\n\t\t\t\t\t<div class=\"e-con-inner\">\n\t\t\t\t<div class=\"elementor-element elementor-element-8ec0fd6 elementor-widget elementor-widget-heading\" data-id=\"8ec0fd6\" data-element_type=\"widget\" data-e-type=\"widget\" data-widget_type=\"heading.default\">\n\t\t\t\t<div class=\"elementor-widget-container\">\n\t\t\t\t\t<h2 class=\"elementor-heading-title elementor-size-default\">Konsumentskydd<\/h2>\t\t\t\t<\/div>\n\t\t\t\t<\/div>\n\t\t\t\t\t<\/div>\n\t\t\t\t<\/div>\n\t\t<div class=\"elementor-element elementor-element-cf8e925 e-flex e-con-boxed e-con e-parent\" data-id=\"cf8e925\" data-element_type=\"container\" data-e-type=\"container\">\n\t\t\t\t\t<div class=\"e-con-inner\">\n\t\t\t\t<div class=\"elementor-element elementor-element-4183ce2 elementor-widget elementor-widget-text-editor\" data-id=\"4183ce2\" data-element_type=\"widget\" data-e-type=\"widget\" data-widget_type=\"text-editor.default\">\n\t\t\t\t<div class=\"elementor-widget-container\">\n\t\t\t\t\t\t\t\t\t<div>I dagens digitala v\u00e4rld \u00e4r det l\u00e4ttare \u00e4n n\u00e5gonsin f\u00f6r bedragare att lura oskyldiga konsumenter genom n\u00e4tfiske, scam, bedr\u00e4gerier och dropshipping-fasader. Dessa hot kan dyka upp \u00f6verallt och f\u00f6rsvinna lika snabbt som de kom, l\u00e4mnande konsumenter utan pengar och f\u00f6rtroende. Det \u00e4r h\u00e4r MyGuard.online kommer in \u2013 en plattform dedikerad till att skydda dig mot dessa hot och ge dig de verktyg du beh\u00f6ver f\u00f6r att g\u00f6ra s\u00e4kra val online.<\/div>\t\t\t\t\t\t\t\t<\/div>\n\t\t\t\t<\/div>\n\t\t\t\t\t<\/div>\n\t\t\t\t<\/div>\n\t\t<div class=\"elementor-element elementor-element-a02711f e-flex e-con-boxed e-con e-parent\" data-id=\"a02711f\" data-element_type=\"container\" data-e-type=\"container\">\n\t\t\t\t\t<div class=\"e-con-inner\">\n\t\t\t\t<div class=\"elementor-element elementor-element-a86c9bc elementor-widget elementor-widget-heading\" data-id=\"a86c9bc\" data-element_type=\"widget\" data-e-type=\"widget\" data-widget_type=\"heading.default\">\n\t\t\t\t<div class=\"elementor-widget-container\">\n\t\t\t\t\t<h2 class=\"elementor-heading-title elementor-size-default\">V\u00e5r mission<\/h2>\t\t\t\t<\/div>\n\t\t\t\t<\/div>\n\t\t\t\t\t<\/div>\n\t\t\t\t<\/div>\n\t\t<div class=\"elementor-element elementor-element-abbee8f e-flex e-con-boxed e-con e-parent\" data-id=\"abbee8f\" data-element_type=\"container\" data-e-type=\"container\">\n\t\t\t\t\t<div class=\"e-con-inner\">\n\t\t\t\t<div class=\"elementor-element elementor-element-9132f48 elementor-widget elementor-widget-text-editor\" data-id=\"9132f48\" data-element_type=\"widget\" data-e-type=\"widget\" data-widget_type=\"text-editor.default\">\n\t\t\t\t<div class=\"elementor-widget-container\">\n\t\t\t\t\t\t\t\t\t<div>V\u00e5r mission \u00e4r att skapa en s\u00e4krare online-milj\u00f6 genom att identifiera och varna f\u00f6r otillf\u00f6rlitliga webbplatser och f\u00f6retag. Vi str\u00e4var efter att ge konsumenter den information och de verktyg de beh\u00f6ver f\u00f6r att undvika att bli offer f\u00f6r bedr\u00e4gerier, samtidigt som vi arbetar f\u00f6r att h\u00f6ja medvetenheten om dessa hot.<\/div>\t\t\t\t\t\t\t\t<\/div>\n\t\t\t\t<\/div>\n\t\t\t\t<div class=\"elementor-element elementor-element-ad52352 elementor-widget elementor-widget-heading\" data-id=\"ad52352\" data-element_type=\"widget\" data-e-type=\"widget\" data-widget_type=\"heading.default\">\n\t\t\t\t<div class=\"elementor-widget-container\">\n\t\t\t\t\t<h2 class=\"elementor-heading-title elementor-size-default\">Hur vi arbetar<\/h2>\t\t\t\t<\/div>\n\t\t\t\t<\/div>\n\t\t\t\t\t<\/div>\n\t\t\t\t<\/div>\n\t\t<div class=\"elementor-element elementor-element-a4ac824 e-flex e-con-boxed e-con e-parent\" data-id=\"a4ac824\" data-element_type=\"container\" data-e-type=\"container\">\n\t\t\t\t\t<div class=\"e-con-inner\">\n\t\t\t\t<div class=\"elementor-element elementor-element-b675727 elementor-widget elementor-widget-text-editor\" data-id=\"b675727\" data-element_type=\"widget\" data-e-type=\"widget\" data-widget_type=\"text-editor.default\">\n\t\t\t\t<div class=\"elementor-widget-container\">\n\t\t\t\t\t\t\t\t\t<div><ul><li><div class=\"css-146c3p1 r-bcqeeo r-1ttztb7 r-qvutc0 r-37j5jr r-a023e6 r-rjixqe r-16dba41\" dir=\"ltr\"><span class=\"css-1jxf684 r-bcqeeo r-1ttztb7 r-qvutc0 r-poiln3 r-a8ghvy\"><span class=\"css-1jxf684 r-bcqeeo r-1ttztb7 r-qvutc0 r-poiln3\">P\u00e5 MyGuard.online anv\u00e4nder vi avancerad artificiell intelligens genom v\u00e5r propriet\u00e4ra plattform, Eureka Engine, f\u00f6r att kontinuerligt \u00f6vervaka och analysera online-aktiviteter. Denna avancerade teknik \u00e4r utformad f\u00f6r att uppt\u00e4cka komplexa m\u00f6nster och avvikelser som kan indikera bedr\u00e4gligt beteende, s\u00e5som f\u00f6retagsplundringar, skalbolag eller andra konstruktioner som anv\u00e4nds f\u00f6r att d\u00f6lja \u00e4gande och kontroll. <\/span><\/span><\/div><\/li><li><div class=\"css-146c3p1 r-bcqeeo r-1ttztb7 r-qvutc0 r-37j5jr r-a023e6 r-rjixqe r-16dba41\" dir=\"ltr\"><span class=\"css-1jxf684 r-bcqeeo r-1ttztb7 r-qvutc0 r-poiln3 r-a8ghvy\"><span class=\"css-1jxf684 r-bcqeeo r-1ttztb7 r-qvutc0 r-poiln3\">Ut\u00f6ver v\u00e5r AI-drivna analys integrerar vi data fr\u00e5n \u00f6ver 400 svarta och varningslistor, b\u00e5de nationella och internationella, f\u00f6r att s\u00e4kerst\u00e4lla en omfattande t\u00e4ckning av potentiella hot. V\u00e5rt team av experter granskar manuellt anv\u00e4ndarinl\u00e4mnade rapporter f\u00f6r att verifiera informationens korrekthet innan den publiceras p\u00e5 v\u00e5r plattform. <\/span><\/span><\/div><\/li><li><div class=\"css-146c3p1 r-bcqeeo r-1ttztb7 r-qvutc0 r-37j5jr r-a023e6 r-rjixqe r-16dba41\" dir=\"ltr\"><span class=\"css-1jxf684 r-bcqeeo r-1ttztb7 r-qvutc0 r-poiln3 r-a8ghvy\"><span class=\"css-1jxf684 r-bcqeeo r-1ttztb7 r-qvutc0 r-poiln3\">Denna dubbla strategi \u2013 automatiserad AI-analys kombinerad med m\u00e4nsklig granskning \u2013 m\u00f6jligg\u00f6r att vi ger v\u00e5ra anv\u00e4ndare den mest tillf\u00f6rlitliga och uppdaterade informationen, vilket hj\u00e4lper dem att fatta informerade beslut och f\u00f6rbli s\u00e4kra online.<\/span><\/span><\/div><\/li><\/ul><\/div>\t\t\t\t\t\t\t\t<\/div>\n\t\t\t\t<\/div>\n\t\t\t\t<div class=\"elementor-element elementor-element-a90dc97 elementor-widget elementor-widget-heading\" data-id=\"a90dc97\" data-element_type=\"widget\" data-e-type=\"widget\" data-widget_type=\"heading.default\">\n\t\t\t\t<div class=\"elementor-widget-container\">\n\t\t\t\t\t<h2 class=\"elementor-heading-title elementor-size-default\">V\u00e5ra verktyg f\u00f6r konsumenter<\/h2>\t\t\t\t<\/div>\n\t\t\t\t<\/div>\n\t\t\t\t<div class=\"elementor-element elementor-element-72e51ed elementor-widget elementor-widget-text-editor\" data-id=\"72e51ed\" data-element_type=\"widget\" data-e-type=\"widget\" data-widget_type=\"text-editor.default\">\n\t\t\t\t<div class=\"elementor-widget-container\">\n\t\t\t\t\t\t\t\t\t<div><span class=\"css-1jxf684 r-bcqeeo r-1ttztb7 r-qvutc0 r-poiln3 r-a8ghvy\"><span class=\"css-1jxf684 r-bcqeeo r-1ttztb7 r-qvutc0 r-poiln3\">F\u00f6r att g\u00f6ra det s\u00e5 enkelt som m\u00f6jligt f\u00f6r anv\u00e4ndare att skydda sig erbjuder vi ett Chrome-till\u00e4gg som i realtid varnar f\u00f6r otillf\u00f6rlitliga webbplatser (<\/span><\/span><a class=\"css-1jxf684 r-bcqeeo r-1ttztb7 r-qvutc0 r-poiln3 r-1loqt21\" role=\"link\" href=\"https:\/\/chrome.google.com\/webstore\/detail\/myguard\/doakjmkgndbnkohimoehbnoijnbfnfbc?hl=sv\" target=\"_blank\" rel=\"noopener noreferrer nofollow\" data-copy-preserve=\"1\"><span class=\"css-1jxf684 r-bcqeeo r-1ttztb7 r-qvutc0 r-poiln3\">MyGuard &#8211; Chrome Web Store<\/span><\/a><span class=\"css-1jxf684 r-bcqeeo r-1ttztb7 r-qvutc0 r-poiln3 r-a8ghvy\"><span class=\"css-1jxf684 r-bcqeeo r-1ttztb7 r-qvutc0 r-poiln3\">). Dessutom kan du kopiera HTTP-l\u00e4nkar direkt in i v\u00e5r iOS-app f\u00f6r att kontrollera deras s\u00e4kerhet. Vi st\u00f6der ocks\u00e5 &#8217;buycott&#8217;-konceptet, som hj\u00e4lper dig att undvika f\u00f6retag som handlar med Ryssland, och identifierar produkter fr\u00e5n dom som v\u00e4grar att sluta aktivt eller passivt st\u00f6dja Ryssland.<\/span><\/span><\/div>\t\t\t\t\t\t\t\t<\/div>\n\t\t\t\t<\/div>\n\t\t\t\t<div class=\"elementor-element elementor-element-bc9fd2c elementor-widget elementor-widget-heading\" data-id=\"bc9fd2c\" data-element_type=\"widget\" data-e-type=\"widget\" data-widget_type=\"heading.default\">\n\t\t\t\t<div class=\"elementor-widget-container\">\n\t\t\t\t\t<h2 class=\"elementor-heading-title elementor-size-default\">Varf\u00f6r MyGuard?<\/h2>\t\t\t\t<\/div>\n\t\t\t\t<\/div>\n\t\t\t\t<div class=\"elementor-element elementor-element-f6a3d27 elementor-widget elementor-widget-text-editor\" data-id=\"f6a3d27\" data-element_type=\"widget\" data-e-type=\"widget\" data-widget_type=\"text-editor.default\">\n\t\t\t\t<div class=\"elementor-widget-container\">\n\t\t\t\t\t\t\t\t\t<div><ul><li><div class=\"css-146c3p1 r-bcqeeo r-1ttztb7 r-qvutc0 r-37j5jr r-a023e6 r-rjixqe r-16dba41\" dir=\"ltr\"><span class=\"css-1jxf684 r-bcqeeo r-1ttztb7 r-qvutc0 r-poiln3 r-a8ghvy\"><span class=\"css-1jxf684 r-bcqeeo r-1ttztb7 r-qvutc0 r-poiln3\">MyGuard.online \u00e4r dedikerat till att uppr\u00e4tth\u00e5lla de h\u00f6gsta standarderna av professionalism och integritet. V\u00e5rt team best\u00e5r av erfarna it s\u00e4kerhets specialister som \u00e4r engagerade i att bek\u00e4mpa online-bedr\u00e4gerier och skydda konsumenter. Vi \u00e4r \u00f6ppna om v\u00e5ra metoder och k\u00e4llor, vilket s\u00e4kerst\u00e4ller att anv\u00e4ndarna kan lita p\u00e5 den information vi ger. <\/span><\/span><\/div><\/li><li><div class=\"css-146c3p1 r-bcqeeo r-1ttztb7 r-qvutc0 r-37j5jr r-a023e6 r-rjixqe r-16dba41\" dir=\"ltr\"><span class=\"css-1jxf684 r-bcqeeo r-1ttztb7 r-qvutc0 r-poiln3 r-a8ghvy\"><span class=\"css-1jxf684 r-bcqeeo r-1ttztb7 r-qvutc0 r-poiln3\">Vi \u00e4r ocks\u00e5 stolta \u00f6ver att vara en del av ett n\u00e4tverk av internationella partners som delar v\u00e5r mission att skapa en s\u00e4krare online-milj\u00f6. Tillsammans arbetar vi f\u00f6r att ligga steget f\u00f6re nya hot och kontinuerligt f\u00f6rb\u00e4ttra v\u00e5ra tj\u00e4nster.<\/span><\/span><\/div><\/li><\/ul><\/div>\t\t\t\t\t\t\t\t<\/div>\n\t\t\t\t<\/div>\n\t\t\t\t\t<\/div>\n\t\t\t\t<\/div>\n\t\t\t\t<\/div>","protected":false},"excerpt":{"rendered":"<p>Konsumentskydd I dagens digitala v\u00e4rld \u00e4r det l\u00e4ttare \u00e4n n\u00e5gonsin f\u00f6r bedragare att lura oskyldiga konsumenter genom n\u00e4tfiske, scam, bedr\u00e4gerier [&hellip;]<\/p>\n","protected":false},"author":1,"featured_media":0,"parent":0,"menu_order":0,"comment_status":"closed","ping_status":"closed","template":"","meta":{"site-sidebar-layout":"no-sidebar","site-content-layout":"","ast-site-content-layout":"full-width-container","site-content-style":"default","site-sidebar-style":"default","ast-global-header-display":"","ast-banner-title-visibility":"","ast-main-header-display":"","ast-hfb-above-header-display":"","ast-hfb-below-header-display":"","ast-hfb-mobile-header-display":"","site-post-title":"disabled","ast-breadcrumbs-content":"","ast-featured-img":"disabled","footer-sml-layout":"","theme-transparent-header-meta":"","adv-header-id-meta":"","stick-header-meta":"","header-above-stick-meta":"","header-main-stick-meta":"","header-below-stick-meta":"","astra-migrate-meta-layouts":"default","ast-page-background-enabled":"default","ast-page-background-meta":{"desktop":{"background-color":"var(--ast-global-color-5)","background-image":"","background-repeat":"repeat","background-position":"center center","background-size":"auto","background-attachment":"scroll","background-type":"","background-media":"","overlay-type":"","overlay-color":"","overlay-opacity":"","overlay-gradient":""},"tablet":{"background-color":"","background-image":"","background-repeat":"repeat","background-position":"center center","background-size":"auto","background-attachment":"scroll","background-type":"","background-media":"","overlay-type":"","overlay-color":"","overlay-opacity":"","overlay-gradient":""},"mobile":{"background-color":"","background-image":"","background-repeat":"repeat","background-position":"center center","background-size":"auto","background-attachment":"scroll","background-type":"","background-media":"","overlay-type":"","overlay-color":"","overlay-opacity":"","overlay-gradient":""}},"ast-content-background-meta":{"desktop":{"background-color":"var(--ast-global-color-4)","background-image":"","background-repeat":"repeat","background-position":"center center","background-size":"auto","background-attachment":"scroll","background-type":"","background-media":"","overlay-type":"","overlay-color":"","overlay-opacity":"","overlay-gradient":""},"tablet":{"background-color":"var(--ast-global-color-4)","background-image":"","background-repeat":"repeat","background-position":"center center","background-size":"auto","background-attachment":"scroll","background-type":"","background-media":"","overlay-type":"","overlay-color":"","overlay-opacity":"","overlay-gradient":""},"mobile":{"background-color":"var(--ast-global-color-4)","background-image":"","background-repeat":"repeat","background-position":"center center","background-size":"auto","background-attachment":"scroll","background-type":"","background-media":"","overlay-type":"","overlay-color":"","overlay-opacity":"","overlay-gradient":""}},"footnotes":""},"class_list":["post-258","page","type-page","status-publish","hentry"],"yoast_head":"<!-- This site is optimized with the Yoast SEO plugin v27.5 - https:\/\/yoast.com\/product\/yoast-seo-wordpress\/ -->\n<title>Konsumentskydd - D\u00e4r teknologi m\u00f6ter tillit.<\/title>\n<meta name=\"robots\" content=\"index, follow, max-snippet:-1, max-image-preview:large, max-video-preview:-1\" \/>\n<link rel=\"canonical\" href=\"https:\/\/myguard.online\/en\/konsumentskydd\/\" \/>\n<meta property=\"og:locale\" content=\"en_GB\" \/>\n<meta property=\"og:type\" content=\"article\" \/>\n<meta property=\"og:title\" content=\"Konsumentskydd - D\u00e4r teknologi m\u00f6ter tillit.\" \/>\n<meta property=\"og:description\" content=\"Konsumentskydd I dagens digitala v\u00e4rld \u00e4r det l\u00e4ttare \u00e4n n\u00e5gonsin f\u00f6r bedragare att lura oskyldiga konsumenter genom n\u00e4tfiske, scam, bedr\u00e4gerier [&hellip;]\" \/>\n<meta property=\"og:url\" content=\"https:\/\/myguard.online\/en\/konsumentskydd\/\" \/>\n<meta property=\"og:site_name\" content=\"D\u00e4r teknologi m\u00f6ter tillit.\" \/>\n<meta property=\"article:publisher\" content=\"https:\/\/www.facebook.com\/myguard.online\" \/>\n<meta property=\"article:modified_time\" content=\"2025-05-10T08:56:49+00:00\" \/>\n<meta name=\"twitter:card\" content=\"summary_large_image\" \/>\n<meta name=\"twitter:site\" content=\"@MyGuard_Online\" \/>\n<meta name=\"twitter:label1\" content=\"Estimated reading time\" \/>\n\t<meta name=\"twitter:data1\" content=\"3 minutes\" \/>\n<script type=\"application\/ld+json\" class=\"yoast-schema-graph\">{\"@context\":\"https:\\\/\\\/schema.org\",\"@graph\":[{\"@type\":\"WebPage\",\"@id\":\"https:\\\/\\\/myguard.online\\\/konsumentskydd\\\/\",\"url\":\"https:\\\/\\\/myguard.online\\\/konsumentskydd\\\/\",\"name\":\"Konsumentskydd - D\u00e4r teknologi m\u00f6ter tillit.\",\"isPartOf\":{\"@id\":\"https:\\\/\\\/myguard.online\\\/#website\"},\"datePublished\":\"2025-05-03T17:14:30+00:00\",\"dateModified\":\"2025-05-10T08:56:49+00:00\",\"breadcrumb\":{\"@id\":\"https:\\\/\\\/myguard.online\\\/konsumentskydd\\\/#breadcrumb\"},\"inLanguage\":\"en-GB\",\"potentialAction\":[{\"@type\":\"ReadAction\",\"target\":[\"https:\\\/\\\/myguard.online\\\/konsumentskydd\\\/\"]}]},{\"@type\":\"BreadcrumbList\",\"@id\":\"https:\\\/\\\/myguard.online\\\/konsumentskydd\\\/#breadcrumb\",\"itemListElement\":[{\"@type\":\"ListItem\",\"position\":1,\"name\":\"Hem\",\"item\":\"https:\\\/\\\/myguard.online\\\/\"},{\"@type\":\"ListItem\",\"position\":2,\"name\":\"Konsumentskydd\"}]},{\"@type\":\"WebSite\",\"@id\":\"https:\\\/\\\/myguard.online\\\/#website\",\"url\":\"https:\\\/\\\/myguard.online\\\/\",\"name\":\"D\u00e4r teknologi m\u00f6ter tillit.\",\"description\":\"D\u00e4r teknologi m\u00f6ter tillit.\",\"publisher\":{\"@id\":\"https:\\\/\\\/myguard.online\\\/#organization\"},\"potentialAction\":[{\"@type\":\"SearchAction\",\"target\":{\"@type\":\"EntryPoint\",\"urlTemplate\":\"https:\\\/\\\/myguard.online\\\/?s={search_term_string}\"},\"query-input\":{\"@type\":\"PropertyValueSpecification\",\"valueRequired\":true,\"valueName\":\"search_term_string\"}}],\"inLanguage\":\"en-GB\"},{\"@type\":\"Organization\",\"@id\":\"https:\\\/\\\/myguard.online\\\/#organization\",\"name\":\"MyGuard.online\",\"url\":\"https:\\\/\\\/myguard.online\\\/\",\"logo\":{\"@type\":\"ImageObject\",\"inLanguage\":\"en-GB\",\"@id\":\"https:\\\/\\\/myguard.online\\\/#\\\/schema\\\/logo\\\/image\\\/\",\"url\":\"https:\\\/\\\/myguard.online\\\/wp-content\\\/uploads\\\/2025\\\/05\\\/myguard_logo_01-removebg-preview-_5_.svg\",\"contentUrl\":\"https:\\\/\\\/myguard.online\\\/wp-content\\\/uploads\\\/2025\\\/05\\\/myguard_logo_01-removebg-preview-_5_.svg\",\"width\":633,\"height\":195,\"caption\":\"MyGuard.online\"},\"image\":{\"@id\":\"https:\\\/\\\/myguard.online\\\/#\\\/schema\\\/logo\\\/image\\\/\"},\"sameAs\":[\"https:\\\/\\\/www.facebook.com\\\/myguard.online\",\"https:\\\/\\\/x.com\\\/MyGuard_Online\",\"https:\\\/\\\/bsky.app\\\/profile\\\/myguard.online\"]}]}<\/script>\n<!-- \/ Yoast SEO plugin. -->","yoast_head_json":{"title":"Konsumentskydd - D\u00e4r teknologi m\u00f6ter tillit.","robots":{"index":"index","follow":"follow","max-snippet":"max-snippet:-1","max-image-preview":"max-image-preview:large","max-video-preview":"max-video-preview:-1"},"canonical":"https:\/\/myguard.online\/en\/konsumentskydd\/","og_locale":"en_GB","og_type":"article","og_title":"Konsumentskydd - D\u00e4r teknologi m\u00f6ter tillit.","og_description":"Konsumentskydd I dagens digitala v\u00e4rld \u00e4r det l\u00e4ttare \u00e4n n\u00e5gonsin f\u00f6r bedragare att lura oskyldiga konsumenter genom n\u00e4tfiske, scam, bedr\u00e4gerier [&hellip;]","og_url":"https:\/\/myguard.online\/en\/konsumentskydd\/","og_site_name":"D\u00e4r teknologi m\u00f6ter tillit.","article_publisher":"https:\/\/www.facebook.com\/myguard.online","article_modified_time":"2025-05-10T08:56:49+00:00","twitter_card":"summary_large_image","twitter_site":"@MyGuard_Online","twitter_misc":{"Estimated reading time":"3 minutes"},"schema":{"@context":"https:\/\/schema.org","@graph":[{"@type":"WebPage","@id":"https:\/\/myguard.online\/konsumentskydd\/","url":"https:\/\/myguard.online\/konsumentskydd\/","name":"Konsumentskydd - D\u00e4r teknologi m\u00f6ter tillit.","isPartOf":{"@id":"https:\/\/myguard.online\/#website"},"datePublished":"2025-05-03T17:14:30+00:00","dateModified":"2025-05-10T08:56:49+00:00","breadcrumb":{"@id":"https:\/\/myguard.online\/konsumentskydd\/#breadcrumb"},"inLanguage":"en-GB","potentialAction":[{"@type":"ReadAction","target":["https:\/\/myguard.online\/konsumentskydd\/"]}]},{"@type":"BreadcrumbList","@id":"https:\/\/myguard.online\/konsumentskydd\/#breadcrumb","itemListElement":[{"@type":"ListItem","position":1,"name":"Hem","item":"https:\/\/myguard.online\/"},{"@type":"ListItem","position":2,"name":"Konsumentskydd"}]},{"@type":"WebSite","@id":"https:\/\/myguard.online\/#website","url":"https:\/\/myguard.online\/","name":"D\u00e4r teknologi m\u00f6ter tillit.","description":"D\u00e4r teknologi m\u00f6ter tillit.","publisher":{"@id":"https:\/\/myguard.online\/#organization"},"potentialAction":[{"@type":"SearchAction","target":{"@type":"EntryPoint","urlTemplate":"https:\/\/myguard.online\/?s={search_term_string}"},"query-input":{"@type":"PropertyValueSpecification","valueRequired":true,"valueName":"search_term_string"}}],"inLanguage":"en-GB"},{"@type":"Organization","@id":"https:\/\/myguard.online\/#organization","name":"MyGuard.online","url":"https:\/\/myguard.online\/","logo":{"@type":"ImageObject","inLanguage":"en-GB","@id":"https:\/\/myguard.online\/#\/schema\/logo\/image\/","url":"https:\/\/myguard.online\/wp-content\/uploads\/2025\/05\/myguard_logo_01-removebg-preview-_5_.svg","contentUrl":"https:\/\/myguard.online\/wp-content\/uploads\/2025\/05\/myguard_logo_01-removebg-preview-_5_.svg","width":633,"height":195,"caption":"MyGuard.online"},"image":{"@id":"https:\/\/myguard.online\/#\/schema\/logo\/image\/"},"sameAs":["https:\/\/www.facebook.com\/myguard.online","https:\/\/x.com\/MyGuard_Online","https:\/\/bsky.app\/profile\/myguard.online"]}]}},"_links":{"self":[{"href":"https:\/\/myguard.online\/en\/wp-json\/wp\/v2\/pages\/258","targetHints":{"allow":["GET"]}}],"collection":[{"href":"https:\/\/myguard.online\/en\/wp-json\/wp\/v2\/pages"}],"about":[{"href":"https:\/\/myguard.online\/en\/wp-json\/wp\/v2\/types\/page"}],"author":[{"embeddable":true,"href":"https:\/\/myguard.online\/en\/wp-json\/wp\/v2\/users\/1"}],"replies":[{"embeddable":true,"href":"https:\/\/myguard.online\/en\/wp-json\/wp\/v2\/comments?post=258"}],"version-history":[{"count":7,"href":"https:\/\/myguard.online\/en\/wp-json\/wp\/v2\/pages\/258\/revisions"}],"predecessor-version":[{"id":482,"href":"https:\/\/myguard.online\/en\/wp-json\/wp\/v2\/pages\/258\/revisions\/482"}],"wp:attachment":[{"href":"https:\/\/myguard.online\/en\/wp-json\/wp\/v2\/media?parent=258"}],"curies":[{"name":"wp","href":"https:\/\/api.w.org\/{rel}","templated":true}]}}